{"id":14214,"date":"2026-02-16T10:47:55","date_gmt":"2026-02-16T10:47:55","guid":{"rendered":"https:\/\/objektmoebel-mirplay.de\/?post_type=product&#038;p=14214"},"modified":"2026-02-16T13:32:32","modified_gmt":"2026-02-16T13:32:32","slug":"wandhaken-fuer-5-ztools","status":"publish","type":"product","link":"https:\/\/objektmoebel-mirplay.de\/de\/product\/wandhaken-fuer-5-ztools\/","title":{"rendered":"Wandhaken f\u00fcr bis zu 5 Ztools"},"content":{"rendered":"<p>Ma\u00dfe B\/H\/T: ca. 25 x 23 x 1,6 cm<\/p>\n","protected":false},"excerpt":{"rendered":"<p>Metallhaken f\u00fcr massive W\u00e4nden zur Aufh\u00e4ngung von bis zu 5 Ztools.<\/p>\n<p>Bitte pr\u00fcfen Sie vorher, ob Ihre Wand daf\u00fcr geeignet ist.<\/p>\n<p>&nbsp;<\/p>\n<p>Der Haken ist mit einer Polsterung ausgestattet, die die Ztools zuverl\u00e4ssig vor Besch\u00e4digungen sch\u00fctzt.<\/p>\n<p>Dank der nach vorne abgerundeten Form bleiben die Ztools sicher in der Halterung und k\u00f6nnen nicht herausrutschen \u2013 gleichzeitig wird das Verletzungsrisiko im Klassenraum reduziert.<\/p>\n","protected":false},"featured_media":14218,"template":"","meta":[],"product_brand":[],"product_cat":[250],"product_tag":[],"class_list":{"0":"post-14214","1":"product","2":"type-product","3":"status-publish","4":"has-post-thumbnail","6":"product_cat-complements","8":"first","9":"instock","10":"shipping-taxable","11":"product-type-simple"},"yoast_head":"<!-- This site is optimized with the Yoast SEO plugin v27.4 - https:\/\/yoast.com\/product\/yoast-seo-wordpress\/ -->\n<title>Wandhaken f\u00fcr bis zu 5 Ztools - Mirplay School<\/title>\n<meta name=\"description\" content=\"Wandhaken zur platzsparenden Aufh\u00e4ngung von bis zu 5 Ztools.\" \/>\n<meta name=\"robots\" content=\"index, follow, max-snippet:-1, max-image-preview:large, max-video-preview:-1\" \/>\n<link rel=\"canonical\" href=\"https:\/\/objektmoebel-mirplay.de\/de\/product\/wandhaken-fuer-5-ztools\/\" \/>\n<meta property=\"og:locale\" content=\"de_DE\" \/>\n<meta property=\"og:type\" content=\"article\" \/>\n<meta property=\"og:title\" content=\"Wandhaken f\u00fcr bis zu 5 Ztools - Mirplay School\" \/>\n<meta property=\"og:description\" content=\"Wandhaken zur platzsparenden Aufh\u00e4ngung von bis zu 5 Ztools.\" \/>\n<meta property=\"og:url\" content=\"https:\/\/objektmoebel-mirplay.de\/de\/product\/wandhaken-fuer-5-ztools\/\" \/>\n<meta property=\"og:site_name\" content=\"Mirplay School\" \/>\n<meta property=\"article:modified_time\" content=\"2026-02-16T13:32:32+00:00\" \/>\n<meta property=\"og:image\" content=\"https:\/\/objektmoebel-mirplay.de\/wp-content\/uploads\/2026\/02\/Wandhaken-2.png\" \/>\n\t<meta property=\"og:image:width\" content=\"864\" \/>\n\t<meta property=\"og:image:height\" content=\"1184\" \/>\n\t<meta property=\"og:image:type\" content=\"image\/png\" \/>\n<meta name=\"twitter:card\" content=\"summary_large_image\" \/>\n<meta name=\"twitter:label1\" content=\"Gesch\u00e4tzte Lesezeit\" \/>\n\t<meta name=\"twitter:data1\" content=\"1\u00a0Minute\" \/>\n<script type=\"application\/ld+json\" class=\"yoast-schema-graph\">{\"@context\":\"https:\\\/\\\/schema.org\",\"@graph\":[{\"@type\":\"WebPage\",\"@id\":\"https:\\\/\\\/objektmoebel-mirplay.de\\\/de\\\/product\\\/wandhaken-fuer-5-ztools\\\/\",\"url\":\"https:\\\/\\\/objektmoebel-mirplay.de\\\/de\\\/product\\\/wandhaken-fuer-5-ztools\\\/\",\"name\":\"Wandhaken f\u00fcr bis zu 5 Ztools - Mirplay School\",\"isPartOf\":{\"@id\":\"https:\\\/\\\/objektmoebel-mirplay.de\\\/de\\\/#website\"},\"primaryImageOfPage\":{\"@id\":\"https:\\\/\\\/objektmoebel-mirplay.de\\\/de\\\/product\\\/wandhaken-fuer-5-ztools\\\/#primaryimage\"},\"image\":{\"@id\":\"https:\\\/\\\/objektmoebel-mirplay.de\\\/de\\\/product\\\/wandhaken-fuer-5-ztools\\\/#primaryimage\"},\"thumbnailUrl\":\"https:\\\/\\\/objektmoebel-mirplay.de\\\/wp-content\\\/uploads\\\/2026\\\/02\\\/Wandhaken-2.png\",\"datePublished\":\"2026-02-16T10:47:55+00:00\",\"dateModified\":\"2026-02-16T13:32:32+00:00\",\"description\":\"Wandhaken zur platzsparenden Aufh\u00e4ngung von bis zu 5 Ztools.\",\"breadcrumb\":{\"@id\":\"https:\\\/\\\/objektmoebel-mirplay.de\\\/de\\\/product\\\/wandhaken-fuer-5-ztools\\\/#breadcrumb\"},\"inLanguage\":\"de\",\"potentialAction\":[{\"@type\":\"ReadAction\",\"target\":[\"https:\\\/\\\/objektmoebel-mirplay.de\\\/de\\\/product\\\/wandhaken-fuer-5-ztools\\\/\"]}]},{\"@type\":\"ImageObject\",\"inLanguage\":\"de\",\"@id\":\"https:\\\/\\\/objektmoebel-mirplay.de\\\/de\\\/product\\\/wandhaken-fuer-5-ztools\\\/#primaryimage\",\"url\":\"https:\\\/\\\/objektmoebel-mirplay.de\\\/wp-content\\\/uploads\\\/2026\\\/02\\\/Wandhaken-2.png\",\"contentUrl\":\"https:\\\/\\\/objektmoebel-mirplay.de\\\/wp-content\\\/uploads\\\/2026\\\/02\\\/Wandhaken-2.png\",\"width\":864,\"height\":1184},{\"@type\":\"BreadcrumbList\",\"@id\":\"https:\\\/\\\/objektmoebel-mirplay.de\\\/de\\\/product\\\/wandhaken-fuer-5-ztools\\\/#breadcrumb\",\"itemListElement\":[{\"@type\":\"ListItem\",\"position\":1,\"name\":\"Portada\",\"item\":\"https:\\\/\\\/objektmoebel-mirplay.de\\\/de\\\/ca\\\/\"},{\"@type\":\"ListItem\",\"position\":2,\"name\":\"Shop\",\"item\":\"https:\\\/\\\/objektmoebel-mirplay.de\\\/en\\\/?page_id=5781\"},{\"@type\":\"ListItem\",\"position\":3,\"name\":\"Wandhaken f\u00fcr bis zu 5 Ztools\"}]},{\"@type\":\"WebSite\",\"@id\":\"https:\\\/\\\/objektmoebel-mirplay.de\\\/de\\\/#website\",\"url\":\"https:\\\/\\\/objektmoebel-mirplay.de\\\/de\\\/\",\"name\":\"Mirplay School\",\"description\":\"Muebles y Equipamiento para Peluquer\u00edas y Barber\u00edas.\",\"publisher\":{\"@id\":\"https:\\\/\\\/objektmoebel-mirplay.de\\\/de\\\/#organization\"},\"potentialAction\":[{\"@type\":\"SearchAction\",\"target\":{\"@type\":\"EntryPoint\",\"urlTemplate\":\"https:\\\/\\\/objektmoebel-mirplay.de\\\/de\\\/?s={search_term_string}\"},\"query-input\":{\"@type\":\"PropertyValueSpecification\",\"valueRequired\":true,\"valueName\":\"search_term_string\"}}],\"inLanguage\":\"de\"},{\"@type\":\"Organization\",\"@id\":\"https:\\\/\\\/objektmoebel-mirplay.de\\\/de\\\/#organization\",\"name\":\"Mirplay Salon\",\"url\":\"https:\\\/\\\/objektmoebel-mirplay.de\\\/de\\\/\",\"logo\":{\"@type\":\"ImageObject\",\"inLanguage\":\"de\",\"@id\":\"https:\\\/\\\/objektmoebel-mirplay.de\\\/de\\\/#\\\/schema\\\/logo\\\/image\\\/\",\"url\":\"https:\\\/\\\/objektmoebel-mirplay.de\\\/wp-content\\\/uploads\\\/2022\\\/05\\\/cropped-MIRPLAY.SALONlogoM.17-01-2.jpg\",\"contentUrl\":\"https:\\\/\\\/objektmoebel-mirplay.de\\\/wp-content\\\/uploads\\\/2022\\\/05\\\/cropped-MIRPLAY.SALONlogoM.17-01-2.jpg\",\"width\":512,\"height\":512,\"caption\":\"Mirplay Salon\"},\"image\":{\"@id\":\"https:\\\/\\\/objektmoebel-mirplay.de\\\/de\\\/#\\\/schema\\\/logo\\\/image\\\/\"}}]}<\/script>\n<!-- \/ Yoast SEO plugin. -->","yoast_head_json":{"title":"Wandhaken f\u00fcr bis zu 5 Ztools - Mirplay School","description":"Wandhaken zur platzsparenden Aufh\u00e4ngung von bis zu 5 Ztools.","robots":{"index":"index","follow":"follow","max-snippet":"max-snippet:-1","max-image-preview":"max-image-preview:large","max-video-preview":"max-video-preview:-1"},"canonical":"https:\/\/objektmoebel-mirplay.de\/de\/product\/wandhaken-fuer-5-ztools\/","og_locale":"de_DE","og_type":"article","og_title":"Wandhaken f\u00fcr bis zu 5 Ztools - Mirplay School","og_description":"Wandhaken zur platzsparenden Aufh\u00e4ngung von bis zu 5 Ztools.","og_url":"https:\/\/objektmoebel-mirplay.de\/de\/product\/wandhaken-fuer-5-ztools\/","og_site_name":"Mirplay School","article_modified_time":"2026-02-16T13:32:32+00:00","og_image":[{"width":864,"height":1184,"url":"https:\/\/objektmoebel-mirplay.de\/wp-content\/uploads\/2026\/02\/Wandhaken-2.png","type":"image\/png"}],"twitter_card":"summary_large_image","twitter_misc":{"Gesch\u00e4tzte Lesezeit":"1\u00a0Minute"},"schema":{"@context":"https:\/\/schema.org","@graph":[{"@type":"WebPage","@id":"https:\/\/objektmoebel-mirplay.de\/de\/product\/wandhaken-fuer-5-ztools\/","url":"https:\/\/objektmoebel-mirplay.de\/de\/product\/wandhaken-fuer-5-ztools\/","name":"Wandhaken f\u00fcr bis zu 5 Ztools - Mirplay School","isPartOf":{"@id":"https:\/\/objektmoebel-mirplay.de\/de\/#website"},"primaryImageOfPage":{"@id":"https:\/\/objektmoebel-mirplay.de\/de\/product\/wandhaken-fuer-5-ztools\/#primaryimage"},"image":{"@id":"https:\/\/objektmoebel-mirplay.de\/de\/product\/wandhaken-fuer-5-ztools\/#primaryimage"},"thumbnailUrl":"https:\/\/objektmoebel-mirplay.de\/wp-content\/uploads\/2026\/02\/Wandhaken-2.png","datePublished":"2026-02-16T10:47:55+00:00","dateModified":"2026-02-16T13:32:32+00:00","description":"Wandhaken zur platzsparenden Aufh\u00e4ngung von bis zu 5 Ztools.","breadcrumb":{"@id":"https:\/\/objektmoebel-mirplay.de\/de\/product\/wandhaken-fuer-5-ztools\/#breadcrumb"},"inLanguage":"de","potentialAction":[{"@type":"ReadAction","target":["https:\/\/objektmoebel-mirplay.de\/de\/product\/wandhaken-fuer-5-ztools\/"]}]},{"@type":"ImageObject","inLanguage":"de","@id":"https:\/\/objektmoebel-mirplay.de\/de\/product\/wandhaken-fuer-5-ztools\/#primaryimage","url":"https:\/\/objektmoebel-mirplay.de\/wp-content\/uploads\/2026\/02\/Wandhaken-2.png","contentUrl":"https:\/\/objektmoebel-mirplay.de\/wp-content\/uploads\/2026\/02\/Wandhaken-2.png","width":864,"height":1184},{"@type":"BreadcrumbList","@id":"https:\/\/objektmoebel-mirplay.de\/de\/product\/wandhaken-fuer-5-ztools\/#breadcrumb","itemListElement":[{"@type":"ListItem","position":1,"name":"Portada","item":"https:\/\/objektmoebel-mirplay.de\/de\/ca\/"},{"@type":"ListItem","position":2,"name":"Shop","item":"https:\/\/objektmoebel-mirplay.de\/en\/?page_id=5781"},{"@type":"ListItem","position":3,"name":"Wandhaken f\u00fcr bis zu 5 Ztools"}]},{"@type":"WebSite","@id":"https:\/\/objektmoebel-mirplay.de\/de\/#website","url":"https:\/\/objektmoebel-mirplay.de\/de\/","name":"Mirplay School","description":"Muebles y Equipamiento para Peluquer\u00edas y Barber\u00edas.","publisher":{"@id":"https:\/\/objektmoebel-mirplay.de\/de\/#organization"},"potentialAction":[{"@type":"SearchAction","target":{"@type":"EntryPoint","urlTemplate":"https:\/\/objektmoebel-mirplay.de\/de\/?s={search_term_string}"},"query-input":{"@type":"PropertyValueSpecification","valueRequired":true,"valueName":"search_term_string"}}],"inLanguage":"de"},{"@type":"Organization","@id":"https:\/\/objektmoebel-mirplay.de\/de\/#organization","name":"Mirplay Salon","url":"https:\/\/objektmoebel-mirplay.de\/de\/","logo":{"@type":"ImageObject","inLanguage":"de","@id":"https:\/\/objektmoebel-mirplay.de\/de\/#\/schema\/logo\/image\/","url":"https:\/\/objektmoebel-mirplay.de\/wp-content\/uploads\/2022\/05\/cropped-MIRPLAY.SALONlogoM.17-01-2.jpg","contentUrl":"https:\/\/objektmoebel-mirplay.de\/wp-content\/uploads\/2022\/05\/cropped-MIRPLAY.SALONlogoM.17-01-2.jpg","width":512,"height":512,"caption":"Mirplay Salon"},"image":{"@id":"https:\/\/objektmoebel-mirplay.de\/de\/#\/schema\/logo\/image\/"}}]}},"_links":{"self":[{"href":"https:\/\/objektmoebel-mirplay.de\/de\/wp-json\/wp\/v2\/product\/14214","targetHints":{"allow":["GET"]}}],"collection":[{"href":"https:\/\/objektmoebel-mirplay.de\/de\/wp-json\/wp\/v2\/product"}],"about":[{"href":"https:\/\/objektmoebel-mirplay.de\/de\/wp-json\/wp\/v2\/types\/product"}],"wp:featuredmedia":[{"embeddable":true,"href":"https:\/\/objektmoebel-mirplay.de\/de\/wp-json\/wp\/v2\/media\/14218"}],"wp:attachment":[{"href":"https:\/\/objektmoebel-mirplay.de\/de\/wp-json\/wp\/v2\/media?parent=14214"}],"wp:term":[{"taxonomy":"product_brand","embeddable":true,"href":"https:\/\/objektmoebel-mirplay.de\/de\/wp-json\/wp\/v2\/product_brand?post=14214"},{"taxonomy":"product_cat","embeddable":true,"href":"https:\/\/objektmoebel-mirplay.de\/de\/wp-json\/wp\/v2\/product_cat?post=14214"},{"taxonomy":"product_tag","embeddable":true,"href":"https:\/\/objektmoebel-mirplay.de\/de\/wp-json\/wp\/v2\/product_tag?post=14214"}],"curies":[{"name":"wp","href":"https:\/\/api.w.org\/{rel}","templated":true}]}}