{"id":14124,"date":"2025-12-17T10:03:36","date_gmt":"2025-12-17T10:03:36","guid":{"rendered":"https:\/\/objektmoebel-mirplay.de\/?post_type=product&#038;p=14124"},"modified":"2025-12-17T10:08:50","modified_gmt":"2025-12-17T10:08:50","slug":"blair-flache-boxen","status":"publish","type":"product","link":"https:\/\/objektmoebel-mirplay.de\/de\/product\/blair-flache-boxen\/","title":{"rendered":"Blair flache Boxen"},"content":{"rendered":"","protected":false},"excerpt":{"rendered":"<p data-start=\"47\" data-end=\"92\"><strong data-start=\"72\" data-end=\"92\">Artikel 633-502<\/strong><\/p>\n<p data-start=\"94\" data-end=\"305\">Schulschrank aus Holz mit einer H\u00f6he von 120 cm, ausgestattet mit zwei Bereichen mit flachen Aufbewahrungsboxen sowie einem Bereich mit Regalb\u00f6den. Ideal zur Ausstattung von Klassenr\u00e4umen f\u00fcr kooperatives Lernen.<\/p>\n<ul data-start=\"307\" data-end=\"531\" data-is-last-node=\"\" data-is-only-node=\"\">\n<li data-start=\"307\" data-end=\"358\">\n<p data-start=\"309\" data-end=\"358\">22 flachen Aufbewahrungsboxen in vier Farben erh\u00e4ltlich<\/p>\n<\/li>\n<li data-start=\"359\" data-end=\"425\">\n<p data-start=\"361\" data-end=\"425\">Inklusive 4 Stellf\u00fc\u00dfen zum Ausgleich kleiner Bodenunebenheiten<\/p>\n<\/li>\n<li data-start=\"426\" data-end=\"531\" data-is-last-node=\"\">\n<p data-start=\"428\" data-end=\"531\" data-is-last-node=\"\">Verwendung von Beschl\u00e4gen mit aktiver Sicherheitsfunktion, um Manipulationen durch Kinder zu verhindern<\/p>\n<\/li>\n<li data-start=\"426\" data-end=\"531\" data-is-last-node=\"\">Dekor: Ahorn hell<\/li>\n<\/ul>\n<p><a href=\"https:\/\/www.dropbox.com\/scl\/fi\/xahhs2j7xs2z96ap1yyxf\/BLAIR_Datenblatt.pdf?rlkey=wgwgpjzf7wcqeql69366r95od&amp;st=jwsuian1&amp;dl=0\">Datenblatt<\/a><\/p>\n","protected":false},"featured_media":14129,"template":"","meta":[],"product_brand":[],"product_cat":[254],"product_tag":[],"class_list":{"0":"post-14124","1":"product","2":"type-product","3":"status-publish","4":"has-post-thumbnail","6":"product_cat-cabinets","8":"first","9":"instock","10":"shipping-taxable","11":"product-type-simple"},"yoast_head":"<!-- This site is optimized with the Yoast SEO plugin v27.6 - https:\/\/yoast.com\/product\/yoast-seo-wordpress\/ -->\n<title>\u1405 Materialcontainer Blair<\/title>\n<meta name=\"description\" content=\"Materialcontainer aus Holz mit 22 flache Boxen. H\u00f6he: 120 cm\" \/>\n<meta name=\"robots\" content=\"index, follow, max-snippet:-1, max-image-preview:large, max-video-preview:-1\" \/>\n<link rel=\"canonical\" href=\"https:\/\/objektmoebel-mirplay.de\/de\/product\/blair-flache-boxen\/\" \/>\n<meta property=\"og:locale\" content=\"de_DE\" \/>\n<meta property=\"og:type\" content=\"article\" \/>\n<meta property=\"og:title\" content=\"\u1405 Materialcontainer Blair\" \/>\n<meta property=\"og:description\" content=\"Materialcontainer aus Holz mit 22 flache Boxen. H\u00f6he: 120 cm\" \/>\n<meta property=\"og:url\" content=\"https:\/\/objektmoebel-mirplay.de\/de\/product\/blair-flache-boxen\/\" \/>\n<meta property=\"og:site_name\" content=\"Mirplay School\" \/>\n<meta property=\"article:modified_time\" content=\"2025-12-17T10:08:50+00:00\" \/>\n<meta property=\"og:image\" content=\"https:\/\/objektmoebel-mirplay.de\/wp-content\/uploads\/2025\/12\/04-BLAIR-SMALL_TRAY-154_120-PR-012-1024x1024.png\" \/>\n\t<meta property=\"og:image:width\" content=\"1024\" \/>\n\t<meta property=\"og:image:height\" content=\"1024\" \/>\n\t<meta property=\"og:image:type\" content=\"image\/png\" \/>\n<meta name=\"twitter:card\" content=\"summary_large_image\" \/>\n<meta name=\"twitter:label1\" content=\"Gesch\u00e4tzte Lesezeit\" \/>\n\t<meta name=\"twitter:data1\" content=\"1\u00a0Minute\" \/>\n<script type=\"application\/ld+json\" class=\"yoast-schema-graph\">{\"@context\":\"https:\\\/\\\/schema.org\",\"@graph\":[{\"@type\":\"WebPage\",\"@id\":\"https:\\\/\\\/objektmoebel-mirplay.de\\\/de\\\/product\\\/blair-flache-boxen\\\/\",\"url\":\"https:\\\/\\\/objektmoebel-mirplay.de\\\/de\\\/product\\\/blair-flache-boxen\\\/\",\"name\":\"\u1405 Materialcontainer Blair\",\"isPartOf\":{\"@id\":\"https:\\\/\\\/objektmoebel-mirplay.de\\\/de\\\/#website\"},\"primaryImageOfPage\":{\"@id\":\"https:\\\/\\\/objektmoebel-mirplay.de\\\/de\\\/product\\\/blair-flache-boxen\\\/#primaryimage\"},\"image\":{\"@id\":\"https:\\\/\\\/objektmoebel-mirplay.de\\\/de\\\/product\\\/blair-flache-boxen\\\/#primaryimage\"},\"thumbnailUrl\":\"https:\\\/\\\/objektmoebel-mirplay.de\\\/wp-content\\\/uploads\\\/2025\\\/12\\\/04-BLAIR-SMALL_TRAY-154_120-PR-012-scaled.png\",\"datePublished\":\"2025-12-17T10:03:36+00:00\",\"dateModified\":\"2025-12-17T10:08:50+00:00\",\"description\":\"Materialcontainer aus Holz mit 22 flache Boxen. H\u00f6he: 120 cm\",\"breadcrumb\":{\"@id\":\"https:\\\/\\\/objektmoebel-mirplay.de\\\/de\\\/product\\\/blair-flache-boxen\\\/#breadcrumb\"},\"inLanguage\":\"de\",\"potentialAction\":[{\"@type\":\"ReadAction\",\"target\":[\"https:\\\/\\\/objektmoebel-mirplay.de\\\/de\\\/product\\\/blair-flache-boxen\\\/\"]}]},{\"@type\":\"ImageObject\",\"inLanguage\":\"de\",\"@id\":\"https:\\\/\\\/objektmoebel-mirplay.de\\\/de\\\/product\\\/blair-flache-boxen\\\/#primaryimage\",\"url\":\"https:\\\/\\\/objektmoebel-mirplay.de\\\/wp-content\\\/uploads\\\/2025\\\/12\\\/04-BLAIR-SMALL_TRAY-154_120-PR-012-scaled.png\",\"contentUrl\":\"https:\\\/\\\/objektmoebel-mirplay.de\\\/wp-content\\\/uploads\\\/2025\\\/12\\\/04-BLAIR-SMALL_TRAY-154_120-PR-012-scaled.png\",\"width\":2560,\"height\":2560},{\"@type\":\"BreadcrumbList\",\"@id\":\"https:\\\/\\\/objektmoebel-mirplay.de\\\/de\\\/product\\\/blair-flache-boxen\\\/#breadcrumb\",\"itemListElement\":[{\"@type\":\"ListItem\",\"position\":1,\"name\":\"Portada\",\"item\":\"https:\\\/\\\/objektmoebel-mirplay.de\\\/de\\\/ca\\\/\"},{\"@type\":\"ListItem\",\"position\":2,\"name\":\"Shop\",\"item\":\"https:\\\/\\\/objektmoebel-mirplay.de\\\/en\\\/?page_id=5781\"},{\"@type\":\"ListItem\",\"position\":3,\"name\":\"Blair flache Boxen\"}]},{\"@type\":\"WebSite\",\"@id\":\"https:\\\/\\\/objektmoebel-mirplay.de\\\/de\\\/#website\",\"url\":\"https:\\\/\\\/objektmoebel-mirplay.de\\\/de\\\/\",\"name\":\"Mirplay School\",\"description\":\"Muebles y Equipamiento para Peluquer\u00edas y Barber\u00edas.\",\"publisher\":{\"@id\":\"https:\\\/\\\/objektmoebel-mirplay.de\\\/de\\\/#organization\"},\"potentialAction\":[{\"@type\":\"SearchAction\",\"target\":{\"@type\":\"EntryPoint\",\"urlTemplate\":\"https:\\\/\\\/objektmoebel-mirplay.de\\\/de\\\/?s={search_term_string}\"},\"query-input\":{\"@type\":\"PropertyValueSpecification\",\"valueRequired\":true,\"valueName\":\"search_term_string\"}}],\"inLanguage\":\"de\"},{\"@type\":\"Organization\",\"@id\":\"https:\\\/\\\/objektmoebel-mirplay.de\\\/de\\\/#organization\",\"name\":\"Mirplay Salon\",\"url\":\"https:\\\/\\\/objektmoebel-mirplay.de\\\/de\\\/\",\"logo\":{\"@type\":\"ImageObject\",\"inLanguage\":\"de\",\"@id\":\"https:\\\/\\\/objektmoebel-mirplay.de\\\/de\\\/#\\\/schema\\\/logo\\\/image\\\/\",\"url\":\"https:\\\/\\\/objektmoebel-mirplay.de\\\/wp-content\\\/uploads\\\/2022\\\/05\\\/cropped-MIRPLAY.SALONlogoM.17-01-2.jpg\",\"contentUrl\":\"https:\\\/\\\/objektmoebel-mirplay.de\\\/wp-content\\\/uploads\\\/2022\\\/05\\\/cropped-MIRPLAY.SALONlogoM.17-01-2.jpg\",\"width\":512,\"height\":512,\"caption\":\"Mirplay Salon\"},\"image\":{\"@id\":\"https:\\\/\\\/objektmoebel-mirplay.de\\\/de\\\/#\\\/schema\\\/logo\\\/image\\\/\"}}]}<\/script>\n<!-- \/ Yoast SEO plugin. -->","yoast_head_json":{"title":"\u1405 Materialcontainer Blair","description":"Materialcontainer aus Holz mit 22 flache Boxen. H\u00f6he: 120 cm","robots":{"index":"index","follow":"follow","max-snippet":"max-snippet:-1","max-image-preview":"max-image-preview:large","max-video-preview":"max-video-preview:-1"},"canonical":"https:\/\/objektmoebel-mirplay.de\/de\/product\/blair-flache-boxen\/","og_locale":"de_DE","og_type":"article","og_title":"\u1405 Materialcontainer Blair","og_description":"Materialcontainer aus Holz mit 22 flache Boxen. H\u00f6he: 120 cm","og_url":"https:\/\/objektmoebel-mirplay.de\/de\/product\/blair-flache-boxen\/","og_site_name":"Mirplay School","article_modified_time":"2025-12-17T10:08:50+00:00","og_image":[{"width":1024,"height":1024,"url":"https:\/\/objektmoebel-mirplay.de\/wp-content\/uploads\/2025\/12\/04-BLAIR-SMALL_TRAY-154_120-PR-012-1024x1024.png","type":"image\/png"}],"twitter_card":"summary_large_image","twitter_misc":{"Gesch\u00e4tzte Lesezeit":"1\u00a0Minute"},"schema":{"@context":"https:\/\/schema.org","@graph":[{"@type":"WebPage","@id":"https:\/\/objektmoebel-mirplay.de\/de\/product\/blair-flache-boxen\/","url":"https:\/\/objektmoebel-mirplay.de\/de\/product\/blair-flache-boxen\/","name":"\u1405 Materialcontainer Blair","isPartOf":{"@id":"https:\/\/objektmoebel-mirplay.de\/de\/#website"},"primaryImageOfPage":{"@id":"https:\/\/objektmoebel-mirplay.de\/de\/product\/blair-flache-boxen\/#primaryimage"},"image":{"@id":"https:\/\/objektmoebel-mirplay.de\/de\/product\/blair-flache-boxen\/#primaryimage"},"thumbnailUrl":"https:\/\/objektmoebel-mirplay.de\/wp-content\/uploads\/2025\/12\/04-BLAIR-SMALL_TRAY-154_120-PR-012-scaled.png","datePublished":"2025-12-17T10:03:36+00:00","dateModified":"2025-12-17T10:08:50+00:00","description":"Materialcontainer aus Holz mit 22 flache Boxen. H\u00f6he: 120 cm","breadcrumb":{"@id":"https:\/\/objektmoebel-mirplay.de\/de\/product\/blair-flache-boxen\/#breadcrumb"},"inLanguage":"de","potentialAction":[{"@type":"ReadAction","target":["https:\/\/objektmoebel-mirplay.de\/de\/product\/blair-flache-boxen\/"]}]},{"@type":"ImageObject","inLanguage":"de","@id":"https:\/\/objektmoebel-mirplay.de\/de\/product\/blair-flache-boxen\/#primaryimage","url":"https:\/\/objektmoebel-mirplay.de\/wp-content\/uploads\/2025\/12\/04-BLAIR-SMALL_TRAY-154_120-PR-012-scaled.png","contentUrl":"https:\/\/objektmoebel-mirplay.de\/wp-content\/uploads\/2025\/12\/04-BLAIR-SMALL_TRAY-154_120-PR-012-scaled.png","width":2560,"height":2560},{"@type":"BreadcrumbList","@id":"https:\/\/objektmoebel-mirplay.de\/de\/product\/blair-flache-boxen\/#breadcrumb","itemListElement":[{"@type":"ListItem","position":1,"name":"Portada","item":"https:\/\/objektmoebel-mirplay.de\/de\/ca\/"},{"@type":"ListItem","position":2,"name":"Shop","item":"https:\/\/objektmoebel-mirplay.de\/en\/?page_id=5781"},{"@type":"ListItem","position":3,"name":"Blair flache Boxen"}]},{"@type":"WebSite","@id":"https:\/\/objektmoebel-mirplay.de\/de\/#website","url":"https:\/\/objektmoebel-mirplay.de\/de\/","name":"Mirplay School","description":"Muebles y Equipamiento para Peluquer\u00edas y Barber\u00edas.","publisher":{"@id":"https:\/\/objektmoebel-mirplay.de\/de\/#organization"},"potentialAction":[{"@type":"SearchAction","target":{"@type":"EntryPoint","urlTemplate":"https:\/\/objektmoebel-mirplay.de\/de\/?s={search_term_string}"},"query-input":{"@type":"PropertyValueSpecification","valueRequired":true,"valueName":"search_term_string"}}],"inLanguage":"de"},{"@type":"Organization","@id":"https:\/\/objektmoebel-mirplay.de\/de\/#organization","name":"Mirplay Salon","url":"https:\/\/objektmoebel-mirplay.de\/de\/","logo":{"@type":"ImageObject","inLanguage":"de","@id":"https:\/\/objektmoebel-mirplay.de\/de\/#\/schema\/logo\/image\/","url":"https:\/\/objektmoebel-mirplay.de\/wp-content\/uploads\/2022\/05\/cropped-MIRPLAY.SALONlogoM.17-01-2.jpg","contentUrl":"https:\/\/objektmoebel-mirplay.de\/wp-content\/uploads\/2022\/05\/cropped-MIRPLAY.SALONlogoM.17-01-2.jpg","width":512,"height":512,"caption":"Mirplay Salon"},"image":{"@id":"https:\/\/objektmoebel-mirplay.de\/de\/#\/schema\/logo\/image\/"}}]}},"_links":{"self":[{"href":"https:\/\/objektmoebel-mirplay.de\/de\/wp-json\/wp\/v2\/product\/14124","targetHints":{"allow":["GET"]}}],"collection":[{"href":"https:\/\/objektmoebel-mirplay.de\/de\/wp-json\/wp\/v2\/product"}],"about":[{"href":"https:\/\/objektmoebel-mirplay.de\/de\/wp-json\/wp\/v2\/types\/product"}],"wp:featuredmedia":[{"embeddable":true,"href":"https:\/\/objektmoebel-mirplay.de\/de\/wp-json\/wp\/v2\/media\/14129"}],"wp:attachment":[{"href":"https:\/\/objektmoebel-mirplay.de\/de\/wp-json\/wp\/v2\/media?parent=14124"}],"wp:term":[{"taxonomy":"product_brand","embeddable":true,"href":"https:\/\/objektmoebel-mirplay.de\/de\/wp-json\/wp\/v2\/product_brand?post=14124"},{"taxonomy":"product_cat","embeddable":true,"href":"https:\/\/objektmoebel-mirplay.de\/de\/wp-json\/wp\/v2\/product_cat?post=14124"},{"taxonomy":"product_tag","embeddable":true,"href":"https:\/\/objektmoebel-mirplay.de\/de\/wp-json\/wp\/v2\/product_tag?post=14124"}],"curies":[{"name":"wp","href":"https:\/\/api.w.org\/{rel}","templated":true}]}}