{"id":14083,"date":"2025-12-16T12:22:59","date_gmt":"2025-12-16T12:22:59","guid":{"rendered":"https:\/\/objektmoebel-mirplay.de\/?post_type=product&#038;p=14083"},"modified":"2025-12-16T12:33:36","modified_gmt":"2025-12-16T12:33:36","slug":"plum","status":"publish","type":"product","link":"https:\/\/objektmoebel-mirplay.de\/de\/product\/plum\/","title":{"rendered":"Plum"},"content":{"rendered":"","protected":false},"excerpt":{"rendered":"<p>Artikel Plum<\/p>\n<p data-start=\"82\" data-end=\"310\">Kinderbank mit Aufbewahrungsregalen, gefertigt aus Birken-Sperrholz. Sie verf\u00fcgt \u00fcber vier offene F\u00e4cher, die den Zugang und die Organisation erleichtern. Das Design ist ideal f\u00fcr Klassenzimmer und Bildungsr\u00e4ume in Kinderg\u00e4rten.<\/p>\n<ul data-start=\"312\" data-end=\"513\">\n<li data-start=\"312\" data-end=\"349\">\n<p data-start=\"314\" data-end=\"349\">Kopus aus Birken-Sperrholz<\/p>\n<\/li>\n<li data-start=\"350\" data-end=\"380\">\n<p data-start=\"352\" data-end=\"380\">vier offene Stauraumf\u00e4cher<\/p>\n<\/li>\n<li data-start=\"381\" data-end=\"449\">\n<p data-start=\"383\" data-end=\"449\">abgerundete Kanten und Ecken f\u00fcr mehr Sicherheit im Kindergarten<\/p>\n<\/li>\n<li data-start=\"381\" data-end=\"449\">\n<p data-start=\"383\" data-end=\"449\">Polster aus hochdichtem Schaumstoff f\u00fcr mehr Komfort<\/p>\n<\/li>\n<\/ul>\n<p><a href=\"https:\/\/www.dropbox.com\/scl\/fi\/hm74zenq7xlhkzz4gjil7\/PLUM_Datenblatt_Deutsch.pdf?rlkey=3ox3mw2slw6f84xs1wy9lje3n&amp;st=r46fqaid&amp;dl=0\">Datenblatt<\/a><\/p>\n","protected":false},"featured_media":14090,"template":"","meta":[],"product_brand":[],"product_cat":[254],"product_tag":[],"class_list":{"0":"post-14083","1":"product","2":"type-product","3":"status-publish","4":"has-post-thumbnail","6":"product_cat-cabinets","8":"first","9":"instock","10":"shipping-taxable","11":"product-type-simple"},"yoast_head":"<!-- This site is optimized with the Yoast SEO plugin v27.6 - https:\/\/yoast.com\/product\/yoast-seo-wordpress\/ -->\n<title>Plum Sitzbank<\/title>\n<meta name=\"description\" content=\"Kinderbank mit Aufbewahrungsregalen, gefertigt aus Birken-Sperrholz. Sie verf\u00fcgt \u00fcber vier offene F\u00e4cher, die den Zugang und die Organisation erleichtern. Das Design ist ideal f\u00fcr Klassenzimmer und Bildungsr\u00e4ume in Kinderg\u00e4rten.\" \/>\n<meta name=\"robots\" content=\"index, follow, max-snippet:-1, max-image-preview:large, max-video-preview:-1\" \/>\n<link rel=\"canonical\" href=\"https:\/\/objektmoebel-mirplay.de\/de\/product\/plum\/\" \/>\n<meta property=\"og:locale\" content=\"de_DE\" \/>\n<meta property=\"og:type\" content=\"article\" \/>\n<meta property=\"og:title\" content=\"Plum Sitzbank\" \/>\n<meta property=\"og:description\" content=\"Kinderbank mit Aufbewahrungsregalen, gefertigt aus Birken-Sperrholz. Sie verf\u00fcgt \u00fcber vier offene F\u00e4cher, die den Zugang und die Organisation erleichtern. Das Design ist ideal f\u00fcr Klassenzimmer und Bildungsr\u00e4ume in Kinderg\u00e4rten.\" \/>\n<meta property=\"og:url\" content=\"https:\/\/objektmoebel-mirplay.de\/de\/product\/plum\/\" \/>\n<meta property=\"og:site_name\" content=\"Mirplay School\" \/>\n<meta property=\"article:modified_time\" content=\"2025-12-16T12:33:36+00:00\" \/>\n<meta property=\"og:image\" content=\"https:\/\/objektmoebel-mirplay.de\/wp-content\/uploads\/2025\/12\/05-PLUM-123-PR-011-scaled.png\" \/>\n\t<meta property=\"og:image:width\" content=\"2560\" \/>\n\t<meta property=\"og:image:height\" content=\"2560\" \/>\n\t<meta property=\"og:image:type\" content=\"image\/png\" \/>\n<meta name=\"twitter:card\" content=\"summary_large_image\" \/>\n<meta name=\"twitter:label1\" content=\"Gesch\u00e4tzte Lesezeit\" \/>\n\t<meta name=\"twitter:data1\" content=\"1\u00a0Minute\" \/>\n<script type=\"application\/ld+json\" class=\"yoast-schema-graph\">{\"@context\":\"https:\\\/\\\/schema.org\",\"@graph\":[{\"@type\":\"WebPage\",\"@id\":\"https:\\\/\\\/objektmoebel-mirplay.de\\\/de\\\/product\\\/plum\\\/\",\"url\":\"https:\\\/\\\/objektmoebel-mirplay.de\\\/de\\\/product\\\/plum\\\/\",\"name\":\"Plum Sitzbank\",\"isPartOf\":{\"@id\":\"https:\\\/\\\/objektmoebel-mirplay.de\\\/de\\\/#website\"},\"primaryImageOfPage\":{\"@id\":\"https:\\\/\\\/objektmoebel-mirplay.de\\\/de\\\/product\\\/plum\\\/#primaryimage\"},\"image\":{\"@id\":\"https:\\\/\\\/objektmoebel-mirplay.de\\\/de\\\/product\\\/plum\\\/#primaryimage\"},\"thumbnailUrl\":\"https:\\\/\\\/objektmoebel-mirplay.de\\\/wp-content\\\/uploads\\\/2025\\\/12\\\/05-PLUM-123-PR-011-scaled.png\",\"datePublished\":\"2025-12-16T12:22:59+00:00\",\"dateModified\":\"2025-12-16T12:33:36+00:00\",\"description\":\"Kinderbank mit Aufbewahrungsregalen, gefertigt aus Birken-Sperrholz. Sie verf\u00fcgt \u00fcber vier offene F\u00e4cher, die den Zugang und die Organisation erleichtern. Das Design ist ideal f\u00fcr Klassenzimmer und Bildungsr\u00e4ume in Kinderg\u00e4rten.\",\"breadcrumb\":{\"@id\":\"https:\\\/\\\/objektmoebel-mirplay.de\\\/de\\\/product\\\/plum\\\/#breadcrumb\"},\"inLanguage\":\"de\",\"potentialAction\":[{\"@type\":\"ReadAction\",\"target\":[\"https:\\\/\\\/objektmoebel-mirplay.de\\\/de\\\/product\\\/plum\\\/\"]}]},{\"@type\":\"ImageObject\",\"inLanguage\":\"de\",\"@id\":\"https:\\\/\\\/objektmoebel-mirplay.de\\\/de\\\/product\\\/plum\\\/#primaryimage\",\"url\":\"https:\\\/\\\/objektmoebel-mirplay.de\\\/wp-content\\\/uploads\\\/2025\\\/12\\\/05-PLUM-123-PR-011-scaled.png\",\"contentUrl\":\"https:\\\/\\\/objektmoebel-mirplay.de\\\/wp-content\\\/uploads\\\/2025\\\/12\\\/05-PLUM-123-PR-011-scaled.png\",\"width\":2560,\"height\":2560},{\"@type\":\"BreadcrumbList\",\"@id\":\"https:\\\/\\\/objektmoebel-mirplay.de\\\/de\\\/product\\\/plum\\\/#breadcrumb\",\"itemListElement\":[{\"@type\":\"ListItem\",\"position\":1,\"name\":\"Portada\",\"item\":\"https:\\\/\\\/objektmoebel-mirplay.de\\\/de\\\/ca\\\/\"},{\"@type\":\"ListItem\",\"position\":2,\"name\":\"Shop\",\"item\":\"https:\\\/\\\/objektmoebel-mirplay.de\\\/en\\\/?page_id=5781\"},{\"@type\":\"ListItem\",\"position\":3,\"name\":\"Plum\"}]},{\"@type\":\"WebSite\",\"@id\":\"https:\\\/\\\/objektmoebel-mirplay.de\\\/de\\\/#website\",\"url\":\"https:\\\/\\\/objektmoebel-mirplay.de\\\/de\\\/\",\"name\":\"Mirplay School\",\"description\":\"Muebles y Equipamiento para Peluquer\u00edas y Barber\u00edas.\",\"publisher\":{\"@id\":\"https:\\\/\\\/objektmoebel-mirplay.de\\\/de\\\/#organization\"},\"potentialAction\":[{\"@type\":\"SearchAction\",\"target\":{\"@type\":\"EntryPoint\",\"urlTemplate\":\"https:\\\/\\\/objektmoebel-mirplay.de\\\/de\\\/?s={search_term_string}\"},\"query-input\":{\"@type\":\"PropertyValueSpecification\",\"valueRequired\":true,\"valueName\":\"search_term_string\"}}],\"inLanguage\":\"de\"},{\"@type\":\"Organization\",\"@id\":\"https:\\\/\\\/objektmoebel-mirplay.de\\\/de\\\/#organization\",\"name\":\"Mirplay Salon\",\"url\":\"https:\\\/\\\/objektmoebel-mirplay.de\\\/de\\\/\",\"logo\":{\"@type\":\"ImageObject\",\"inLanguage\":\"de\",\"@id\":\"https:\\\/\\\/objektmoebel-mirplay.de\\\/de\\\/#\\\/schema\\\/logo\\\/image\\\/\",\"url\":\"https:\\\/\\\/objektmoebel-mirplay.de\\\/wp-content\\\/uploads\\\/2022\\\/05\\\/cropped-MIRPLAY.SALONlogoM.17-01-2.jpg\",\"contentUrl\":\"https:\\\/\\\/objektmoebel-mirplay.de\\\/wp-content\\\/uploads\\\/2022\\\/05\\\/cropped-MIRPLAY.SALONlogoM.17-01-2.jpg\",\"width\":512,\"height\":512,\"caption\":\"Mirplay Salon\"},\"image\":{\"@id\":\"https:\\\/\\\/objektmoebel-mirplay.de\\\/de\\\/#\\\/schema\\\/logo\\\/image\\\/\"}}]}<\/script>\n<!-- \/ Yoast SEO plugin. -->","yoast_head_json":{"title":"Plum Sitzbank","description":"Kinderbank mit Aufbewahrungsregalen, gefertigt aus Birken-Sperrholz. Sie verf\u00fcgt \u00fcber vier offene F\u00e4cher, die den Zugang und die Organisation erleichtern. Das Design ist ideal f\u00fcr Klassenzimmer und Bildungsr\u00e4ume in Kinderg\u00e4rten.","robots":{"index":"index","follow":"follow","max-snippet":"max-snippet:-1","max-image-preview":"max-image-preview:large","max-video-preview":"max-video-preview:-1"},"canonical":"https:\/\/objektmoebel-mirplay.de\/de\/product\/plum\/","og_locale":"de_DE","og_type":"article","og_title":"Plum Sitzbank","og_description":"Kinderbank mit Aufbewahrungsregalen, gefertigt aus Birken-Sperrholz. Sie verf\u00fcgt \u00fcber vier offene F\u00e4cher, die den Zugang und die Organisation erleichtern. Das Design ist ideal f\u00fcr Klassenzimmer und Bildungsr\u00e4ume in Kinderg\u00e4rten.","og_url":"https:\/\/objektmoebel-mirplay.de\/de\/product\/plum\/","og_site_name":"Mirplay School","article_modified_time":"2025-12-16T12:33:36+00:00","og_image":[{"width":2560,"height":2560,"url":"https:\/\/objektmoebel-mirplay.de\/wp-content\/uploads\/2025\/12\/05-PLUM-123-PR-011-scaled.png","type":"image\/png"}],"twitter_card":"summary_large_image","twitter_misc":{"Gesch\u00e4tzte Lesezeit":"1\u00a0Minute"},"schema":{"@context":"https:\/\/schema.org","@graph":[{"@type":"WebPage","@id":"https:\/\/objektmoebel-mirplay.de\/de\/product\/plum\/","url":"https:\/\/objektmoebel-mirplay.de\/de\/product\/plum\/","name":"Plum Sitzbank","isPartOf":{"@id":"https:\/\/objektmoebel-mirplay.de\/de\/#website"},"primaryImageOfPage":{"@id":"https:\/\/objektmoebel-mirplay.de\/de\/product\/plum\/#primaryimage"},"image":{"@id":"https:\/\/objektmoebel-mirplay.de\/de\/product\/plum\/#primaryimage"},"thumbnailUrl":"https:\/\/objektmoebel-mirplay.de\/wp-content\/uploads\/2025\/12\/05-PLUM-123-PR-011-scaled.png","datePublished":"2025-12-16T12:22:59+00:00","dateModified":"2025-12-16T12:33:36+00:00","description":"Kinderbank mit Aufbewahrungsregalen, gefertigt aus Birken-Sperrholz. Sie verf\u00fcgt \u00fcber vier offene F\u00e4cher, die den Zugang und die Organisation erleichtern. Das Design ist ideal f\u00fcr Klassenzimmer und Bildungsr\u00e4ume in Kinderg\u00e4rten.","breadcrumb":{"@id":"https:\/\/objektmoebel-mirplay.de\/de\/product\/plum\/#breadcrumb"},"inLanguage":"de","potentialAction":[{"@type":"ReadAction","target":["https:\/\/objektmoebel-mirplay.de\/de\/product\/plum\/"]}]},{"@type":"ImageObject","inLanguage":"de","@id":"https:\/\/objektmoebel-mirplay.de\/de\/product\/plum\/#primaryimage","url":"https:\/\/objektmoebel-mirplay.de\/wp-content\/uploads\/2025\/12\/05-PLUM-123-PR-011-scaled.png","contentUrl":"https:\/\/objektmoebel-mirplay.de\/wp-content\/uploads\/2025\/12\/05-PLUM-123-PR-011-scaled.png","width":2560,"height":2560},{"@type":"BreadcrumbList","@id":"https:\/\/objektmoebel-mirplay.de\/de\/product\/plum\/#breadcrumb","itemListElement":[{"@type":"ListItem","position":1,"name":"Portada","item":"https:\/\/objektmoebel-mirplay.de\/de\/ca\/"},{"@type":"ListItem","position":2,"name":"Shop","item":"https:\/\/objektmoebel-mirplay.de\/en\/?page_id=5781"},{"@type":"ListItem","position":3,"name":"Plum"}]},{"@type":"WebSite","@id":"https:\/\/objektmoebel-mirplay.de\/de\/#website","url":"https:\/\/objektmoebel-mirplay.de\/de\/","name":"Mirplay School","description":"Muebles y Equipamiento para Peluquer\u00edas y Barber\u00edas.","publisher":{"@id":"https:\/\/objektmoebel-mirplay.de\/de\/#organization"},"potentialAction":[{"@type":"SearchAction","target":{"@type":"EntryPoint","urlTemplate":"https:\/\/objektmoebel-mirplay.de\/de\/?s={search_term_string}"},"query-input":{"@type":"PropertyValueSpecification","valueRequired":true,"valueName":"search_term_string"}}],"inLanguage":"de"},{"@type":"Organization","@id":"https:\/\/objektmoebel-mirplay.de\/de\/#organization","name":"Mirplay Salon","url":"https:\/\/objektmoebel-mirplay.de\/de\/","logo":{"@type":"ImageObject","inLanguage":"de","@id":"https:\/\/objektmoebel-mirplay.de\/de\/#\/schema\/logo\/image\/","url":"https:\/\/objektmoebel-mirplay.de\/wp-content\/uploads\/2022\/05\/cropped-MIRPLAY.SALONlogoM.17-01-2.jpg","contentUrl":"https:\/\/objektmoebel-mirplay.de\/wp-content\/uploads\/2022\/05\/cropped-MIRPLAY.SALONlogoM.17-01-2.jpg","width":512,"height":512,"caption":"Mirplay Salon"},"image":{"@id":"https:\/\/objektmoebel-mirplay.de\/de\/#\/schema\/logo\/image\/"}}]}},"_links":{"self":[{"href":"https:\/\/objektmoebel-mirplay.de\/de\/wp-json\/wp\/v2\/product\/14083","targetHints":{"allow":["GET"]}}],"collection":[{"href":"https:\/\/objektmoebel-mirplay.de\/de\/wp-json\/wp\/v2\/product"}],"about":[{"href":"https:\/\/objektmoebel-mirplay.de\/de\/wp-json\/wp\/v2\/types\/product"}],"wp:featuredmedia":[{"embeddable":true,"href":"https:\/\/objektmoebel-mirplay.de\/de\/wp-json\/wp\/v2\/media\/14090"}],"wp:attachment":[{"href":"https:\/\/objektmoebel-mirplay.de\/de\/wp-json\/wp\/v2\/media?parent=14083"}],"wp:term":[{"taxonomy":"product_brand","embeddable":true,"href":"https:\/\/objektmoebel-mirplay.de\/de\/wp-json\/wp\/v2\/product_brand?post=14083"},{"taxonomy":"product_cat","embeddable":true,"href":"https:\/\/objektmoebel-mirplay.de\/de\/wp-json\/wp\/v2\/product_cat?post=14083"},{"taxonomy":"product_tag","embeddable":true,"href":"https:\/\/objektmoebel-mirplay.de\/de\/wp-json\/wp\/v2\/product_tag?post=14083"}],"curies":[{"name":"wp","href":"https:\/\/api.w.org\/{rel}","templated":true}]}}