{"id":14062,"date":"2025-12-16T11:51:31","date_gmt":"2025-12-16T11:51:31","guid":{"rendered":"https:\/\/objektmoebel-mirplay.de\/?post_type=product&#038;p=14062"},"modified":"2025-12-16T12:00:49","modified_gmt":"2025-12-16T12:00:49","slug":"tila","status":"publish","type":"product","link":"https:\/\/objektmoebel-mirplay.de\/de\/product\/tila\/","title":{"rendered":"Tila"},"content":{"rendered":"","protected":false},"excerpt":{"rendered":"<p>Artikel TILA-01\/123<\/p>\n<p data-start=\"48\" data-end=\"75\"><strong data-start=\"48\" data-end=\"75\">Kinder-B\u00fccherregal Tila<\/strong><\/p>\n<p data-start=\"77\" data-end=\"389\">Kinder-B\u00fccherregal, 80 cm hoch, gefertigt aus Birken-Sperrholz. Auf der R\u00fcckseite verf\u00fcgt er \u00fcber zus\u00e4tzliche Regale, die ein gr\u00f6\u00dferes Stauraumangebot bieten. Das Design ist ideal f\u00fcr Klassenzimmer und Bildungsr\u00e4ume in Kinderg\u00e4rten und f\u00f6rdert die Autonomie sowie die Organisation der B\u00fccher durch die Kleinsten.<\/p>\n<ul data-start=\"391\" data-end=\"571\">\n<li data-start=\"391\" data-end=\"428\">\n<p data-start=\"393\" data-end=\"428\">Korpus aus Buchen-Sperrholz<\/p>\n<\/li>\n<li data-start=\"429\" data-end=\"497\">\n<p data-start=\"431\" data-end=\"497\">Abgerundete Kanten und Ecken f\u00fcr mehr Sicherheit im Kindergarten<\/p>\n<\/li>\n<li data-start=\"498\" data-end=\"571\">\n<p data-start=\"500\" data-end=\"571\">Verdeckte Rollen an der Basis f\u00fcr einfache Mobilit\u00e4t im Klassenzimmer<\/p>\n<\/li>\n<\/ul>\n<p><a href=\"https:\/\/www.dropbox.com\/scl\/fi\/cdpqo3wzkik05brjcmqpb\/TILA_Datenblatt.pdf?rlkey=wxzl2buvof6315y87r2nsnsr9&amp;st=r1aj0r78&amp;dl=0\">Datenblatt<\/a><\/p>\n","protected":false},"featured_media":14065,"template":"","meta":[],"product_brand":[],"product_cat":[254],"product_tag":[],"class_list":{"0":"post-14062","1":"product","2":"type-product","3":"status-publish","4":"has-post-thumbnail","6":"product_cat-cabinets","8":"first","9":"instock","10":"shipping-taxable","11":"product-type-simple"},"yoast_head":"<!-- This site is optimized with the Yoast SEO plugin v27.6 - https:\/\/yoast.com\/product\/yoast-seo-wordpress\/ -->\n<title>B\u00fccherregal Tila<\/title>\n<meta name=\"description\" content=\"Kinder-B\u00fccherregal, 80 cm hoch, gefertigt aus Birken-Sperrholz. Auf der R\u00fcckseite verf\u00fcgt er \u00fcber zus\u00e4tzliche Regale, die ein gr\u00f6\u00dferes Stauraumangebot bieten.\" \/>\n<meta name=\"robots\" content=\"index, follow, max-snippet:-1, max-image-preview:large, max-video-preview:-1\" \/>\n<link rel=\"canonical\" href=\"https:\/\/objektmoebel-mirplay.de\/de\/product\/tila\/\" \/>\n<meta property=\"og:locale\" content=\"de_DE\" \/>\n<meta property=\"og:type\" content=\"article\" \/>\n<meta property=\"og:title\" content=\"B\u00fccherregal Tila\" \/>\n<meta property=\"og:description\" content=\"Kinder-B\u00fccherregal, 80 cm hoch, gefertigt aus Birken-Sperrholz. Auf der R\u00fcckseite verf\u00fcgt er \u00fcber zus\u00e4tzliche Regale, die ein gr\u00f6\u00dferes Stauraumangebot bieten.\" \/>\n<meta property=\"og:url\" content=\"https:\/\/objektmoebel-mirplay.de\/de\/product\/tila\/\" \/>\n<meta property=\"og:site_name\" content=\"Mirplay School\" \/>\n<meta property=\"article:modified_time\" content=\"2025-12-16T12:00:49+00:00\" \/>\n<meta property=\"og:image\" content=\"https:\/\/objektmoebel-mirplay.de\/wp-content\/uploads\/2025\/12\/05-TILA-123-PR-012-1024x1024.png\" \/>\n\t<meta property=\"og:image:width\" content=\"1024\" \/>\n\t<meta property=\"og:image:height\" content=\"1024\" \/>\n\t<meta property=\"og:image:type\" content=\"image\/png\" \/>\n<meta name=\"twitter:card\" content=\"summary_large_image\" \/>\n<meta name=\"twitter:label1\" content=\"Gesch\u00e4tzte Lesezeit\" \/>\n\t<meta name=\"twitter:data1\" content=\"1\u00a0Minute\" \/>\n<script type=\"application\/ld+json\" class=\"yoast-schema-graph\">{\"@context\":\"https:\\\/\\\/schema.org\",\"@graph\":[{\"@type\":\"WebPage\",\"@id\":\"https:\\\/\\\/objektmoebel-mirplay.de\\\/de\\\/product\\\/tila\\\/\",\"url\":\"https:\\\/\\\/objektmoebel-mirplay.de\\\/de\\\/product\\\/tila\\\/\",\"name\":\"B\u00fccherregal Tila\",\"isPartOf\":{\"@id\":\"https:\\\/\\\/objektmoebel-mirplay.de\\\/de\\\/#website\"},\"primaryImageOfPage\":{\"@id\":\"https:\\\/\\\/objektmoebel-mirplay.de\\\/de\\\/product\\\/tila\\\/#primaryimage\"},\"image\":{\"@id\":\"https:\\\/\\\/objektmoebel-mirplay.de\\\/de\\\/product\\\/tila\\\/#primaryimage\"},\"thumbnailUrl\":\"https:\\\/\\\/objektmoebel-mirplay.de\\\/wp-content\\\/uploads\\\/2025\\\/12\\\/05-TILA-123-PR-012-scaled.png\",\"datePublished\":\"2025-12-16T11:51:31+00:00\",\"dateModified\":\"2025-12-16T12:00:49+00:00\",\"description\":\"Kinder-B\u00fccherregal, 80 cm hoch, gefertigt aus Birken-Sperrholz. Auf der R\u00fcckseite verf\u00fcgt er \u00fcber zus\u00e4tzliche Regale, die ein gr\u00f6\u00dferes Stauraumangebot bieten.\",\"breadcrumb\":{\"@id\":\"https:\\\/\\\/objektmoebel-mirplay.de\\\/de\\\/product\\\/tila\\\/#breadcrumb\"},\"inLanguage\":\"de\",\"potentialAction\":[{\"@type\":\"ReadAction\",\"target\":[\"https:\\\/\\\/objektmoebel-mirplay.de\\\/de\\\/product\\\/tila\\\/\"]}]},{\"@type\":\"ImageObject\",\"inLanguage\":\"de\",\"@id\":\"https:\\\/\\\/objektmoebel-mirplay.de\\\/de\\\/product\\\/tila\\\/#primaryimage\",\"url\":\"https:\\\/\\\/objektmoebel-mirplay.de\\\/wp-content\\\/uploads\\\/2025\\\/12\\\/05-TILA-123-PR-012-scaled.png\",\"contentUrl\":\"https:\\\/\\\/objektmoebel-mirplay.de\\\/wp-content\\\/uploads\\\/2025\\\/12\\\/05-TILA-123-PR-012-scaled.png\",\"width\":2560,\"height\":2560},{\"@type\":\"BreadcrumbList\",\"@id\":\"https:\\\/\\\/objektmoebel-mirplay.de\\\/de\\\/product\\\/tila\\\/#breadcrumb\",\"itemListElement\":[{\"@type\":\"ListItem\",\"position\":1,\"name\":\"Portada\",\"item\":\"https:\\\/\\\/objektmoebel-mirplay.de\\\/de\\\/ca\\\/\"},{\"@type\":\"ListItem\",\"position\":2,\"name\":\"Shop\",\"item\":\"https:\\\/\\\/objektmoebel-mirplay.de\\\/en\\\/?page_id=5781\"},{\"@type\":\"ListItem\",\"position\":3,\"name\":\"Tila\"}]},{\"@type\":\"WebSite\",\"@id\":\"https:\\\/\\\/objektmoebel-mirplay.de\\\/de\\\/#website\",\"url\":\"https:\\\/\\\/objektmoebel-mirplay.de\\\/de\\\/\",\"name\":\"Mirplay School\",\"description\":\"Muebles y Equipamiento para Peluquer\u00edas y Barber\u00edas.\",\"publisher\":{\"@id\":\"https:\\\/\\\/objektmoebel-mirplay.de\\\/de\\\/#organization\"},\"potentialAction\":[{\"@type\":\"SearchAction\",\"target\":{\"@type\":\"EntryPoint\",\"urlTemplate\":\"https:\\\/\\\/objektmoebel-mirplay.de\\\/de\\\/?s={search_term_string}\"},\"query-input\":{\"@type\":\"PropertyValueSpecification\",\"valueRequired\":true,\"valueName\":\"search_term_string\"}}],\"inLanguage\":\"de\"},{\"@type\":\"Organization\",\"@id\":\"https:\\\/\\\/objektmoebel-mirplay.de\\\/de\\\/#organization\",\"name\":\"Mirplay Salon\",\"url\":\"https:\\\/\\\/objektmoebel-mirplay.de\\\/de\\\/\",\"logo\":{\"@type\":\"ImageObject\",\"inLanguage\":\"de\",\"@id\":\"https:\\\/\\\/objektmoebel-mirplay.de\\\/de\\\/#\\\/schema\\\/logo\\\/image\\\/\",\"url\":\"https:\\\/\\\/objektmoebel-mirplay.de\\\/wp-content\\\/uploads\\\/2022\\\/05\\\/cropped-MIRPLAY.SALONlogoM.17-01-2.jpg\",\"contentUrl\":\"https:\\\/\\\/objektmoebel-mirplay.de\\\/wp-content\\\/uploads\\\/2022\\\/05\\\/cropped-MIRPLAY.SALONlogoM.17-01-2.jpg\",\"width\":512,\"height\":512,\"caption\":\"Mirplay Salon\"},\"image\":{\"@id\":\"https:\\\/\\\/objektmoebel-mirplay.de\\\/de\\\/#\\\/schema\\\/logo\\\/image\\\/\"}}]}<\/script>\n<!-- \/ Yoast SEO plugin. -->","yoast_head_json":{"title":"B\u00fccherregal Tila","description":"Kinder-B\u00fccherregal, 80 cm hoch, gefertigt aus Birken-Sperrholz. Auf der R\u00fcckseite verf\u00fcgt er \u00fcber zus\u00e4tzliche Regale, die ein gr\u00f6\u00dferes Stauraumangebot bieten.","robots":{"index":"index","follow":"follow","max-snippet":"max-snippet:-1","max-image-preview":"max-image-preview:large","max-video-preview":"max-video-preview:-1"},"canonical":"https:\/\/objektmoebel-mirplay.de\/de\/product\/tila\/","og_locale":"de_DE","og_type":"article","og_title":"B\u00fccherregal Tila","og_description":"Kinder-B\u00fccherregal, 80 cm hoch, gefertigt aus Birken-Sperrholz. Auf der R\u00fcckseite verf\u00fcgt er \u00fcber zus\u00e4tzliche Regale, die ein gr\u00f6\u00dferes Stauraumangebot bieten.","og_url":"https:\/\/objektmoebel-mirplay.de\/de\/product\/tila\/","og_site_name":"Mirplay School","article_modified_time":"2025-12-16T12:00:49+00:00","og_image":[{"width":1024,"height":1024,"url":"https:\/\/objektmoebel-mirplay.de\/wp-content\/uploads\/2025\/12\/05-TILA-123-PR-012-1024x1024.png","type":"image\/png"}],"twitter_card":"summary_large_image","twitter_misc":{"Gesch\u00e4tzte Lesezeit":"1\u00a0Minute"},"schema":{"@context":"https:\/\/schema.org","@graph":[{"@type":"WebPage","@id":"https:\/\/objektmoebel-mirplay.de\/de\/product\/tila\/","url":"https:\/\/objektmoebel-mirplay.de\/de\/product\/tila\/","name":"B\u00fccherregal Tila","isPartOf":{"@id":"https:\/\/objektmoebel-mirplay.de\/de\/#website"},"primaryImageOfPage":{"@id":"https:\/\/objektmoebel-mirplay.de\/de\/product\/tila\/#primaryimage"},"image":{"@id":"https:\/\/objektmoebel-mirplay.de\/de\/product\/tila\/#primaryimage"},"thumbnailUrl":"https:\/\/objektmoebel-mirplay.de\/wp-content\/uploads\/2025\/12\/05-TILA-123-PR-012-scaled.png","datePublished":"2025-12-16T11:51:31+00:00","dateModified":"2025-12-16T12:00:49+00:00","description":"Kinder-B\u00fccherregal, 80 cm hoch, gefertigt aus Birken-Sperrholz. Auf der R\u00fcckseite verf\u00fcgt er \u00fcber zus\u00e4tzliche Regale, die ein gr\u00f6\u00dferes Stauraumangebot bieten.","breadcrumb":{"@id":"https:\/\/objektmoebel-mirplay.de\/de\/product\/tila\/#breadcrumb"},"inLanguage":"de","potentialAction":[{"@type":"ReadAction","target":["https:\/\/objektmoebel-mirplay.de\/de\/product\/tila\/"]}]},{"@type":"ImageObject","inLanguage":"de","@id":"https:\/\/objektmoebel-mirplay.de\/de\/product\/tila\/#primaryimage","url":"https:\/\/objektmoebel-mirplay.de\/wp-content\/uploads\/2025\/12\/05-TILA-123-PR-012-scaled.png","contentUrl":"https:\/\/objektmoebel-mirplay.de\/wp-content\/uploads\/2025\/12\/05-TILA-123-PR-012-scaled.png","width":2560,"height":2560},{"@type":"BreadcrumbList","@id":"https:\/\/objektmoebel-mirplay.de\/de\/product\/tila\/#breadcrumb","itemListElement":[{"@type":"ListItem","position":1,"name":"Portada","item":"https:\/\/objektmoebel-mirplay.de\/de\/ca\/"},{"@type":"ListItem","position":2,"name":"Shop","item":"https:\/\/objektmoebel-mirplay.de\/en\/?page_id=5781"},{"@type":"ListItem","position":3,"name":"Tila"}]},{"@type":"WebSite","@id":"https:\/\/objektmoebel-mirplay.de\/de\/#website","url":"https:\/\/objektmoebel-mirplay.de\/de\/","name":"Mirplay School","description":"Muebles y Equipamiento para Peluquer\u00edas y Barber\u00edas.","publisher":{"@id":"https:\/\/objektmoebel-mirplay.de\/de\/#organization"},"potentialAction":[{"@type":"SearchAction","target":{"@type":"EntryPoint","urlTemplate":"https:\/\/objektmoebel-mirplay.de\/de\/?s={search_term_string}"},"query-input":{"@type":"PropertyValueSpecification","valueRequired":true,"valueName":"search_term_string"}}],"inLanguage":"de"},{"@type":"Organization","@id":"https:\/\/objektmoebel-mirplay.de\/de\/#organization","name":"Mirplay Salon","url":"https:\/\/objektmoebel-mirplay.de\/de\/","logo":{"@type":"ImageObject","inLanguage":"de","@id":"https:\/\/objektmoebel-mirplay.de\/de\/#\/schema\/logo\/image\/","url":"https:\/\/objektmoebel-mirplay.de\/wp-content\/uploads\/2022\/05\/cropped-MIRPLAY.SALONlogoM.17-01-2.jpg","contentUrl":"https:\/\/objektmoebel-mirplay.de\/wp-content\/uploads\/2022\/05\/cropped-MIRPLAY.SALONlogoM.17-01-2.jpg","width":512,"height":512,"caption":"Mirplay Salon"},"image":{"@id":"https:\/\/objektmoebel-mirplay.de\/de\/#\/schema\/logo\/image\/"}}]}},"_links":{"self":[{"href":"https:\/\/objektmoebel-mirplay.de\/de\/wp-json\/wp\/v2\/product\/14062","targetHints":{"allow":["GET"]}}],"collection":[{"href":"https:\/\/objektmoebel-mirplay.de\/de\/wp-json\/wp\/v2\/product"}],"about":[{"href":"https:\/\/objektmoebel-mirplay.de\/de\/wp-json\/wp\/v2\/types\/product"}],"wp:featuredmedia":[{"embeddable":true,"href":"https:\/\/objektmoebel-mirplay.de\/de\/wp-json\/wp\/v2\/media\/14065"}],"wp:attachment":[{"href":"https:\/\/objektmoebel-mirplay.de\/de\/wp-json\/wp\/v2\/media?parent=14062"}],"wp:term":[{"taxonomy":"product_brand","embeddable":true,"href":"https:\/\/objektmoebel-mirplay.de\/de\/wp-json\/wp\/v2\/product_brand?post=14062"},{"taxonomy":"product_cat","embeddable":true,"href":"https:\/\/objektmoebel-mirplay.de\/de\/wp-json\/wp\/v2\/product_cat?post=14062"},{"taxonomy":"product_tag","embeddable":true,"href":"https:\/\/objektmoebel-mirplay.de\/de\/wp-json\/wp\/v2\/product_tag?post=14062"}],"curies":[{"name":"wp","href":"https:\/\/api.w.org\/{rel}","templated":true}]}}