{"id":13998,"date":"2025-12-16T10:56:51","date_gmt":"2025-12-16T10:56:51","guid":{"rendered":"https:\/\/objektmoebel-mirplay.de\/?post_type=product&#038;p=13998"},"modified":"2025-12-16T10:59:46","modified_gmt":"2025-12-16T10:59:46","slug":"palm","status":"publish","type":"product","link":"https:\/\/objektmoebel-mirplay.de\/de\/product\/palm\/","title":{"rendered":"Palm"},"content":{"rendered":"","protected":false},"excerpt":{"rendered":"<p data-start=\"48\" data-end=\"75\">Artikel PALM-01\/123<\/p>\n<p data-start=\"48\" data-end=\"75\"><strong data-start=\"48\" data-end=\"75\">Palm Kinder-Bodenkissen\u00a0<\/strong><\/p>\n<p data-start=\"77\" data-end=\"497\">Kinder-Bodenkissen mit mobilem Aufbewahrungswagen, ideal zum Sitzen auf dem Boden w\u00e4hrend Gruppenaktivit\u00e4ten, Spielen oder Ruhephasen. Enth\u00e4lt 2 Aufbewahrungswagen mit jeweils 20 gepolsterten und nummerierten Kissen. Der mobile Wagen erleichtert die Organisation und den Transport im Klassenzimmer. Das Design ist perfekt f\u00fcr Bildungseinrichtungen in Kinderg\u00e4rten und f\u00f6rdert Autonomie, Ordnung und spielerisches Lernen.<\/p>\n<ul data-start=\"499\" data-end=\"658\">\n<li data-start=\"499\" data-end=\"552\">\n<p data-start=\"501\" data-end=\"552\">40 gepolsterte, nummerierte Kissen aus Kunstleder<\/p>\n<\/li>\n<li data-start=\"553\" data-end=\"599\">\n<p data-start=\"555\" data-end=\"599\">2 mobile Aufbewahrungswagen aus Birkenholz<\/p>\n<\/li>\n<li data-start=\"600\" data-end=\"658\">\n<p data-start=\"602\" data-end=\"658\">Abgerundete Kanten f\u00fcr mehr Sicherheit im Kindergarten<\/p>\n<\/li>\n<\/ul>\n<p><a href=\"https:\/\/www.dropbox.com\/scl\/fi\/8mmsvg6bhq8mtm3kervae\/PALM_Datenblatt.pdf?rlkey=3gbfblfye7e2yvwsgv4z0lgn2&amp;st=mzo86opx&amp;dl=0\">Datenblatt<\/a><\/p>\n","protected":false},"featured_media":13999,"template":"","meta":[],"product_brand":[],"product_cat":[256,250],"product_tag":[],"class_list":{"0":"post-13998","1":"product","2":"type-product","3":"status-publish","4":"has-post-thumbnail","6":"product_cat-chairs","7":"product_cat-complements","9":"first","10":"instock","11":"shipping-taxable","12":"product-type-simple"},"yoast_head":"<!-- This site is optimized with the Yoast SEO plugin v27.6 - https:\/\/yoast.com\/product\/yoast-seo-wordpress\/ -->\n<title>Palm - Mirplay School<\/title>\n<meta name=\"description\" content=\"Kinder-Bodenkissen mit mobilem Aufbewahrungswagen, ideal zum Sitzen auf dem Boden w\u00e4hrend Gruppenaktivit\u00e4ten, Spielen oder Ruhephasen. Der mobile Wagen erleichtert die Organisation und den Transport im Klassenzimmer.\" \/>\n<meta name=\"robots\" content=\"index, follow, max-snippet:-1, max-image-preview:large, max-video-preview:-1\" \/>\n<link rel=\"canonical\" href=\"https:\/\/objektmoebel-mirplay.de\/de\/product\/palm\/\" \/>\n<meta property=\"og:locale\" content=\"de_DE\" \/>\n<meta property=\"og:type\" content=\"article\" \/>\n<meta property=\"og:title\" content=\"Palm - Mirplay School\" \/>\n<meta property=\"og:description\" content=\"Kinder-Bodenkissen mit mobilem Aufbewahrungswagen, ideal zum Sitzen auf dem Boden w\u00e4hrend Gruppenaktivit\u00e4ten, Spielen oder Ruhephasen. Der mobile Wagen erleichtert die Organisation und den Transport im Klassenzimmer.\" \/>\n<meta property=\"og:url\" content=\"https:\/\/objektmoebel-mirplay.de\/de\/product\/palm\/\" \/>\n<meta property=\"og:site_name\" content=\"Mirplay School\" \/>\n<meta property=\"article:modified_time\" content=\"2025-12-16T10:59:46+00:00\" \/>\n<meta property=\"og:image\" content=\"https:\/\/objektmoebel-mirplay.de\/wp-content\/uploads\/2025\/12\/Palm-scaled.jpg\" \/>\n\t<meta property=\"og:image:width\" content=\"2560\" \/>\n\t<meta property=\"og:image:height\" content=\"2560\" \/>\n\t<meta property=\"og:image:type\" content=\"image\/jpeg\" \/>\n<meta name=\"twitter:card\" content=\"summary_large_image\" \/>\n<meta name=\"twitter:label1\" content=\"Gesch\u00e4tzte Lesezeit\" \/>\n\t<meta name=\"twitter:data1\" content=\"1\u00a0Minute\" \/>\n<script type=\"application\/ld+json\" class=\"yoast-schema-graph\">{\"@context\":\"https:\\\/\\\/schema.org\",\"@graph\":[{\"@type\":\"WebPage\",\"@id\":\"https:\\\/\\\/objektmoebel-mirplay.de\\\/de\\\/product\\\/palm\\\/\",\"url\":\"https:\\\/\\\/objektmoebel-mirplay.de\\\/de\\\/product\\\/palm\\\/\",\"name\":\"Palm - Mirplay School\",\"isPartOf\":{\"@id\":\"https:\\\/\\\/objektmoebel-mirplay.de\\\/de\\\/#website\"},\"primaryImageOfPage\":{\"@id\":\"https:\\\/\\\/objektmoebel-mirplay.de\\\/de\\\/product\\\/palm\\\/#primaryimage\"},\"image\":{\"@id\":\"https:\\\/\\\/objektmoebel-mirplay.de\\\/de\\\/product\\\/palm\\\/#primaryimage\"},\"thumbnailUrl\":\"https:\\\/\\\/objektmoebel-mirplay.de\\\/wp-content\\\/uploads\\\/2025\\\/12\\\/Palm-scaled.jpg\",\"datePublished\":\"2025-12-16T10:56:51+00:00\",\"dateModified\":\"2025-12-16T10:59:46+00:00\",\"description\":\"Kinder-Bodenkissen mit mobilem Aufbewahrungswagen, ideal zum Sitzen auf dem Boden w\u00e4hrend Gruppenaktivit\u00e4ten, Spielen oder Ruhephasen. Der mobile Wagen erleichtert die Organisation und den Transport im Klassenzimmer.\",\"breadcrumb\":{\"@id\":\"https:\\\/\\\/objektmoebel-mirplay.de\\\/de\\\/product\\\/palm\\\/#breadcrumb\"},\"inLanguage\":\"de\",\"potentialAction\":[{\"@type\":\"ReadAction\",\"target\":[\"https:\\\/\\\/objektmoebel-mirplay.de\\\/de\\\/product\\\/palm\\\/\"]}]},{\"@type\":\"ImageObject\",\"inLanguage\":\"de\",\"@id\":\"https:\\\/\\\/objektmoebel-mirplay.de\\\/de\\\/product\\\/palm\\\/#primaryimage\",\"url\":\"https:\\\/\\\/objektmoebel-mirplay.de\\\/wp-content\\\/uploads\\\/2025\\\/12\\\/Palm-scaled.jpg\",\"contentUrl\":\"https:\\\/\\\/objektmoebel-mirplay.de\\\/wp-content\\\/uploads\\\/2025\\\/12\\\/Palm-scaled.jpg\",\"width\":2560,\"height\":2560},{\"@type\":\"BreadcrumbList\",\"@id\":\"https:\\\/\\\/objektmoebel-mirplay.de\\\/de\\\/product\\\/palm\\\/#breadcrumb\",\"itemListElement\":[{\"@type\":\"ListItem\",\"position\":1,\"name\":\"Portada\",\"item\":\"https:\\\/\\\/objektmoebel-mirplay.de\\\/de\\\/ca\\\/\"},{\"@type\":\"ListItem\",\"position\":2,\"name\":\"Shop\",\"item\":\"https:\\\/\\\/objektmoebel-mirplay.de\\\/en\\\/?page_id=5781\"},{\"@type\":\"ListItem\",\"position\":3,\"name\":\"Palm\"}]},{\"@type\":\"WebSite\",\"@id\":\"https:\\\/\\\/objektmoebel-mirplay.de\\\/de\\\/#website\",\"url\":\"https:\\\/\\\/objektmoebel-mirplay.de\\\/de\\\/\",\"name\":\"Mirplay School\",\"description\":\"Muebles y Equipamiento para Peluquer\u00edas y Barber\u00edas.\",\"publisher\":{\"@id\":\"https:\\\/\\\/objektmoebel-mirplay.de\\\/de\\\/#organization\"},\"potentialAction\":[{\"@type\":\"SearchAction\",\"target\":{\"@type\":\"EntryPoint\",\"urlTemplate\":\"https:\\\/\\\/objektmoebel-mirplay.de\\\/de\\\/?s={search_term_string}\"},\"query-input\":{\"@type\":\"PropertyValueSpecification\",\"valueRequired\":true,\"valueName\":\"search_term_string\"}}],\"inLanguage\":\"de\"},{\"@type\":\"Organization\",\"@id\":\"https:\\\/\\\/objektmoebel-mirplay.de\\\/de\\\/#organization\",\"name\":\"Mirplay Salon\",\"url\":\"https:\\\/\\\/objektmoebel-mirplay.de\\\/de\\\/\",\"logo\":{\"@type\":\"ImageObject\",\"inLanguage\":\"de\",\"@id\":\"https:\\\/\\\/objektmoebel-mirplay.de\\\/de\\\/#\\\/schema\\\/logo\\\/image\\\/\",\"url\":\"https:\\\/\\\/objektmoebel-mirplay.de\\\/wp-content\\\/uploads\\\/2022\\\/05\\\/cropped-MIRPLAY.SALONlogoM.17-01-2.jpg\",\"contentUrl\":\"https:\\\/\\\/objektmoebel-mirplay.de\\\/wp-content\\\/uploads\\\/2022\\\/05\\\/cropped-MIRPLAY.SALONlogoM.17-01-2.jpg\",\"width\":512,\"height\":512,\"caption\":\"Mirplay Salon\"},\"image\":{\"@id\":\"https:\\\/\\\/objektmoebel-mirplay.de\\\/de\\\/#\\\/schema\\\/logo\\\/image\\\/\"}}]}<\/script>\n<!-- \/ Yoast SEO plugin. -->","yoast_head_json":{"title":"Palm - Mirplay School","description":"Kinder-Bodenkissen mit mobilem Aufbewahrungswagen, ideal zum Sitzen auf dem Boden w\u00e4hrend Gruppenaktivit\u00e4ten, Spielen oder Ruhephasen. Der mobile Wagen erleichtert die Organisation und den Transport im Klassenzimmer.","robots":{"index":"index","follow":"follow","max-snippet":"max-snippet:-1","max-image-preview":"max-image-preview:large","max-video-preview":"max-video-preview:-1"},"canonical":"https:\/\/objektmoebel-mirplay.de\/de\/product\/palm\/","og_locale":"de_DE","og_type":"article","og_title":"Palm - Mirplay School","og_description":"Kinder-Bodenkissen mit mobilem Aufbewahrungswagen, ideal zum Sitzen auf dem Boden w\u00e4hrend Gruppenaktivit\u00e4ten, Spielen oder Ruhephasen. Der mobile Wagen erleichtert die Organisation und den Transport im Klassenzimmer.","og_url":"https:\/\/objektmoebel-mirplay.de\/de\/product\/palm\/","og_site_name":"Mirplay School","article_modified_time":"2025-12-16T10:59:46+00:00","og_image":[{"width":2560,"height":2560,"url":"https:\/\/objektmoebel-mirplay.de\/wp-content\/uploads\/2025\/12\/Palm-scaled.jpg","type":"image\/jpeg"}],"twitter_card":"summary_large_image","twitter_misc":{"Gesch\u00e4tzte Lesezeit":"1\u00a0Minute"},"schema":{"@context":"https:\/\/schema.org","@graph":[{"@type":"WebPage","@id":"https:\/\/objektmoebel-mirplay.de\/de\/product\/palm\/","url":"https:\/\/objektmoebel-mirplay.de\/de\/product\/palm\/","name":"Palm - Mirplay School","isPartOf":{"@id":"https:\/\/objektmoebel-mirplay.de\/de\/#website"},"primaryImageOfPage":{"@id":"https:\/\/objektmoebel-mirplay.de\/de\/product\/palm\/#primaryimage"},"image":{"@id":"https:\/\/objektmoebel-mirplay.de\/de\/product\/palm\/#primaryimage"},"thumbnailUrl":"https:\/\/objektmoebel-mirplay.de\/wp-content\/uploads\/2025\/12\/Palm-scaled.jpg","datePublished":"2025-12-16T10:56:51+00:00","dateModified":"2025-12-16T10:59:46+00:00","description":"Kinder-Bodenkissen mit mobilem Aufbewahrungswagen, ideal zum Sitzen auf dem Boden w\u00e4hrend Gruppenaktivit\u00e4ten, Spielen oder Ruhephasen. Der mobile Wagen erleichtert die Organisation und den Transport im Klassenzimmer.","breadcrumb":{"@id":"https:\/\/objektmoebel-mirplay.de\/de\/product\/palm\/#breadcrumb"},"inLanguage":"de","potentialAction":[{"@type":"ReadAction","target":["https:\/\/objektmoebel-mirplay.de\/de\/product\/palm\/"]}]},{"@type":"ImageObject","inLanguage":"de","@id":"https:\/\/objektmoebel-mirplay.de\/de\/product\/palm\/#primaryimage","url":"https:\/\/objektmoebel-mirplay.de\/wp-content\/uploads\/2025\/12\/Palm-scaled.jpg","contentUrl":"https:\/\/objektmoebel-mirplay.de\/wp-content\/uploads\/2025\/12\/Palm-scaled.jpg","width":2560,"height":2560},{"@type":"BreadcrumbList","@id":"https:\/\/objektmoebel-mirplay.de\/de\/product\/palm\/#breadcrumb","itemListElement":[{"@type":"ListItem","position":1,"name":"Portada","item":"https:\/\/objektmoebel-mirplay.de\/de\/ca\/"},{"@type":"ListItem","position":2,"name":"Shop","item":"https:\/\/objektmoebel-mirplay.de\/en\/?page_id=5781"},{"@type":"ListItem","position":3,"name":"Palm"}]},{"@type":"WebSite","@id":"https:\/\/objektmoebel-mirplay.de\/de\/#website","url":"https:\/\/objektmoebel-mirplay.de\/de\/","name":"Mirplay School","description":"Muebles y Equipamiento para Peluquer\u00edas y Barber\u00edas.","publisher":{"@id":"https:\/\/objektmoebel-mirplay.de\/de\/#organization"},"potentialAction":[{"@type":"SearchAction","target":{"@type":"EntryPoint","urlTemplate":"https:\/\/objektmoebel-mirplay.de\/de\/?s={search_term_string}"},"query-input":{"@type":"PropertyValueSpecification","valueRequired":true,"valueName":"search_term_string"}}],"inLanguage":"de"},{"@type":"Organization","@id":"https:\/\/objektmoebel-mirplay.de\/de\/#organization","name":"Mirplay Salon","url":"https:\/\/objektmoebel-mirplay.de\/de\/","logo":{"@type":"ImageObject","inLanguage":"de","@id":"https:\/\/objektmoebel-mirplay.de\/de\/#\/schema\/logo\/image\/","url":"https:\/\/objektmoebel-mirplay.de\/wp-content\/uploads\/2022\/05\/cropped-MIRPLAY.SALONlogoM.17-01-2.jpg","contentUrl":"https:\/\/objektmoebel-mirplay.de\/wp-content\/uploads\/2022\/05\/cropped-MIRPLAY.SALONlogoM.17-01-2.jpg","width":512,"height":512,"caption":"Mirplay Salon"},"image":{"@id":"https:\/\/objektmoebel-mirplay.de\/de\/#\/schema\/logo\/image\/"}}]}},"_links":{"self":[{"href":"https:\/\/objektmoebel-mirplay.de\/de\/wp-json\/wp\/v2\/product\/13998","targetHints":{"allow":["GET"]}}],"collection":[{"href":"https:\/\/objektmoebel-mirplay.de\/de\/wp-json\/wp\/v2\/product"}],"about":[{"href":"https:\/\/objektmoebel-mirplay.de\/de\/wp-json\/wp\/v2\/types\/product"}],"wp:featuredmedia":[{"embeddable":true,"href":"https:\/\/objektmoebel-mirplay.de\/de\/wp-json\/wp\/v2\/media\/13999"}],"wp:attachment":[{"href":"https:\/\/objektmoebel-mirplay.de\/de\/wp-json\/wp\/v2\/media?parent=13998"}],"wp:term":[{"taxonomy":"product_brand","embeddable":true,"href":"https:\/\/objektmoebel-mirplay.de\/de\/wp-json\/wp\/v2\/product_brand?post=13998"},{"taxonomy":"product_cat","embeddable":true,"href":"https:\/\/objektmoebel-mirplay.de\/de\/wp-json\/wp\/v2\/product_cat?post=13998"},{"taxonomy":"product_tag","embeddable":true,"href":"https:\/\/objektmoebel-mirplay.de\/de\/wp-json\/wp\/v2\/product_tag?post=13998"}],"curies":[{"name":"wp","href":"https:\/\/api.w.org\/{rel}","templated":true}]}}