{"id":13641,"date":"2025-11-28T08:02:15","date_gmt":"2025-11-28T08:02:15","guid":{"rendered":"https:\/\/objektmoebel-mirplay.de\/?post_type=product&#038;p=13641"},"modified":"2026-03-09T09:09:50","modified_gmt":"2026-03-09T09:09:50","slug":"kido","status":"publish","type":"product","link":"https:\/\/objektmoebel-mirplay.de\/de\/product\/kido\/","title":{"rendered":"Kido"},"content":{"rendered":"","protected":false},"excerpt":{"rendered":"<p>Artikel KIDO<\/p>\n<p>Mobiles Aufbewahrungs- und Sitzsystem, das als Sitzgelegenheit dient und gleichzeitig Stauraum bietet. Durch die Rollen lassen sich schnell und flexibel unterschiedliche Lernr\u00e4ume schaffen und Bereiche aufteilen. Ideal f\u00fcr Gruppenarbeit und zur Verbesserung der Interaktion zwischen Sch\u00fclern. Als platzsparende Sitzgelegenheit nutzbar mit 2 Etagen.<\/p>\n<ul>\n<li><span class=\"dig-1hicw9p1_5-0-0 dig-1hicw9p0_5-0-0 dig-ekabin0_5-0-0 dig-Theme-vis2023 dig-Theme-vis2023--bright dig-Mode--bright In-Theme-Provider\">Holzpodest mit 4 Sitzen und 6 Staur\u00e4umen. Mit Kanten in Sperrholzoptik<\/span><\/li>\n<li>Optional mit Sitzkissen f\u00fcr bessern Komfort<\/li>\n<li>Holzkorpus mit Rollen<\/li>\n<li>Mit Stauraum<\/li>\n<li>Dekor: Ahorn<\/li>\n<li>kombinierbar mit <a href=\"https:\/\/objektmoebel-mirplay.de\/product\/ki\/\">KI<\/a> und <a href=\"https:\/\/objektmoebel-mirplay.de\/product\/do\/\">DO<\/a><\/li>\n<\/ul>\n<p><a href=\"https:\/\/www.dropbox.com\/scl\/fi\/o50abw1s91en8lhxoe21x\/KIDO_Datenbl-tter_Deutsch.pdf?rlkey=w7y49h63daacs8i7602rp44fu&amp;st=p93hjsxf&amp;dl=0\">Datenblatt<\/a><\/p>\n","protected":false},"featured_media":13642,"template":"","meta":[],"product_brand":[],"product_cat":[254,256],"product_tag":[],"class_list":{"0":"post-13641","1":"product","2":"type-product","3":"status-publish","4":"has-post-thumbnail","6":"product_cat-cabinets","7":"product_cat-chairs","9":"first","10":"instock","11":"shipping-taxable","12":"product-type-simple"},"yoast_head":"<!-- This site is optimized with the Yoast SEO plugin v27.6 - https:\/\/yoast.com\/product\/yoast-seo-wordpress\/ -->\n<title>MMobiles Aufbewahrungs- und Sitzsystemobiles Sitzsystem<\/title>\n<meta name=\"description\" content=\"Mobiles Aufbewahrungs- und Sitzsystem, das als Sitzgelegenheit dient und gleichzeitig als Stauraum.\" \/>\n<meta name=\"robots\" content=\"index, follow, max-snippet:-1, max-image-preview:large, max-video-preview:-1\" \/>\n<link rel=\"canonical\" href=\"https:\/\/objektmoebel-mirplay.de\/de\/product\/kido\/\" \/>\n<meta property=\"og:locale\" content=\"de_DE\" \/>\n<meta property=\"og:type\" content=\"article\" \/>\n<meta property=\"og:title\" content=\"MMobiles Aufbewahrungs- und Sitzsystemobiles Sitzsystem\" \/>\n<meta property=\"og:description\" content=\"Mobiles Aufbewahrungs- und Sitzsystem, das als Sitzgelegenheit dient und gleichzeitig als Stauraum.\" \/>\n<meta property=\"og:url\" content=\"https:\/\/objektmoebel-mirplay.de\/de\/product\/kido\/\" \/>\n<meta property=\"og:site_name\" content=\"Mirplay School\" \/>\n<meta property=\"article:modified_time\" content=\"2026-03-09T09:09:50+00:00\" \/>\n<meta property=\"og:image\" content=\"https:\/\/objektmoebel-mirplay.de\/wp-content\/uploads\/2025\/11\/04-KIDO-154_AZUL_GLACIAR-PR-01-scaled.png\" \/>\n\t<meta property=\"og:image:width\" content=\"2560\" \/>\n\t<meta property=\"og:image:height\" content=\"2560\" \/>\n\t<meta property=\"og:image:type\" content=\"image\/png\" \/>\n<meta name=\"twitter:card\" content=\"summary_large_image\" \/>\n<meta name=\"twitter:label1\" content=\"Gesch\u00e4tzte Lesezeit\" \/>\n\t<meta name=\"twitter:data1\" content=\"1\u00a0Minute\" \/>\n<script type=\"application\/ld+json\" class=\"yoast-schema-graph\">{\"@context\":\"https:\\\/\\\/schema.org\",\"@graph\":[{\"@type\":\"WebPage\",\"@id\":\"https:\\\/\\\/objektmoebel-mirplay.de\\\/de\\\/product\\\/kido\\\/\",\"url\":\"https:\\\/\\\/objektmoebel-mirplay.de\\\/de\\\/product\\\/kido\\\/\",\"name\":\"MMobiles Aufbewahrungs- und Sitzsystemobiles Sitzsystem\",\"isPartOf\":{\"@id\":\"https:\\\/\\\/objektmoebel-mirplay.de\\\/de\\\/#website\"},\"primaryImageOfPage\":{\"@id\":\"https:\\\/\\\/objektmoebel-mirplay.de\\\/de\\\/product\\\/kido\\\/#primaryimage\"},\"image\":{\"@id\":\"https:\\\/\\\/objektmoebel-mirplay.de\\\/de\\\/product\\\/kido\\\/#primaryimage\"},\"thumbnailUrl\":\"https:\\\/\\\/objektmoebel-mirplay.de\\\/wp-content\\\/uploads\\\/2025\\\/11\\\/04-KIDO-154_AZUL_GLACIAR-PR-01-scaled.png\",\"datePublished\":\"2025-11-28T08:02:15+00:00\",\"dateModified\":\"2026-03-09T09:09:50+00:00\",\"description\":\"Mobiles Aufbewahrungs- und Sitzsystem, das als Sitzgelegenheit dient und gleichzeitig als Stauraum.\",\"breadcrumb\":{\"@id\":\"https:\\\/\\\/objektmoebel-mirplay.de\\\/de\\\/product\\\/kido\\\/#breadcrumb\"},\"inLanguage\":\"de\",\"potentialAction\":[{\"@type\":\"ReadAction\",\"target\":[\"https:\\\/\\\/objektmoebel-mirplay.de\\\/de\\\/product\\\/kido\\\/\"]}]},{\"@type\":\"ImageObject\",\"inLanguage\":\"de\",\"@id\":\"https:\\\/\\\/objektmoebel-mirplay.de\\\/de\\\/product\\\/kido\\\/#primaryimage\",\"url\":\"https:\\\/\\\/objektmoebel-mirplay.de\\\/wp-content\\\/uploads\\\/2025\\\/11\\\/04-KIDO-154_AZUL_GLACIAR-PR-01-scaled.png\",\"contentUrl\":\"https:\\\/\\\/objektmoebel-mirplay.de\\\/wp-content\\\/uploads\\\/2025\\\/11\\\/04-KIDO-154_AZUL_GLACIAR-PR-01-scaled.png\",\"width\":2560,\"height\":2560},{\"@type\":\"BreadcrumbList\",\"@id\":\"https:\\\/\\\/objektmoebel-mirplay.de\\\/de\\\/product\\\/kido\\\/#breadcrumb\",\"itemListElement\":[{\"@type\":\"ListItem\",\"position\":1,\"name\":\"Portada\",\"item\":\"https:\\\/\\\/objektmoebel-mirplay.de\\\/de\\\/ca\\\/\"},{\"@type\":\"ListItem\",\"position\":2,\"name\":\"Shop\",\"item\":\"https:\\\/\\\/objektmoebel-mirplay.de\\\/en\\\/?page_id=5781\"},{\"@type\":\"ListItem\",\"position\":3,\"name\":\"Kido\"}]},{\"@type\":\"WebSite\",\"@id\":\"https:\\\/\\\/objektmoebel-mirplay.de\\\/de\\\/#website\",\"url\":\"https:\\\/\\\/objektmoebel-mirplay.de\\\/de\\\/\",\"name\":\"Mirplay School\",\"description\":\"Muebles y Equipamiento para Peluquer\u00edas y Barber\u00edas.\",\"publisher\":{\"@id\":\"https:\\\/\\\/objektmoebel-mirplay.de\\\/de\\\/#organization\"},\"potentialAction\":[{\"@type\":\"SearchAction\",\"target\":{\"@type\":\"EntryPoint\",\"urlTemplate\":\"https:\\\/\\\/objektmoebel-mirplay.de\\\/de\\\/?s={search_term_string}\"},\"query-input\":{\"@type\":\"PropertyValueSpecification\",\"valueRequired\":true,\"valueName\":\"search_term_string\"}}],\"inLanguage\":\"de\"},{\"@type\":\"Organization\",\"@id\":\"https:\\\/\\\/objektmoebel-mirplay.de\\\/de\\\/#organization\",\"name\":\"Mirplay Salon\",\"url\":\"https:\\\/\\\/objektmoebel-mirplay.de\\\/de\\\/\",\"logo\":{\"@type\":\"ImageObject\",\"inLanguage\":\"de\",\"@id\":\"https:\\\/\\\/objektmoebel-mirplay.de\\\/de\\\/#\\\/schema\\\/logo\\\/image\\\/\",\"url\":\"https:\\\/\\\/objektmoebel-mirplay.de\\\/wp-content\\\/uploads\\\/2022\\\/05\\\/cropped-MIRPLAY.SALONlogoM.17-01-2.jpg\",\"contentUrl\":\"https:\\\/\\\/objektmoebel-mirplay.de\\\/wp-content\\\/uploads\\\/2022\\\/05\\\/cropped-MIRPLAY.SALONlogoM.17-01-2.jpg\",\"width\":512,\"height\":512,\"caption\":\"Mirplay Salon\"},\"image\":{\"@id\":\"https:\\\/\\\/objektmoebel-mirplay.de\\\/de\\\/#\\\/schema\\\/logo\\\/image\\\/\"}}]}<\/script>\n<!-- \/ Yoast SEO plugin. -->","yoast_head_json":{"title":"MMobiles Aufbewahrungs- und Sitzsystemobiles Sitzsystem","description":"Mobiles Aufbewahrungs- und Sitzsystem, das als Sitzgelegenheit dient und gleichzeitig als Stauraum.","robots":{"index":"index","follow":"follow","max-snippet":"max-snippet:-1","max-image-preview":"max-image-preview:large","max-video-preview":"max-video-preview:-1"},"canonical":"https:\/\/objektmoebel-mirplay.de\/de\/product\/kido\/","og_locale":"de_DE","og_type":"article","og_title":"MMobiles Aufbewahrungs- und Sitzsystemobiles Sitzsystem","og_description":"Mobiles Aufbewahrungs- und Sitzsystem, das als Sitzgelegenheit dient und gleichzeitig als Stauraum.","og_url":"https:\/\/objektmoebel-mirplay.de\/de\/product\/kido\/","og_site_name":"Mirplay School","article_modified_time":"2026-03-09T09:09:50+00:00","og_image":[{"width":2560,"height":2560,"url":"https:\/\/objektmoebel-mirplay.de\/wp-content\/uploads\/2025\/11\/04-KIDO-154_AZUL_GLACIAR-PR-01-scaled.png","type":"image\/png"}],"twitter_card":"summary_large_image","twitter_misc":{"Gesch\u00e4tzte Lesezeit":"1\u00a0Minute"},"schema":{"@context":"https:\/\/schema.org","@graph":[{"@type":"WebPage","@id":"https:\/\/objektmoebel-mirplay.de\/de\/product\/kido\/","url":"https:\/\/objektmoebel-mirplay.de\/de\/product\/kido\/","name":"MMobiles Aufbewahrungs- und Sitzsystemobiles Sitzsystem","isPartOf":{"@id":"https:\/\/objektmoebel-mirplay.de\/de\/#website"},"primaryImageOfPage":{"@id":"https:\/\/objektmoebel-mirplay.de\/de\/product\/kido\/#primaryimage"},"image":{"@id":"https:\/\/objektmoebel-mirplay.de\/de\/product\/kido\/#primaryimage"},"thumbnailUrl":"https:\/\/objektmoebel-mirplay.de\/wp-content\/uploads\/2025\/11\/04-KIDO-154_AZUL_GLACIAR-PR-01-scaled.png","datePublished":"2025-11-28T08:02:15+00:00","dateModified":"2026-03-09T09:09:50+00:00","description":"Mobiles Aufbewahrungs- und Sitzsystem, das als Sitzgelegenheit dient und gleichzeitig als Stauraum.","breadcrumb":{"@id":"https:\/\/objektmoebel-mirplay.de\/de\/product\/kido\/#breadcrumb"},"inLanguage":"de","potentialAction":[{"@type":"ReadAction","target":["https:\/\/objektmoebel-mirplay.de\/de\/product\/kido\/"]}]},{"@type":"ImageObject","inLanguage":"de","@id":"https:\/\/objektmoebel-mirplay.de\/de\/product\/kido\/#primaryimage","url":"https:\/\/objektmoebel-mirplay.de\/wp-content\/uploads\/2025\/11\/04-KIDO-154_AZUL_GLACIAR-PR-01-scaled.png","contentUrl":"https:\/\/objektmoebel-mirplay.de\/wp-content\/uploads\/2025\/11\/04-KIDO-154_AZUL_GLACIAR-PR-01-scaled.png","width":2560,"height":2560},{"@type":"BreadcrumbList","@id":"https:\/\/objektmoebel-mirplay.de\/de\/product\/kido\/#breadcrumb","itemListElement":[{"@type":"ListItem","position":1,"name":"Portada","item":"https:\/\/objektmoebel-mirplay.de\/de\/ca\/"},{"@type":"ListItem","position":2,"name":"Shop","item":"https:\/\/objektmoebel-mirplay.de\/en\/?page_id=5781"},{"@type":"ListItem","position":3,"name":"Kido"}]},{"@type":"WebSite","@id":"https:\/\/objektmoebel-mirplay.de\/de\/#website","url":"https:\/\/objektmoebel-mirplay.de\/de\/","name":"Mirplay School","description":"Muebles y Equipamiento para Peluquer\u00edas y Barber\u00edas.","publisher":{"@id":"https:\/\/objektmoebel-mirplay.de\/de\/#organization"},"potentialAction":[{"@type":"SearchAction","target":{"@type":"EntryPoint","urlTemplate":"https:\/\/objektmoebel-mirplay.de\/de\/?s={search_term_string}"},"query-input":{"@type":"PropertyValueSpecification","valueRequired":true,"valueName":"search_term_string"}}],"inLanguage":"de"},{"@type":"Organization","@id":"https:\/\/objektmoebel-mirplay.de\/de\/#organization","name":"Mirplay Salon","url":"https:\/\/objektmoebel-mirplay.de\/de\/","logo":{"@type":"ImageObject","inLanguage":"de","@id":"https:\/\/objektmoebel-mirplay.de\/de\/#\/schema\/logo\/image\/","url":"https:\/\/objektmoebel-mirplay.de\/wp-content\/uploads\/2022\/05\/cropped-MIRPLAY.SALONlogoM.17-01-2.jpg","contentUrl":"https:\/\/objektmoebel-mirplay.de\/wp-content\/uploads\/2022\/05\/cropped-MIRPLAY.SALONlogoM.17-01-2.jpg","width":512,"height":512,"caption":"Mirplay Salon"},"image":{"@id":"https:\/\/objektmoebel-mirplay.de\/de\/#\/schema\/logo\/image\/"}}]}},"_links":{"self":[{"href":"https:\/\/objektmoebel-mirplay.de\/de\/wp-json\/wp\/v2\/product\/13641","targetHints":{"allow":["GET"]}}],"collection":[{"href":"https:\/\/objektmoebel-mirplay.de\/de\/wp-json\/wp\/v2\/product"}],"about":[{"href":"https:\/\/objektmoebel-mirplay.de\/de\/wp-json\/wp\/v2\/types\/product"}],"wp:featuredmedia":[{"embeddable":true,"href":"https:\/\/objektmoebel-mirplay.de\/de\/wp-json\/wp\/v2\/media\/13642"}],"wp:attachment":[{"href":"https:\/\/objektmoebel-mirplay.de\/de\/wp-json\/wp\/v2\/media?parent=13641"}],"wp:term":[{"taxonomy":"product_brand","embeddable":true,"href":"https:\/\/objektmoebel-mirplay.de\/de\/wp-json\/wp\/v2\/product_brand?post=13641"},{"taxonomy":"product_cat","embeddable":true,"href":"https:\/\/objektmoebel-mirplay.de\/de\/wp-json\/wp\/v2\/product_cat?post=13641"},{"taxonomy":"product_tag","embeddable":true,"href":"https:\/\/objektmoebel-mirplay.de\/de\/wp-json\/wp\/v2\/product_tag?post=13641"}],"curies":[{"name":"wp","href":"https:\/\/api.w.org\/{rel}","templated":true}]}}