{"id":13532,"date":"2025-07-14T11:06:23","date_gmt":"2025-07-14T11:06:23","guid":{"rendered":"https:\/\/objektmoebel-mirplay.de\/?post_type=product&#038;p=13532"},"modified":"2025-10-01T10:57:32","modified_gmt":"2025-10-01T10:57:32","slug":"trennelement-kalin-divider","status":"publish","type":"product","link":"https:\/\/objektmoebel-mirplay.de\/de\/product\/trennelement-kalin-divider\/","title":{"rendered":"Trennelement Kalin Divider"},"content":{"rendered":"","protected":false},"excerpt":{"rendered":"<p data-start=\"101\" data-end=\"169\">Gepolstertes Trennelement als Erg\u00e4nzung f\u00fcr das Schulsofa Kalin.<\/p>\n<ul data-start=\"171\" data-end=\"477\">\n<li data-start=\"171\" data-end=\"255\">\n<p data-start=\"173\" data-end=\"255\">Feuerhemmender, gepolsterter Stoff, der Sicherheit und Komfort gew\u00e4hrleistet<\/p>\n<\/li>\n<li data-start=\"256\" data-end=\"366\">\n<p data-start=\"258\" data-end=\"366\">Ideal zur Gestaltung verschiedener Raumkonzepte und zur Anpassung an unterschiedliche Platzbed\u00fcrfnisse<\/p>\n<\/li>\n<li data-start=\"367\" data-end=\"477\">\n<p data-start=\"369\" data-end=\"477\">Leicht integrierbar mit den Kalin-Sofas Curved und Rectangle, f\u00fcr mehr Vielseitigkeit und Funktionalit\u00e4t<\/p>\n<\/li>\n<\/ul>\n<p><a href=\"https:\/\/www.dropbox.com\/scl\/fi\/xwwxu7dn7h6hmfn3dca9h\/KALIN-RECTANGLE_Deutsch.pdf?rlkey=1nkfe4qybk9s2v3wrkbgek0vu&amp;st=ik5lnx4z&amp;dl=0\">Datenblatt<\/a><\/p>\n","protected":false},"featured_media":13533,"template":"","meta":[],"product_brand":[],"product_cat":[248],"product_tag":[],"class_list":{"0":"post-13532","1":"product","2":"type-product","3":"status-publish","4":"has-post-thumbnail","6":"product_cat-soft-seating-en","8":"first","9":"instock","10":"shipping-taxable","11":"product-type-simple"},"yoast_head":"<!-- This site is optimized with the Yoast SEO plugin v27.6 - https:\/\/yoast.com\/product\/yoast-seo-wordpress\/ -->\n<title>Trennelement Kalin Divider<\/title>\n<meta name=\"description\" content=\"Gepolstertes Trennelement als Erg\u00e4nzung f\u00fcr das Schulsofa Kalin. Flammhemmender, gepolsterter Stoff. Leicht integrierbar f\u00fcr mehr Vielseitigkeit.\" \/>\n<meta name=\"robots\" content=\"index, follow, max-snippet:-1, max-image-preview:large, max-video-preview:-1\" \/>\n<link rel=\"canonical\" href=\"https:\/\/objektmoebel-mirplay.de\/de\/product\/trennelement-kalin-divider\/\" \/>\n<meta property=\"og:locale\" content=\"de_DE\" \/>\n<meta property=\"og:type\" content=\"article\" \/>\n<meta property=\"og:title\" content=\"Trennelement Kalin Divider\" \/>\n<meta property=\"og:description\" content=\"Gepolstertes Trennelement als Erg\u00e4nzung f\u00fcr das Schulsofa Kalin. Flammhemmender, gepolsterter Stoff. Leicht integrierbar f\u00fcr mehr Vielseitigkeit.\" \/>\n<meta property=\"og:url\" content=\"https:\/\/objektmoebel-mirplay.de\/de\/product\/trennelement-kalin-divider\/\" \/>\n<meta property=\"og:site_name\" content=\"Mirplay School\" \/>\n<meta property=\"article:modified_time\" content=\"2025-10-01T10:57:32+00:00\" \/>\n<meta property=\"og:image\" content=\"https:\/\/objektmoebel-mirplay.de\/wp-content\/uploads\/2025\/07\/KALIN-divider_1200x1200_NEW_MiSchool.jpg\" \/>\n\t<meta property=\"og:image:width\" content=\"1200\" \/>\n\t<meta property=\"og:image:height\" content=\"1200\" \/>\n\t<meta property=\"og:image:type\" content=\"image\/jpeg\" \/>\n<meta name=\"twitter:card\" content=\"summary_large_image\" \/>\n<meta name=\"twitter:label1\" content=\"Gesch\u00e4tzte Lesezeit\" \/>\n\t<meta name=\"twitter:data1\" content=\"1\u00a0Minute\" \/>\n<script type=\"application\/ld+json\" class=\"yoast-schema-graph\">{\"@context\":\"https:\\\/\\\/schema.org\",\"@graph\":[{\"@type\":\"WebPage\",\"@id\":\"https:\\\/\\\/objektmoebel-mirplay.de\\\/de\\\/product\\\/trennelement-kalin-divider\\\/\",\"url\":\"https:\\\/\\\/objektmoebel-mirplay.de\\\/de\\\/product\\\/trennelement-kalin-divider\\\/\",\"name\":\"Trennelement Kalin Divider\",\"isPartOf\":{\"@id\":\"https:\\\/\\\/objektmoebel-mirplay.de\\\/de\\\/#website\"},\"primaryImageOfPage\":{\"@id\":\"https:\\\/\\\/objektmoebel-mirplay.de\\\/de\\\/product\\\/trennelement-kalin-divider\\\/#primaryimage\"},\"image\":{\"@id\":\"https:\\\/\\\/objektmoebel-mirplay.de\\\/de\\\/product\\\/trennelement-kalin-divider\\\/#primaryimage\"},\"thumbnailUrl\":\"https:\\\/\\\/objektmoebel-mirplay.de\\\/wp-content\\\/uploads\\\/2025\\\/07\\\/KALIN-divider_1200x1200_NEW_MiSchool.jpg\",\"datePublished\":\"2025-07-14T11:06:23+00:00\",\"dateModified\":\"2025-10-01T10:57:32+00:00\",\"description\":\"Gepolstertes Trennelement als Erg\u00e4nzung f\u00fcr das Schulsofa Kalin. Flammhemmender, gepolsterter Stoff. Leicht integrierbar f\u00fcr mehr Vielseitigkeit.\",\"breadcrumb\":{\"@id\":\"https:\\\/\\\/objektmoebel-mirplay.de\\\/de\\\/product\\\/trennelement-kalin-divider\\\/#breadcrumb\"},\"inLanguage\":\"de\",\"potentialAction\":[{\"@type\":\"ReadAction\",\"target\":[\"https:\\\/\\\/objektmoebel-mirplay.de\\\/de\\\/product\\\/trennelement-kalin-divider\\\/\"]}]},{\"@type\":\"ImageObject\",\"inLanguage\":\"de\",\"@id\":\"https:\\\/\\\/objektmoebel-mirplay.de\\\/de\\\/product\\\/trennelement-kalin-divider\\\/#primaryimage\",\"url\":\"https:\\\/\\\/objektmoebel-mirplay.de\\\/wp-content\\\/uploads\\\/2025\\\/07\\\/KALIN-divider_1200x1200_NEW_MiSchool.jpg\",\"contentUrl\":\"https:\\\/\\\/objektmoebel-mirplay.de\\\/wp-content\\\/uploads\\\/2025\\\/07\\\/KALIN-divider_1200x1200_NEW_MiSchool.jpg\",\"width\":1200,\"height\":1200},{\"@type\":\"BreadcrumbList\",\"@id\":\"https:\\\/\\\/objektmoebel-mirplay.de\\\/de\\\/product\\\/trennelement-kalin-divider\\\/#breadcrumb\",\"itemListElement\":[{\"@type\":\"ListItem\",\"position\":1,\"name\":\"Portada\",\"item\":\"https:\\\/\\\/objektmoebel-mirplay.de\\\/de\\\/ca\\\/\"},{\"@type\":\"ListItem\",\"position\":2,\"name\":\"Shop\",\"item\":\"https:\\\/\\\/objektmoebel-mirplay.de\\\/en\\\/?page_id=5781\"},{\"@type\":\"ListItem\",\"position\":3,\"name\":\"Trennelement Kalin Divider\"}]},{\"@type\":\"WebSite\",\"@id\":\"https:\\\/\\\/objektmoebel-mirplay.de\\\/de\\\/#website\",\"url\":\"https:\\\/\\\/objektmoebel-mirplay.de\\\/de\\\/\",\"name\":\"Mirplay School\",\"description\":\"Muebles y Equipamiento para Peluquer\u00edas y Barber\u00edas.\",\"publisher\":{\"@id\":\"https:\\\/\\\/objektmoebel-mirplay.de\\\/de\\\/#organization\"},\"potentialAction\":[{\"@type\":\"SearchAction\",\"target\":{\"@type\":\"EntryPoint\",\"urlTemplate\":\"https:\\\/\\\/objektmoebel-mirplay.de\\\/de\\\/?s={search_term_string}\"},\"query-input\":{\"@type\":\"PropertyValueSpecification\",\"valueRequired\":true,\"valueName\":\"search_term_string\"}}],\"inLanguage\":\"de\"},{\"@type\":\"Organization\",\"@id\":\"https:\\\/\\\/objektmoebel-mirplay.de\\\/de\\\/#organization\",\"name\":\"Mirplay Salon\",\"url\":\"https:\\\/\\\/objektmoebel-mirplay.de\\\/de\\\/\",\"logo\":{\"@type\":\"ImageObject\",\"inLanguage\":\"de\",\"@id\":\"https:\\\/\\\/objektmoebel-mirplay.de\\\/de\\\/#\\\/schema\\\/logo\\\/image\\\/\",\"url\":\"https:\\\/\\\/objektmoebel-mirplay.de\\\/wp-content\\\/uploads\\\/2022\\\/05\\\/cropped-MIRPLAY.SALONlogoM.17-01-2.jpg\",\"contentUrl\":\"https:\\\/\\\/objektmoebel-mirplay.de\\\/wp-content\\\/uploads\\\/2022\\\/05\\\/cropped-MIRPLAY.SALONlogoM.17-01-2.jpg\",\"width\":512,\"height\":512,\"caption\":\"Mirplay Salon\"},\"image\":{\"@id\":\"https:\\\/\\\/objektmoebel-mirplay.de\\\/de\\\/#\\\/schema\\\/logo\\\/image\\\/\"}}]}<\/script>\n<!-- \/ Yoast SEO plugin. -->","yoast_head_json":{"title":"Trennelement Kalin Divider","description":"Gepolstertes Trennelement als Erg\u00e4nzung f\u00fcr das Schulsofa Kalin. Flammhemmender, gepolsterter Stoff. Leicht integrierbar f\u00fcr mehr Vielseitigkeit.","robots":{"index":"index","follow":"follow","max-snippet":"max-snippet:-1","max-image-preview":"max-image-preview:large","max-video-preview":"max-video-preview:-1"},"canonical":"https:\/\/objektmoebel-mirplay.de\/de\/product\/trennelement-kalin-divider\/","og_locale":"de_DE","og_type":"article","og_title":"Trennelement Kalin Divider","og_description":"Gepolstertes Trennelement als Erg\u00e4nzung f\u00fcr das Schulsofa Kalin. Flammhemmender, gepolsterter Stoff. Leicht integrierbar f\u00fcr mehr Vielseitigkeit.","og_url":"https:\/\/objektmoebel-mirplay.de\/de\/product\/trennelement-kalin-divider\/","og_site_name":"Mirplay School","article_modified_time":"2025-10-01T10:57:32+00:00","og_image":[{"width":1200,"height":1200,"url":"https:\/\/objektmoebel-mirplay.de\/wp-content\/uploads\/2025\/07\/KALIN-divider_1200x1200_NEW_MiSchool.jpg","type":"image\/jpeg"}],"twitter_card":"summary_large_image","twitter_misc":{"Gesch\u00e4tzte Lesezeit":"1\u00a0Minute"},"schema":{"@context":"https:\/\/schema.org","@graph":[{"@type":"WebPage","@id":"https:\/\/objektmoebel-mirplay.de\/de\/product\/trennelement-kalin-divider\/","url":"https:\/\/objektmoebel-mirplay.de\/de\/product\/trennelement-kalin-divider\/","name":"Trennelement Kalin Divider","isPartOf":{"@id":"https:\/\/objektmoebel-mirplay.de\/de\/#website"},"primaryImageOfPage":{"@id":"https:\/\/objektmoebel-mirplay.de\/de\/product\/trennelement-kalin-divider\/#primaryimage"},"image":{"@id":"https:\/\/objektmoebel-mirplay.de\/de\/product\/trennelement-kalin-divider\/#primaryimage"},"thumbnailUrl":"https:\/\/objektmoebel-mirplay.de\/wp-content\/uploads\/2025\/07\/KALIN-divider_1200x1200_NEW_MiSchool.jpg","datePublished":"2025-07-14T11:06:23+00:00","dateModified":"2025-10-01T10:57:32+00:00","description":"Gepolstertes Trennelement als Erg\u00e4nzung f\u00fcr das Schulsofa Kalin. Flammhemmender, gepolsterter Stoff. Leicht integrierbar f\u00fcr mehr Vielseitigkeit.","breadcrumb":{"@id":"https:\/\/objektmoebel-mirplay.de\/de\/product\/trennelement-kalin-divider\/#breadcrumb"},"inLanguage":"de","potentialAction":[{"@type":"ReadAction","target":["https:\/\/objektmoebel-mirplay.de\/de\/product\/trennelement-kalin-divider\/"]}]},{"@type":"ImageObject","inLanguage":"de","@id":"https:\/\/objektmoebel-mirplay.de\/de\/product\/trennelement-kalin-divider\/#primaryimage","url":"https:\/\/objektmoebel-mirplay.de\/wp-content\/uploads\/2025\/07\/KALIN-divider_1200x1200_NEW_MiSchool.jpg","contentUrl":"https:\/\/objektmoebel-mirplay.de\/wp-content\/uploads\/2025\/07\/KALIN-divider_1200x1200_NEW_MiSchool.jpg","width":1200,"height":1200},{"@type":"BreadcrumbList","@id":"https:\/\/objektmoebel-mirplay.de\/de\/product\/trennelement-kalin-divider\/#breadcrumb","itemListElement":[{"@type":"ListItem","position":1,"name":"Portada","item":"https:\/\/objektmoebel-mirplay.de\/de\/ca\/"},{"@type":"ListItem","position":2,"name":"Shop","item":"https:\/\/objektmoebel-mirplay.de\/en\/?page_id=5781"},{"@type":"ListItem","position":3,"name":"Trennelement Kalin Divider"}]},{"@type":"WebSite","@id":"https:\/\/objektmoebel-mirplay.de\/de\/#website","url":"https:\/\/objektmoebel-mirplay.de\/de\/","name":"Mirplay School","description":"Muebles y Equipamiento para Peluquer\u00edas y Barber\u00edas.","publisher":{"@id":"https:\/\/objektmoebel-mirplay.de\/de\/#organization"},"potentialAction":[{"@type":"SearchAction","target":{"@type":"EntryPoint","urlTemplate":"https:\/\/objektmoebel-mirplay.de\/de\/?s={search_term_string}"},"query-input":{"@type":"PropertyValueSpecification","valueRequired":true,"valueName":"search_term_string"}}],"inLanguage":"de"},{"@type":"Organization","@id":"https:\/\/objektmoebel-mirplay.de\/de\/#organization","name":"Mirplay Salon","url":"https:\/\/objektmoebel-mirplay.de\/de\/","logo":{"@type":"ImageObject","inLanguage":"de","@id":"https:\/\/objektmoebel-mirplay.de\/de\/#\/schema\/logo\/image\/","url":"https:\/\/objektmoebel-mirplay.de\/wp-content\/uploads\/2022\/05\/cropped-MIRPLAY.SALONlogoM.17-01-2.jpg","contentUrl":"https:\/\/objektmoebel-mirplay.de\/wp-content\/uploads\/2022\/05\/cropped-MIRPLAY.SALONlogoM.17-01-2.jpg","width":512,"height":512,"caption":"Mirplay Salon"},"image":{"@id":"https:\/\/objektmoebel-mirplay.de\/de\/#\/schema\/logo\/image\/"}}]}},"_links":{"self":[{"href":"https:\/\/objektmoebel-mirplay.de\/de\/wp-json\/wp\/v2\/product\/13532","targetHints":{"allow":["GET"]}}],"collection":[{"href":"https:\/\/objektmoebel-mirplay.de\/de\/wp-json\/wp\/v2\/product"}],"about":[{"href":"https:\/\/objektmoebel-mirplay.de\/de\/wp-json\/wp\/v2\/types\/product"}],"wp:featuredmedia":[{"embeddable":true,"href":"https:\/\/objektmoebel-mirplay.de\/de\/wp-json\/wp\/v2\/media\/13533"}],"wp:attachment":[{"href":"https:\/\/objektmoebel-mirplay.de\/de\/wp-json\/wp\/v2\/media?parent=13532"}],"wp:term":[{"taxonomy":"product_brand","embeddable":true,"href":"https:\/\/objektmoebel-mirplay.de\/de\/wp-json\/wp\/v2\/product_brand?post=13532"},{"taxonomy":"product_cat","embeddable":true,"href":"https:\/\/objektmoebel-mirplay.de\/de\/wp-json\/wp\/v2\/product_cat?post=13532"},{"taxonomy":"product_tag","embeddable":true,"href":"https:\/\/objektmoebel-mirplay.de\/de\/wp-json\/wp\/v2\/product_tag?post=13532"}],"curies":[{"name":"wp","href":"https:\/\/api.w.org\/{rel}","templated":true}]}}