{"id":13471,"date":"2025-07-14T09:55:47","date_gmt":"2025-07-14T09:55:47","guid":{"rendered":"https:\/\/objektmoebel-mirplay.de\/?post_type=product&#038;p=13471"},"modified":"2026-02-04T13:13:28","modified_gmt":"2026-02-04T13:13:28","slug":"sofa-kalin-curved-complete","status":"publish","type":"product","link":"https:\/\/objektmoebel-mirplay.de\/de\/product\/sofa-kalin-curved-complete\/","title":{"rendered":"Sofa Kalin Curved Complete"},"content":{"rendered":"","protected":false},"excerpt":{"rendered":"<p data-start=\"100\" data-end=\"323\">Modulares, gebogenes Schulsofa mit R\u00fcckenlehne, entworfen zur Schaffung von Ruhe- und Begegnungsbereichen in Bildungseinrichtungen. Ideal f\u00fcr das Klassenzimmer der Zukunft, Empfangsbereiche, Universit\u00e4ten oder Bibliotheken.<\/p>\n<ul data-start=\"325\" data-end=\"536\">\n<li data-start=\"325\" data-end=\"345\">\n<p data-start=\"327\" data-end=\"345\">Holzgestell<\/p>\n<\/li>\n<li data-start=\"346\" data-end=\"423\">\n<p data-start=\"348\" data-end=\"423\">Feuerhemmender, gepolsterter Stoff, der Sicherheit und Komfort bietet<\/p>\n<\/li>\n<li data-start=\"424\" data-end=\"507\">\n<p data-start=\"426\" data-end=\"507\">Modular kombinierbar, um verschiedene Bereiche zu gestalten und abzugrenzen<\/p>\n<\/li>\n<li data-start=\"508\" data-end=\"536\">\n<p data-start=\"510\" data-end=\"536\">In 3 Farben erh\u00e4ltlich<\/p>\n<\/li>\n<li data-start=\"508\" data-end=\"536\">Optionen mit R\u00fcckenlehne und seitlichen Akustikbarrieren<\/li>\n<\/ul>\n<p><a href=\"https:\/\/www.dropbox.com\/scl\/fi\/sbo63evumyhpop9j4rb8q\/KALIN-CURVED_Deutsch.pdf?rlkey=ql4j5ssuc0r2ekp16ypoky6y3&amp;st=9m3ft6ss&amp;dl=0\">Datenblatt<\/a><\/p>\n","protected":false},"featured_media":13472,"template":"","meta":[],"product_brand":[],"product_cat":[248],"product_tag":[],"class_list":{"0":"post-13471","1":"product","2":"type-product","3":"status-publish","4":"has-post-thumbnail","6":"product_cat-soft-seating-en","8":"first","9":"instock","10":"shipping-taxable","11":"product-type-simple"},"yoast_head":"<!-- This site is optimized with the Yoast SEO plugin v27.6 - https:\/\/yoast.com\/product\/yoast-seo-wordpress\/ -->\n<title>Sofa Kalin Curved Complete<\/title>\n<meta name=\"description\" content=\"Modulares, gebogenes Schulsofa mit R\u00fcckenlehne. Entworfen zur Schaffung von Ruhe- und Begegnungsbereichen in Bildungseinrichtungen.\" \/>\n<meta name=\"robots\" content=\"index, follow, max-snippet:-1, max-image-preview:large, max-video-preview:-1\" \/>\n<link rel=\"canonical\" href=\"https:\/\/objektmoebel-mirplay.de\/de\/product\/sofa-kalin-curved-complete\/\" \/>\n<meta property=\"og:locale\" content=\"de_DE\" \/>\n<meta property=\"og:type\" content=\"article\" \/>\n<meta property=\"og:title\" content=\"Sofa Kalin Curved Complete\" \/>\n<meta property=\"og:description\" content=\"Modulares, gebogenes Schulsofa mit R\u00fcckenlehne. Entworfen zur Schaffung von Ruhe- und Begegnungsbereichen in Bildungseinrichtungen.\" \/>\n<meta property=\"og:url\" content=\"https:\/\/objektmoebel-mirplay.de\/de\/product\/sofa-kalin-curved-complete\/\" \/>\n<meta property=\"og:site_name\" content=\"Mirplay School\" \/>\n<meta property=\"article:modified_time\" content=\"2026-02-04T13:13:28+00:00\" \/>\n<meta property=\"og:image\" content=\"https:\/\/objektmoebel-mirplay.de\/wp-content\/uploads\/2025\/07\/KALIN-curved-completed_1200x1200_NEW_MiSchool.jpg\" \/>\n\t<meta property=\"og:image:width\" content=\"1200\" \/>\n\t<meta property=\"og:image:height\" content=\"1200\" \/>\n\t<meta property=\"og:image:type\" content=\"image\/jpeg\" \/>\n<meta name=\"twitter:card\" content=\"summary_large_image\" \/>\n<meta name=\"twitter:label1\" content=\"Gesch\u00e4tzte Lesezeit\" \/>\n\t<meta name=\"twitter:data1\" content=\"1\u00a0Minute\" \/>\n<script type=\"application\/ld+json\" class=\"yoast-schema-graph\">{\"@context\":\"https:\\\/\\\/schema.org\",\"@graph\":[{\"@type\":\"WebPage\",\"@id\":\"https:\\\/\\\/objektmoebel-mirplay.de\\\/de\\\/product\\\/sofa-kalin-curved-complete\\\/\",\"url\":\"https:\\\/\\\/objektmoebel-mirplay.de\\\/de\\\/product\\\/sofa-kalin-curved-complete\\\/\",\"name\":\"Sofa Kalin Curved Complete\",\"isPartOf\":{\"@id\":\"https:\\\/\\\/objektmoebel-mirplay.de\\\/de\\\/#website\"},\"primaryImageOfPage\":{\"@id\":\"https:\\\/\\\/objektmoebel-mirplay.de\\\/de\\\/product\\\/sofa-kalin-curved-complete\\\/#primaryimage\"},\"image\":{\"@id\":\"https:\\\/\\\/objektmoebel-mirplay.de\\\/de\\\/product\\\/sofa-kalin-curved-complete\\\/#primaryimage\"},\"thumbnailUrl\":\"https:\\\/\\\/objektmoebel-mirplay.de\\\/wp-content\\\/uploads\\\/2025\\\/07\\\/KALIN-curved-completed_1200x1200_NEW_MiSchool.jpg\",\"datePublished\":\"2025-07-14T09:55:47+00:00\",\"dateModified\":\"2026-02-04T13:13:28+00:00\",\"description\":\"Modulares, gebogenes Schulsofa mit R\u00fcckenlehne. Entworfen zur Schaffung von Ruhe- und Begegnungsbereichen in Bildungseinrichtungen.\",\"breadcrumb\":{\"@id\":\"https:\\\/\\\/objektmoebel-mirplay.de\\\/de\\\/product\\\/sofa-kalin-curved-complete\\\/#breadcrumb\"},\"inLanguage\":\"de\",\"potentialAction\":[{\"@type\":\"ReadAction\",\"target\":[\"https:\\\/\\\/objektmoebel-mirplay.de\\\/de\\\/product\\\/sofa-kalin-curved-complete\\\/\"]}]},{\"@type\":\"ImageObject\",\"inLanguage\":\"de\",\"@id\":\"https:\\\/\\\/objektmoebel-mirplay.de\\\/de\\\/product\\\/sofa-kalin-curved-complete\\\/#primaryimage\",\"url\":\"https:\\\/\\\/objektmoebel-mirplay.de\\\/wp-content\\\/uploads\\\/2025\\\/07\\\/KALIN-curved-completed_1200x1200_NEW_MiSchool.jpg\",\"contentUrl\":\"https:\\\/\\\/objektmoebel-mirplay.de\\\/wp-content\\\/uploads\\\/2025\\\/07\\\/KALIN-curved-completed_1200x1200_NEW_MiSchool.jpg\",\"width\":1200,\"height\":1200},{\"@type\":\"BreadcrumbList\",\"@id\":\"https:\\\/\\\/objektmoebel-mirplay.de\\\/de\\\/product\\\/sofa-kalin-curved-complete\\\/#breadcrumb\",\"itemListElement\":[{\"@type\":\"ListItem\",\"position\":1,\"name\":\"Portada\",\"item\":\"https:\\\/\\\/objektmoebel-mirplay.de\\\/de\\\/ca\\\/\"},{\"@type\":\"ListItem\",\"position\":2,\"name\":\"Shop\",\"item\":\"https:\\\/\\\/objektmoebel-mirplay.de\\\/en\\\/?page_id=5781\"},{\"@type\":\"ListItem\",\"position\":3,\"name\":\"Sofa Kalin Curved Complete\"}]},{\"@type\":\"WebSite\",\"@id\":\"https:\\\/\\\/objektmoebel-mirplay.de\\\/de\\\/#website\",\"url\":\"https:\\\/\\\/objektmoebel-mirplay.de\\\/de\\\/\",\"name\":\"Mirplay School\",\"description\":\"Muebles y Equipamiento para Peluquer\u00edas y Barber\u00edas.\",\"publisher\":{\"@id\":\"https:\\\/\\\/objektmoebel-mirplay.de\\\/de\\\/#organization\"},\"potentialAction\":[{\"@type\":\"SearchAction\",\"target\":{\"@type\":\"EntryPoint\",\"urlTemplate\":\"https:\\\/\\\/objektmoebel-mirplay.de\\\/de\\\/?s={search_term_string}\"},\"query-input\":{\"@type\":\"PropertyValueSpecification\",\"valueRequired\":true,\"valueName\":\"search_term_string\"}}],\"inLanguage\":\"de\"},{\"@type\":\"Organization\",\"@id\":\"https:\\\/\\\/objektmoebel-mirplay.de\\\/de\\\/#organization\",\"name\":\"Mirplay Salon\",\"url\":\"https:\\\/\\\/objektmoebel-mirplay.de\\\/de\\\/\",\"logo\":{\"@type\":\"ImageObject\",\"inLanguage\":\"de\",\"@id\":\"https:\\\/\\\/objektmoebel-mirplay.de\\\/de\\\/#\\\/schema\\\/logo\\\/image\\\/\",\"url\":\"https:\\\/\\\/objektmoebel-mirplay.de\\\/wp-content\\\/uploads\\\/2022\\\/05\\\/cropped-MIRPLAY.SALONlogoM.17-01-2.jpg\",\"contentUrl\":\"https:\\\/\\\/objektmoebel-mirplay.de\\\/wp-content\\\/uploads\\\/2022\\\/05\\\/cropped-MIRPLAY.SALONlogoM.17-01-2.jpg\",\"width\":512,\"height\":512,\"caption\":\"Mirplay Salon\"},\"image\":{\"@id\":\"https:\\\/\\\/objektmoebel-mirplay.de\\\/de\\\/#\\\/schema\\\/logo\\\/image\\\/\"}}]}<\/script>\n<!-- \/ Yoast SEO plugin. -->","yoast_head_json":{"title":"Sofa Kalin Curved Complete","description":"Modulares, gebogenes Schulsofa mit R\u00fcckenlehne. Entworfen zur Schaffung von Ruhe- und Begegnungsbereichen in Bildungseinrichtungen.","robots":{"index":"index","follow":"follow","max-snippet":"max-snippet:-1","max-image-preview":"max-image-preview:large","max-video-preview":"max-video-preview:-1"},"canonical":"https:\/\/objektmoebel-mirplay.de\/de\/product\/sofa-kalin-curved-complete\/","og_locale":"de_DE","og_type":"article","og_title":"Sofa Kalin Curved Complete","og_description":"Modulares, gebogenes Schulsofa mit R\u00fcckenlehne. Entworfen zur Schaffung von Ruhe- und Begegnungsbereichen in Bildungseinrichtungen.","og_url":"https:\/\/objektmoebel-mirplay.de\/de\/product\/sofa-kalin-curved-complete\/","og_site_name":"Mirplay School","article_modified_time":"2026-02-04T13:13:28+00:00","og_image":[{"width":1200,"height":1200,"url":"https:\/\/objektmoebel-mirplay.de\/wp-content\/uploads\/2025\/07\/KALIN-curved-completed_1200x1200_NEW_MiSchool.jpg","type":"image\/jpeg"}],"twitter_card":"summary_large_image","twitter_misc":{"Gesch\u00e4tzte Lesezeit":"1\u00a0Minute"},"schema":{"@context":"https:\/\/schema.org","@graph":[{"@type":"WebPage","@id":"https:\/\/objektmoebel-mirplay.de\/de\/product\/sofa-kalin-curved-complete\/","url":"https:\/\/objektmoebel-mirplay.de\/de\/product\/sofa-kalin-curved-complete\/","name":"Sofa Kalin Curved Complete","isPartOf":{"@id":"https:\/\/objektmoebel-mirplay.de\/de\/#website"},"primaryImageOfPage":{"@id":"https:\/\/objektmoebel-mirplay.de\/de\/product\/sofa-kalin-curved-complete\/#primaryimage"},"image":{"@id":"https:\/\/objektmoebel-mirplay.de\/de\/product\/sofa-kalin-curved-complete\/#primaryimage"},"thumbnailUrl":"https:\/\/objektmoebel-mirplay.de\/wp-content\/uploads\/2025\/07\/KALIN-curved-completed_1200x1200_NEW_MiSchool.jpg","datePublished":"2025-07-14T09:55:47+00:00","dateModified":"2026-02-04T13:13:28+00:00","description":"Modulares, gebogenes Schulsofa mit R\u00fcckenlehne. Entworfen zur Schaffung von Ruhe- und Begegnungsbereichen in Bildungseinrichtungen.","breadcrumb":{"@id":"https:\/\/objektmoebel-mirplay.de\/de\/product\/sofa-kalin-curved-complete\/#breadcrumb"},"inLanguage":"de","potentialAction":[{"@type":"ReadAction","target":["https:\/\/objektmoebel-mirplay.de\/de\/product\/sofa-kalin-curved-complete\/"]}]},{"@type":"ImageObject","inLanguage":"de","@id":"https:\/\/objektmoebel-mirplay.de\/de\/product\/sofa-kalin-curved-complete\/#primaryimage","url":"https:\/\/objektmoebel-mirplay.de\/wp-content\/uploads\/2025\/07\/KALIN-curved-completed_1200x1200_NEW_MiSchool.jpg","contentUrl":"https:\/\/objektmoebel-mirplay.de\/wp-content\/uploads\/2025\/07\/KALIN-curved-completed_1200x1200_NEW_MiSchool.jpg","width":1200,"height":1200},{"@type":"BreadcrumbList","@id":"https:\/\/objektmoebel-mirplay.de\/de\/product\/sofa-kalin-curved-complete\/#breadcrumb","itemListElement":[{"@type":"ListItem","position":1,"name":"Portada","item":"https:\/\/objektmoebel-mirplay.de\/de\/ca\/"},{"@type":"ListItem","position":2,"name":"Shop","item":"https:\/\/objektmoebel-mirplay.de\/en\/?page_id=5781"},{"@type":"ListItem","position":3,"name":"Sofa Kalin Curved Complete"}]},{"@type":"WebSite","@id":"https:\/\/objektmoebel-mirplay.de\/de\/#website","url":"https:\/\/objektmoebel-mirplay.de\/de\/","name":"Mirplay School","description":"Muebles y Equipamiento para Peluquer\u00edas y Barber\u00edas.","publisher":{"@id":"https:\/\/objektmoebel-mirplay.de\/de\/#organization"},"potentialAction":[{"@type":"SearchAction","target":{"@type":"EntryPoint","urlTemplate":"https:\/\/objektmoebel-mirplay.de\/de\/?s={search_term_string}"},"query-input":{"@type":"PropertyValueSpecification","valueRequired":true,"valueName":"search_term_string"}}],"inLanguage":"de"},{"@type":"Organization","@id":"https:\/\/objektmoebel-mirplay.de\/de\/#organization","name":"Mirplay Salon","url":"https:\/\/objektmoebel-mirplay.de\/de\/","logo":{"@type":"ImageObject","inLanguage":"de","@id":"https:\/\/objektmoebel-mirplay.de\/de\/#\/schema\/logo\/image\/","url":"https:\/\/objektmoebel-mirplay.de\/wp-content\/uploads\/2022\/05\/cropped-MIRPLAY.SALONlogoM.17-01-2.jpg","contentUrl":"https:\/\/objektmoebel-mirplay.de\/wp-content\/uploads\/2022\/05\/cropped-MIRPLAY.SALONlogoM.17-01-2.jpg","width":512,"height":512,"caption":"Mirplay Salon"},"image":{"@id":"https:\/\/objektmoebel-mirplay.de\/de\/#\/schema\/logo\/image\/"}}]}},"_links":{"self":[{"href":"https:\/\/objektmoebel-mirplay.de\/de\/wp-json\/wp\/v2\/product\/13471","targetHints":{"allow":["GET"]}}],"collection":[{"href":"https:\/\/objektmoebel-mirplay.de\/de\/wp-json\/wp\/v2\/product"}],"about":[{"href":"https:\/\/objektmoebel-mirplay.de\/de\/wp-json\/wp\/v2\/types\/product"}],"wp:featuredmedia":[{"embeddable":true,"href":"https:\/\/objektmoebel-mirplay.de\/de\/wp-json\/wp\/v2\/media\/13472"}],"wp:attachment":[{"href":"https:\/\/objektmoebel-mirplay.de\/de\/wp-json\/wp\/v2\/media?parent=13471"}],"wp:term":[{"taxonomy":"product_brand","embeddable":true,"href":"https:\/\/objektmoebel-mirplay.de\/de\/wp-json\/wp\/v2\/product_brand?post=13471"},{"taxonomy":"product_cat","embeddable":true,"href":"https:\/\/objektmoebel-mirplay.de\/de\/wp-json\/wp\/v2\/product_cat?post=13471"},{"taxonomy":"product_tag","embeddable":true,"href":"https:\/\/objektmoebel-mirplay.de\/de\/wp-json\/wp\/v2\/product_tag?post=13471"}],"curies":[{"name":"wp","href":"https:\/\/api.w.org\/{rel}","templated":true}]}}