{"id":13454,"date":"2025-07-14T09:43:42","date_gmt":"2025-07-14T09:43:42","guid":{"rendered":"https:\/\/objektmoebel-mirplay.de\/?post_type=product&#038;p=13454"},"modified":"2026-02-04T13:14:47","modified_gmt":"2026-02-04T13:14:47","slug":"school-sofa-kalin-rectangle-complete","status":"publish","type":"product","link":"https:\/\/objektmoebel-mirplay.de\/de\/product\/school-sofa-kalin-rectangle-complete\/","title":{"rendered":"Schulsofa Kalin Rectangle Complete"},"content":{"rendered":"","protected":false},"excerpt":{"rendered":"<p data-start=\"103\" data-end=\"332\">Modulares Schulsofa in rechteckiger Form mit R\u00fcckenlehne, entworfen zur Schaffung von Ruhe- und Begegnungszonen in Bildungseinrichtungen. Ideal f\u00fcr das Klassenzimmer der Zukunft, Empfangsbereiche, Universit\u00e4ten oder Bibliotheken.<\/p>\n<ul data-start=\"334\" data-end=\"555\">\n<li data-start=\"334\" data-end=\"354\">\n<p data-start=\"336\" data-end=\"354\">Holzgestell<\/p>\n<\/li>\n<li data-start=\"355\" data-end=\"432\">\n<p data-start=\"357\" data-end=\"432\">Feuerhemmender, gepolsterter Stoff, der Sicherheit und Komfort bietet<\/p>\n<\/li>\n<li data-start=\"433\" data-end=\"516\">\n<p data-start=\"435\" data-end=\"516\">Modular kombinierbar, um verschiedene Bereiche zu gestalten und abzugrenzen<\/p>\n<\/li>\n<li data-start=\"517\" data-end=\"555\">\n<p data-start=\"519\" data-end=\"555\">Sitzbasis in 3 Farben erh\u00e4ltlich<\/p>\n<\/li>\n<li data-start=\"517\" data-end=\"555\">Optionen mit R\u00fcckenlehne und seitlichen Akustikbarrieren<\/li>\n<\/ul>\n<p><a href=\"https:\/\/www.dropbox.com\/scl\/fi\/xwwxu7dn7h6hmfn3dca9h\/KALIN-RECTANGLE_Deutsch.pdf?rlkey=1nkfe4qybk9s2v3wrkbgek0vu&amp;st=cg2w3zm4&amp;dl=0\">Datenblatt<\/a><\/p>\n","protected":false},"featured_media":13455,"template":"","meta":[],"product_brand":[],"product_cat":[248],"product_tag":[],"class_list":{"0":"post-13454","1":"product","2":"type-product","3":"status-publish","4":"has-post-thumbnail","6":"product_cat-soft-seating-en","8":"first","9":"instock","10":"shipping-taxable","11":"product-type-simple"},"yoast_head":"<!-- This site is optimized with the Yoast SEO plugin v27.6 - https:\/\/yoast.com\/product\/yoast-seo-wordpress\/ -->\n<title>School Sofa Kalin Rectangle Complete<\/title>\n<meta name=\"description\" content=\"Modulares Schulsofa in rechteckiger Form mit R\u00fcckenlehne. Ideal f\u00fcr das Klassenzimmer der Zukunft, Empfangsbereiche, Universit\u00e4ten oder Bibliotheken.\" \/>\n<meta name=\"robots\" content=\"index, follow, max-snippet:-1, max-image-preview:large, max-video-preview:-1\" \/>\n<link rel=\"canonical\" href=\"https:\/\/objektmoebel-mirplay.de\/de\/product\/school-sofa-kalin-rectangle-complete\/\" \/>\n<meta property=\"og:locale\" content=\"de_DE\" \/>\n<meta property=\"og:type\" content=\"article\" \/>\n<meta property=\"og:title\" content=\"School Sofa Kalin Rectangle Complete\" \/>\n<meta property=\"og:description\" content=\"Modulares Schulsofa in rechteckiger Form mit R\u00fcckenlehne. Ideal f\u00fcr das Klassenzimmer der Zukunft, Empfangsbereiche, Universit\u00e4ten oder Bibliotheken.\" \/>\n<meta property=\"og:url\" content=\"https:\/\/objektmoebel-mirplay.de\/de\/product\/school-sofa-kalin-rectangle-complete\/\" \/>\n<meta property=\"og:site_name\" content=\"Mirplay School\" \/>\n<meta property=\"article:modified_time\" content=\"2026-02-04T13:14:47+00:00\" \/>\n<meta property=\"og:image\" content=\"https:\/\/objektmoebel-mirplay.de\/wp-content\/uploads\/2025\/07\/KALIN-rectangle-completed_1200x1200_NEW_MiSchool.jpg\" \/>\n\t<meta property=\"og:image:width\" content=\"1200\" \/>\n\t<meta property=\"og:image:height\" content=\"1200\" \/>\n\t<meta property=\"og:image:type\" content=\"image\/jpeg\" \/>\n<meta name=\"twitter:card\" content=\"summary_large_image\" \/>\n<meta name=\"twitter:label1\" content=\"Gesch\u00e4tzte Lesezeit\" \/>\n\t<meta name=\"twitter:data1\" content=\"1\u00a0Minute\" \/>\n<script type=\"application\/ld+json\" class=\"yoast-schema-graph\">{\"@context\":\"https:\\\/\\\/schema.org\",\"@graph\":[{\"@type\":\"WebPage\",\"@id\":\"https:\\\/\\\/objektmoebel-mirplay.de\\\/de\\\/product\\\/school-sofa-kalin-rectangle-complete\\\/\",\"url\":\"https:\\\/\\\/objektmoebel-mirplay.de\\\/de\\\/product\\\/school-sofa-kalin-rectangle-complete\\\/\",\"name\":\"School Sofa Kalin Rectangle Complete\",\"isPartOf\":{\"@id\":\"https:\\\/\\\/objektmoebel-mirplay.de\\\/de\\\/#website\"},\"primaryImageOfPage\":{\"@id\":\"https:\\\/\\\/objektmoebel-mirplay.de\\\/de\\\/product\\\/school-sofa-kalin-rectangle-complete\\\/#primaryimage\"},\"image\":{\"@id\":\"https:\\\/\\\/objektmoebel-mirplay.de\\\/de\\\/product\\\/school-sofa-kalin-rectangle-complete\\\/#primaryimage\"},\"thumbnailUrl\":\"https:\\\/\\\/objektmoebel-mirplay.de\\\/wp-content\\\/uploads\\\/2025\\\/07\\\/KALIN-rectangle-completed_1200x1200_NEW_MiSchool.jpg\",\"datePublished\":\"2025-07-14T09:43:42+00:00\",\"dateModified\":\"2026-02-04T13:14:47+00:00\",\"description\":\"Modulares Schulsofa in rechteckiger Form mit R\u00fcckenlehne. Ideal f\u00fcr das Klassenzimmer der Zukunft, Empfangsbereiche, Universit\u00e4ten oder Bibliotheken.\",\"breadcrumb\":{\"@id\":\"https:\\\/\\\/objektmoebel-mirplay.de\\\/de\\\/product\\\/school-sofa-kalin-rectangle-complete\\\/#breadcrumb\"},\"inLanguage\":\"de\",\"potentialAction\":[{\"@type\":\"ReadAction\",\"target\":[\"https:\\\/\\\/objektmoebel-mirplay.de\\\/de\\\/product\\\/school-sofa-kalin-rectangle-complete\\\/\"]}]},{\"@type\":\"ImageObject\",\"inLanguage\":\"de\",\"@id\":\"https:\\\/\\\/objektmoebel-mirplay.de\\\/de\\\/product\\\/school-sofa-kalin-rectangle-complete\\\/#primaryimage\",\"url\":\"https:\\\/\\\/objektmoebel-mirplay.de\\\/wp-content\\\/uploads\\\/2025\\\/07\\\/KALIN-rectangle-completed_1200x1200_NEW_MiSchool.jpg\",\"contentUrl\":\"https:\\\/\\\/objektmoebel-mirplay.de\\\/wp-content\\\/uploads\\\/2025\\\/07\\\/KALIN-rectangle-completed_1200x1200_NEW_MiSchool.jpg\",\"width\":1200,\"height\":1200},{\"@type\":\"BreadcrumbList\",\"@id\":\"https:\\\/\\\/objektmoebel-mirplay.de\\\/de\\\/product\\\/school-sofa-kalin-rectangle-complete\\\/#breadcrumb\",\"itemListElement\":[{\"@type\":\"ListItem\",\"position\":1,\"name\":\"Portada\",\"item\":\"https:\\\/\\\/objektmoebel-mirplay.de\\\/de\\\/ca\\\/\"},{\"@type\":\"ListItem\",\"position\":2,\"name\":\"Shop\",\"item\":\"https:\\\/\\\/objektmoebel-mirplay.de\\\/en\\\/?page_id=5781\"},{\"@type\":\"ListItem\",\"position\":3,\"name\":\"Schulsofa Kalin Rectangle Complete\"}]},{\"@type\":\"WebSite\",\"@id\":\"https:\\\/\\\/objektmoebel-mirplay.de\\\/de\\\/#website\",\"url\":\"https:\\\/\\\/objektmoebel-mirplay.de\\\/de\\\/\",\"name\":\"Mirplay School\",\"description\":\"Muebles y Equipamiento para Peluquer\u00edas y Barber\u00edas.\",\"publisher\":{\"@id\":\"https:\\\/\\\/objektmoebel-mirplay.de\\\/de\\\/#organization\"},\"potentialAction\":[{\"@type\":\"SearchAction\",\"target\":{\"@type\":\"EntryPoint\",\"urlTemplate\":\"https:\\\/\\\/objektmoebel-mirplay.de\\\/de\\\/?s={search_term_string}\"},\"query-input\":{\"@type\":\"PropertyValueSpecification\",\"valueRequired\":true,\"valueName\":\"search_term_string\"}}],\"inLanguage\":\"de\"},{\"@type\":\"Organization\",\"@id\":\"https:\\\/\\\/objektmoebel-mirplay.de\\\/de\\\/#organization\",\"name\":\"Mirplay Salon\",\"url\":\"https:\\\/\\\/objektmoebel-mirplay.de\\\/de\\\/\",\"logo\":{\"@type\":\"ImageObject\",\"inLanguage\":\"de\",\"@id\":\"https:\\\/\\\/objektmoebel-mirplay.de\\\/de\\\/#\\\/schema\\\/logo\\\/image\\\/\",\"url\":\"https:\\\/\\\/objektmoebel-mirplay.de\\\/wp-content\\\/uploads\\\/2022\\\/05\\\/cropped-MIRPLAY.SALONlogoM.17-01-2.jpg\",\"contentUrl\":\"https:\\\/\\\/objektmoebel-mirplay.de\\\/wp-content\\\/uploads\\\/2022\\\/05\\\/cropped-MIRPLAY.SALONlogoM.17-01-2.jpg\",\"width\":512,\"height\":512,\"caption\":\"Mirplay Salon\"},\"image\":{\"@id\":\"https:\\\/\\\/objektmoebel-mirplay.de\\\/de\\\/#\\\/schema\\\/logo\\\/image\\\/\"}}]}<\/script>\n<!-- \/ Yoast SEO plugin. -->","yoast_head_json":{"title":"School Sofa Kalin Rectangle Complete","description":"Modulares Schulsofa in rechteckiger Form mit R\u00fcckenlehne. Ideal f\u00fcr das Klassenzimmer der Zukunft, Empfangsbereiche, Universit\u00e4ten oder Bibliotheken.","robots":{"index":"index","follow":"follow","max-snippet":"max-snippet:-1","max-image-preview":"max-image-preview:large","max-video-preview":"max-video-preview:-1"},"canonical":"https:\/\/objektmoebel-mirplay.de\/de\/product\/school-sofa-kalin-rectangle-complete\/","og_locale":"de_DE","og_type":"article","og_title":"School Sofa Kalin Rectangle Complete","og_description":"Modulares Schulsofa in rechteckiger Form mit R\u00fcckenlehne. Ideal f\u00fcr das Klassenzimmer der Zukunft, Empfangsbereiche, Universit\u00e4ten oder Bibliotheken.","og_url":"https:\/\/objektmoebel-mirplay.de\/de\/product\/school-sofa-kalin-rectangle-complete\/","og_site_name":"Mirplay School","article_modified_time":"2026-02-04T13:14:47+00:00","og_image":[{"width":1200,"height":1200,"url":"https:\/\/objektmoebel-mirplay.de\/wp-content\/uploads\/2025\/07\/KALIN-rectangle-completed_1200x1200_NEW_MiSchool.jpg","type":"image\/jpeg"}],"twitter_card":"summary_large_image","twitter_misc":{"Gesch\u00e4tzte Lesezeit":"1\u00a0Minute"},"schema":{"@context":"https:\/\/schema.org","@graph":[{"@type":"WebPage","@id":"https:\/\/objektmoebel-mirplay.de\/de\/product\/school-sofa-kalin-rectangle-complete\/","url":"https:\/\/objektmoebel-mirplay.de\/de\/product\/school-sofa-kalin-rectangle-complete\/","name":"School Sofa Kalin Rectangle Complete","isPartOf":{"@id":"https:\/\/objektmoebel-mirplay.de\/de\/#website"},"primaryImageOfPage":{"@id":"https:\/\/objektmoebel-mirplay.de\/de\/product\/school-sofa-kalin-rectangle-complete\/#primaryimage"},"image":{"@id":"https:\/\/objektmoebel-mirplay.de\/de\/product\/school-sofa-kalin-rectangle-complete\/#primaryimage"},"thumbnailUrl":"https:\/\/objektmoebel-mirplay.de\/wp-content\/uploads\/2025\/07\/KALIN-rectangle-completed_1200x1200_NEW_MiSchool.jpg","datePublished":"2025-07-14T09:43:42+00:00","dateModified":"2026-02-04T13:14:47+00:00","description":"Modulares Schulsofa in rechteckiger Form mit R\u00fcckenlehne. Ideal f\u00fcr das Klassenzimmer der Zukunft, Empfangsbereiche, Universit\u00e4ten oder Bibliotheken.","breadcrumb":{"@id":"https:\/\/objektmoebel-mirplay.de\/de\/product\/school-sofa-kalin-rectangle-complete\/#breadcrumb"},"inLanguage":"de","potentialAction":[{"@type":"ReadAction","target":["https:\/\/objektmoebel-mirplay.de\/de\/product\/school-sofa-kalin-rectangle-complete\/"]}]},{"@type":"ImageObject","inLanguage":"de","@id":"https:\/\/objektmoebel-mirplay.de\/de\/product\/school-sofa-kalin-rectangle-complete\/#primaryimage","url":"https:\/\/objektmoebel-mirplay.de\/wp-content\/uploads\/2025\/07\/KALIN-rectangle-completed_1200x1200_NEW_MiSchool.jpg","contentUrl":"https:\/\/objektmoebel-mirplay.de\/wp-content\/uploads\/2025\/07\/KALIN-rectangle-completed_1200x1200_NEW_MiSchool.jpg","width":1200,"height":1200},{"@type":"BreadcrumbList","@id":"https:\/\/objektmoebel-mirplay.de\/de\/product\/school-sofa-kalin-rectangle-complete\/#breadcrumb","itemListElement":[{"@type":"ListItem","position":1,"name":"Portada","item":"https:\/\/objektmoebel-mirplay.de\/de\/ca\/"},{"@type":"ListItem","position":2,"name":"Shop","item":"https:\/\/objektmoebel-mirplay.de\/en\/?page_id=5781"},{"@type":"ListItem","position":3,"name":"Schulsofa Kalin Rectangle Complete"}]},{"@type":"WebSite","@id":"https:\/\/objektmoebel-mirplay.de\/de\/#website","url":"https:\/\/objektmoebel-mirplay.de\/de\/","name":"Mirplay School","description":"Muebles y Equipamiento para Peluquer\u00edas y Barber\u00edas.","publisher":{"@id":"https:\/\/objektmoebel-mirplay.de\/de\/#organization"},"potentialAction":[{"@type":"SearchAction","target":{"@type":"EntryPoint","urlTemplate":"https:\/\/objektmoebel-mirplay.de\/de\/?s={search_term_string}"},"query-input":{"@type":"PropertyValueSpecification","valueRequired":true,"valueName":"search_term_string"}}],"inLanguage":"de"},{"@type":"Organization","@id":"https:\/\/objektmoebel-mirplay.de\/de\/#organization","name":"Mirplay Salon","url":"https:\/\/objektmoebel-mirplay.de\/de\/","logo":{"@type":"ImageObject","inLanguage":"de","@id":"https:\/\/objektmoebel-mirplay.de\/de\/#\/schema\/logo\/image\/","url":"https:\/\/objektmoebel-mirplay.de\/wp-content\/uploads\/2022\/05\/cropped-MIRPLAY.SALONlogoM.17-01-2.jpg","contentUrl":"https:\/\/objektmoebel-mirplay.de\/wp-content\/uploads\/2022\/05\/cropped-MIRPLAY.SALONlogoM.17-01-2.jpg","width":512,"height":512,"caption":"Mirplay Salon"},"image":{"@id":"https:\/\/objektmoebel-mirplay.de\/de\/#\/schema\/logo\/image\/"}}]}},"_links":{"self":[{"href":"https:\/\/objektmoebel-mirplay.de\/de\/wp-json\/wp\/v2\/product\/13454","targetHints":{"allow":["GET"]}}],"collection":[{"href":"https:\/\/objektmoebel-mirplay.de\/de\/wp-json\/wp\/v2\/product"}],"about":[{"href":"https:\/\/objektmoebel-mirplay.de\/de\/wp-json\/wp\/v2\/types\/product"}],"wp:featuredmedia":[{"embeddable":true,"href":"https:\/\/objektmoebel-mirplay.de\/de\/wp-json\/wp\/v2\/media\/13455"}],"wp:attachment":[{"href":"https:\/\/objektmoebel-mirplay.de\/de\/wp-json\/wp\/v2\/media?parent=13454"}],"wp:term":[{"taxonomy":"product_brand","embeddable":true,"href":"https:\/\/objektmoebel-mirplay.de\/de\/wp-json\/wp\/v2\/product_brand?post=13454"},{"taxonomy":"product_cat","embeddable":true,"href":"https:\/\/objektmoebel-mirplay.de\/de\/wp-json\/wp\/v2\/product_cat?post=13454"},{"taxonomy":"product_tag","embeddable":true,"href":"https:\/\/objektmoebel-mirplay.de\/de\/wp-json\/wp\/v2\/product_tag?post=13454"}],"curies":[{"name":"wp","href":"https:\/\/api.w.org\/{rel}","templated":true}]}}