{"id":13276,"date":"2025-02-24T08:00:45","date_gmt":"2025-02-24T08:00:45","guid":{"rendered":"https:\/\/objektmoebel-mirplay.de\/?post_type=product&#038;p=13276"},"modified":"2025-12-17T09:29:34","modified_gmt":"2025-12-17T09:29:34","slug":"zoe-2","status":"publish","type":"product","link":"https:\/\/objektmoebel-mirplay.de\/de\/product\/zoe-2\/","title":{"rendered":"Romer"},"content":{"rendered":"<p><b>Gr\u00f6\u00dfen laut europ\u00e4ischer Norm UNE-EN 1729-1<\/b>.<\/p>\n<table>\n<tbody>\n<tr>\n<td>Alter<\/td>\n<td>Gr\u00f6\u00dfe<\/td>\n<td>Sitzh\u00f6he<\/td>\n<td>Tischh\u00f6he<\/td>\n<\/tr>\n<tr>\n<td>1\/2<\/td>\n<td>0<\/td>\n<td>21 cm<\/td>\n<td>40 cm<\/td>\n<\/tr>\n<tr>\n<td>2\/3<\/td>\n<td>1<\/td>\n<td>26 cm<\/td>\n<td>46 cm<\/td>\n<\/tr>\n<tr>\n<td>3\/4<\/td>\n<td>2<\/td>\n<td>30 cm<\/td>\n<td>52 cm<\/td>\n<\/tr>\n<tr>\n<td>4\/6<\/td>\n<td>3<\/td>\n<td>34 cm<\/td>\n<td>59 cm<\/td>\n<\/tr>\n<tr>\n<td>6\/8<\/td>\n<td>4<\/td>\n<td>38 cm<\/td>\n<td>65 cm<\/td>\n<\/tr>\n<tr>\n<td>8\/11<\/td>\n<td>5<\/td>\n<td>42 cm<\/td>\n<td>70 cm<\/td>\n<\/tr>\n<tr>\n<td>+12<\/td>\n<td>6<\/td>\n<td>46 cm<\/td>\n<td>77 cm<\/td>\n<\/tr>\n<tr>\n<td>+8<\/td>\n<td>8*<\/td>\n<td>80 cm<\/td>\n<td>100 cm<\/td>\n<\/tr>\n<\/tbody>\n<\/table>\n<p>*Entspricht UNE-EN 1729-1 Gr\u00f6\u00dfe 5 f\u00fcr Tische zum Arbeiten im Stehen.<\/p>\n","protected":false},"excerpt":{"rendered":"<p>Artikel ROMER-123<\/p>\n<p data-start=\"75\" data-end=\"418\">Kinderschulstuhl aus Birken-Sperrholz gefertigt. Er verf\u00fcgt \u00fcber eine geformte R\u00fcckenlehne und Sitzfl\u00e4che, die eine korrekte Ergonomie gew\u00e4hrleisten. Die Stuhlbeine sind mit Kunststoffgleitern ausgestattet, um den Boden zu sch\u00fctzen und Ger\u00e4usche zu reduzieren. Sein Design ist ideal f\u00fcr Klassenr\u00e4ume und Bildungsbereiche in Kindertagesst\u00e4tten.<\/p>\n<ul data-start=\"420\" data-end=\"615\" data-is-last-node=\"\" data-is-only-node=\"\">\n<li data-start=\"420\" data-end=\"454\">\n<p data-start=\"422\" data-end=\"454\">Erh\u00e4ltlich in Gr\u00f6\u00dfe 1, 2 und 3<\/p>\n<\/li>\n<li data-start=\"455\" data-end=\"502\">\n<p data-start=\"457\" data-end=\"502\">Lackierte Konstruktion aus Birken-Sperrholz<\/p>\n<\/li>\n<li data-start=\"503\" data-end=\"572\">\n<p data-start=\"505\" data-end=\"572\">Abgerundete Kanten und Ecken f\u00fcr mehr Sicherheit im Kinderbereich<\/p>\n<\/li>\n<li data-start=\"573\" data-end=\"615\" data-is-last-node=\"\">\n<p data-start=\"575\" data-end=\"615\" data-is-last-node=\"\">ABS-Kunststoffgleiter an den Stuhlbeinen<\/p>\n<\/li>\n<\/ul>\n<p><a href=\"https:\/\/www.dropbox.com\/scl\/fi\/07bf1lt5bdu6z1szingvs\/ROMER-_Datenblatt.pdf?rlkey=em7bd2aiobh97e9p1vdpe07m7&amp;st=5vg8upeu&amp;dl=0\">Datenblatt<\/a><\/p>\n","protected":false},"featured_media":14109,"template":"","meta":[],"product_brand":[],"product_cat":[256],"product_tag":[],"class_list":{"0":"post-13276","1":"product","2":"type-product","3":"status-publish","4":"has-post-thumbnail","6":"product_cat-chairs","8":"first","9":"instock","10":"shipping-taxable","11":"product-type-simple"},"yoast_head":"<!-- This site is optimized with the Yoast SEO plugin v27.6 - https:\/\/yoast.com\/product\/yoast-seo-wordpress\/ -->\n<title>Kinderstuhl Romer<\/title>\n<meta name=\"description\" content=\"StabilerKinderstuhl aus lackierten Birkenholz. Ergonomisch geformt und stapelbar.\" \/>\n<meta name=\"robots\" content=\"index, follow, max-snippet:-1, max-image-preview:large, max-video-preview:-1\" \/>\n<link rel=\"canonical\" href=\"https:\/\/objektmoebel-mirplay.de\/de\/product\/zoe-2\/\" \/>\n<meta property=\"og:locale\" content=\"de_DE\" \/>\n<meta property=\"og:type\" content=\"article\" \/>\n<meta property=\"og:title\" content=\"Kinderstuhl Romer\" \/>\n<meta property=\"og:description\" content=\"StabilerKinderstuhl aus lackierten Birkenholz. Ergonomisch geformt und stapelbar.\" \/>\n<meta property=\"og:url\" content=\"https:\/\/objektmoebel-mirplay.de\/de\/product\/zoe-2\/\" \/>\n<meta property=\"og:site_name\" content=\"Mirplay School\" \/>\n<meta property=\"article:modified_time\" content=\"2025-12-17T09:29:34+00:00\" \/>\n<meta property=\"og:image\" content=\"https:\/\/objektmoebel-mirplay.de\/wp-content\/uploads\/2025\/02\/Romer_1_DSC_64362-scaled.jpg\" \/>\n\t<meta property=\"og:image:width\" content=\"2560\" \/>\n\t<meta property=\"og:image:height\" content=\"2560\" \/>\n\t<meta property=\"og:image:type\" content=\"image\/jpeg\" \/>\n<meta name=\"twitter:card\" content=\"summary_large_image\" \/>\n<meta name=\"twitter:label1\" content=\"Gesch\u00e4tzte Lesezeit\" \/>\n\t<meta name=\"twitter:data1\" content=\"1\u00a0Minute\" \/>\n<script type=\"application\/ld+json\" class=\"yoast-schema-graph\">{\"@context\":\"https:\\\/\\\/schema.org\",\"@graph\":[{\"@type\":\"WebPage\",\"@id\":\"https:\\\/\\\/objektmoebel-mirplay.de\\\/de\\\/product\\\/zoe-2\\\/\",\"url\":\"https:\\\/\\\/objektmoebel-mirplay.de\\\/de\\\/product\\\/zoe-2\\\/\",\"name\":\"Kinderstuhl Romer\",\"isPartOf\":{\"@id\":\"https:\\\/\\\/objektmoebel-mirplay.de\\\/de\\\/#website\"},\"primaryImageOfPage\":{\"@id\":\"https:\\\/\\\/objektmoebel-mirplay.de\\\/de\\\/product\\\/zoe-2\\\/#primaryimage\"},\"image\":{\"@id\":\"https:\\\/\\\/objektmoebel-mirplay.de\\\/de\\\/product\\\/zoe-2\\\/#primaryimage\"},\"thumbnailUrl\":\"https:\\\/\\\/objektmoebel-mirplay.de\\\/wp-content\\\/uploads\\\/2025\\\/02\\\/Romer_1_DSC_64362-scaled.jpg\",\"datePublished\":\"2025-02-24T08:00:45+00:00\",\"dateModified\":\"2025-12-17T09:29:34+00:00\",\"description\":\"StabilerKinderstuhl aus lackierten Birkenholz. Ergonomisch geformt und stapelbar.\",\"breadcrumb\":{\"@id\":\"https:\\\/\\\/objektmoebel-mirplay.de\\\/de\\\/product\\\/zoe-2\\\/#breadcrumb\"},\"inLanguage\":\"de\",\"potentialAction\":[{\"@type\":\"ReadAction\",\"target\":[\"https:\\\/\\\/objektmoebel-mirplay.de\\\/de\\\/product\\\/zoe-2\\\/\"]}]},{\"@type\":\"ImageObject\",\"inLanguage\":\"de\",\"@id\":\"https:\\\/\\\/objektmoebel-mirplay.de\\\/de\\\/product\\\/zoe-2\\\/#primaryimage\",\"url\":\"https:\\\/\\\/objektmoebel-mirplay.de\\\/wp-content\\\/uploads\\\/2025\\\/02\\\/Romer_1_DSC_64362-scaled.jpg\",\"contentUrl\":\"https:\\\/\\\/objektmoebel-mirplay.de\\\/wp-content\\\/uploads\\\/2025\\\/02\\\/Romer_1_DSC_64362-scaled.jpg\",\"width\":2560,\"height\":2560},{\"@type\":\"BreadcrumbList\",\"@id\":\"https:\\\/\\\/objektmoebel-mirplay.de\\\/de\\\/product\\\/zoe-2\\\/#breadcrumb\",\"itemListElement\":[{\"@type\":\"ListItem\",\"position\":1,\"name\":\"Portada\",\"item\":\"https:\\\/\\\/objektmoebel-mirplay.de\\\/de\\\/ca\\\/\"},{\"@type\":\"ListItem\",\"position\":2,\"name\":\"Shop\",\"item\":\"https:\\\/\\\/objektmoebel-mirplay.de\\\/en\\\/?page_id=5781\"},{\"@type\":\"ListItem\",\"position\":3,\"name\":\"Romer\"}]},{\"@type\":\"WebSite\",\"@id\":\"https:\\\/\\\/objektmoebel-mirplay.de\\\/de\\\/#website\",\"url\":\"https:\\\/\\\/objektmoebel-mirplay.de\\\/de\\\/\",\"name\":\"Mirplay School\",\"description\":\"Muebles y Equipamiento para Peluquer\u00edas y Barber\u00edas.\",\"publisher\":{\"@id\":\"https:\\\/\\\/objektmoebel-mirplay.de\\\/de\\\/#organization\"},\"potentialAction\":[{\"@type\":\"SearchAction\",\"target\":{\"@type\":\"EntryPoint\",\"urlTemplate\":\"https:\\\/\\\/objektmoebel-mirplay.de\\\/de\\\/?s={search_term_string}\"},\"query-input\":{\"@type\":\"PropertyValueSpecification\",\"valueRequired\":true,\"valueName\":\"search_term_string\"}}],\"inLanguage\":\"de\"},{\"@type\":\"Organization\",\"@id\":\"https:\\\/\\\/objektmoebel-mirplay.de\\\/de\\\/#organization\",\"name\":\"Mirplay Salon\",\"url\":\"https:\\\/\\\/objektmoebel-mirplay.de\\\/de\\\/\",\"logo\":{\"@type\":\"ImageObject\",\"inLanguage\":\"de\",\"@id\":\"https:\\\/\\\/objektmoebel-mirplay.de\\\/de\\\/#\\\/schema\\\/logo\\\/image\\\/\",\"url\":\"https:\\\/\\\/objektmoebel-mirplay.de\\\/wp-content\\\/uploads\\\/2022\\\/05\\\/cropped-MIRPLAY.SALONlogoM.17-01-2.jpg\",\"contentUrl\":\"https:\\\/\\\/objektmoebel-mirplay.de\\\/wp-content\\\/uploads\\\/2022\\\/05\\\/cropped-MIRPLAY.SALONlogoM.17-01-2.jpg\",\"width\":512,\"height\":512,\"caption\":\"Mirplay Salon\"},\"image\":{\"@id\":\"https:\\\/\\\/objektmoebel-mirplay.de\\\/de\\\/#\\\/schema\\\/logo\\\/image\\\/\"}}]}<\/script>\n<!-- \/ Yoast SEO plugin. -->","yoast_head_json":{"title":"Kinderstuhl Romer","description":"StabilerKinderstuhl aus lackierten Birkenholz. Ergonomisch geformt und stapelbar.","robots":{"index":"index","follow":"follow","max-snippet":"max-snippet:-1","max-image-preview":"max-image-preview:large","max-video-preview":"max-video-preview:-1"},"canonical":"https:\/\/objektmoebel-mirplay.de\/de\/product\/zoe-2\/","og_locale":"de_DE","og_type":"article","og_title":"Kinderstuhl Romer","og_description":"StabilerKinderstuhl aus lackierten Birkenholz. Ergonomisch geformt und stapelbar.","og_url":"https:\/\/objektmoebel-mirplay.de\/de\/product\/zoe-2\/","og_site_name":"Mirplay School","article_modified_time":"2025-12-17T09:29:34+00:00","og_image":[{"width":2560,"height":2560,"url":"https:\/\/objektmoebel-mirplay.de\/wp-content\/uploads\/2025\/02\/Romer_1_DSC_64362-scaled.jpg","type":"image\/jpeg"}],"twitter_card":"summary_large_image","twitter_misc":{"Gesch\u00e4tzte Lesezeit":"1\u00a0Minute"},"schema":{"@context":"https:\/\/schema.org","@graph":[{"@type":"WebPage","@id":"https:\/\/objektmoebel-mirplay.de\/de\/product\/zoe-2\/","url":"https:\/\/objektmoebel-mirplay.de\/de\/product\/zoe-2\/","name":"Kinderstuhl Romer","isPartOf":{"@id":"https:\/\/objektmoebel-mirplay.de\/de\/#website"},"primaryImageOfPage":{"@id":"https:\/\/objektmoebel-mirplay.de\/de\/product\/zoe-2\/#primaryimage"},"image":{"@id":"https:\/\/objektmoebel-mirplay.de\/de\/product\/zoe-2\/#primaryimage"},"thumbnailUrl":"https:\/\/objektmoebel-mirplay.de\/wp-content\/uploads\/2025\/02\/Romer_1_DSC_64362-scaled.jpg","datePublished":"2025-02-24T08:00:45+00:00","dateModified":"2025-12-17T09:29:34+00:00","description":"StabilerKinderstuhl aus lackierten Birkenholz. Ergonomisch geformt und stapelbar.","breadcrumb":{"@id":"https:\/\/objektmoebel-mirplay.de\/de\/product\/zoe-2\/#breadcrumb"},"inLanguage":"de","potentialAction":[{"@type":"ReadAction","target":["https:\/\/objektmoebel-mirplay.de\/de\/product\/zoe-2\/"]}]},{"@type":"ImageObject","inLanguage":"de","@id":"https:\/\/objektmoebel-mirplay.de\/de\/product\/zoe-2\/#primaryimage","url":"https:\/\/objektmoebel-mirplay.de\/wp-content\/uploads\/2025\/02\/Romer_1_DSC_64362-scaled.jpg","contentUrl":"https:\/\/objektmoebel-mirplay.de\/wp-content\/uploads\/2025\/02\/Romer_1_DSC_64362-scaled.jpg","width":2560,"height":2560},{"@type":"BreadcrumbList","@id":"https:\/\/objektmoebel-mirplay.de\/de\/product\/zoe-2\/#breadcrumb","itemListElement":[{"@type":"ListItem","position":1,"name":"Portada","item":"https:\/\/objektmoebel-mirplay.de\/de\/ca\/"},{"@type":"ListItem","position":2,"name":"Shop","item":"https:\/\/objektmoebel-mirplay.de\/en\/?page_id=5781"},{"@type":"ListItem","position":3,"name":"Romer"}]},{"@type":"WebSite","@id":"https:\/\/objektmoebel-mirplay.de\/de\/#website","url":"https:\/\/objektmoebel-mirplay.de\/de\/","name":"Mirplay School","description":"Muebles y Equipamiento para Peluquer\u00edas y Barber\u00edas.","publisher":{"@id":"https:\/\/objektmoebel-mirplay.de\/de\/#organization"},"potentialAction":[{"@type":"SearchAction","target":{"@type":"EntryPoint","urlTemplate":"https:\/\/objektmoebel-mirplay.de\/de\/?s={search_term_string}"},"query-input":{"@type":"PropertyValueSpecification","valueRequired":true,"valueName":"search_term_string"}}],"inLanguage":"de"},{"@type":"Organization","@id":"https:\/\/objektmoebel-mirplay.de\/de\/#organization","name":"Mirplay Salon","url":"https:\/\/objektmoebel-mirplay.de\/de\/","logo":{"@type":"ImageObject","inLanguage":"de","@id":"https:\/\/objektmoebel-mirplay.de\/de\/#\/schema\/logo\/image\/","url":"https:\/\/objektmoebel-mirplay.de\/wp-content\/uploads\/2022\/05\/cropped-MIRPLAY.SALONlogoM.17-01-2.jpg","contentUrl":"https:\/\/objektmoebel-mirplay.de\/wp-content\/uploads\/2022\/05\/cropped-MIRPLAY.SALONlogoM.17-01-2.jpg","width":512,"height":512,"caption":"Mirplay Salon"},"image":{"@id":"https:\/\/objektmoebel-mirplay.de\/de\/#\/schema\/logo\/image\/"}}]}},"_links":{"self":[{"href":"https:\/\/objektmoebel-mirplay.de\/de\/wp-json\/wp\/v2\/product\/13276","targetHints":{"allow":["GET"]}}],"collection":[{"href":"https:\/\/objektmoebel-mirplay.de\/de\/wp-json\/wp\/v2\/product"}],"about":[{"href":"https:\/\/objektmoebel-mirplay.de\/de\/wp-json\/wp\/v2\/types\/product"}],"wp:featuredmedia":[{"embeddable":true,"href":"https:\/\/objektmoebel-mirplay.de\/de\/wp-json\/wp\/v2\/media\/14109"}],"wp:attachment":[{"href":"https:\/\/objektmoebel-mirplay.de\/de\/wp-json\/wp\/v2\/media?parent=13276"}],"wp:term":[{"taxonomy":"product_brand","embeddable":true,"href":"https:\/\/objektmoebel-mirplay.de\/de\/wp-json\/wp\/v2\/product_brand?post=13276"},{"taxonomy":"product_cat","embeddable":true,"href":"https:\/\/objektmoebel-mirplay.de\/de\/wp-json\/wp\/v2\/product_cat?post=13276"},{"taxonomy":"product_tag","embeddable":true,"href":"https:\/\/objektmoebel-mirplay.de\/de\/wp-json\/wp\/v2\/product_tag?post=13276"}],"curies":[{"name":"wp","href":"https:\/\/api.w.org\/{rel}","templated":true}]}}