{"id":13255,"date":"2025-02-20T12:07:48","date_gmt":"2025-02-20T12:07:48","guid":{"rendered":"https:\/\/objektmoebel-mirplay.de\/?post_type=product&#038;p=13255"},"modified":"2025-05-22T08:37:29","modified_gmt":"2025-05-22T08:37:29","slug":"jon-2","status":"publish","type":"product","link":"https:\/\/objektmoebel-mirplay.de\/de\/product\/jon-2\/","title":{"rendered":"Jon"},"content":{"rendered":"","protected":false},"excerpt":{"rendered":"<p>Artikel 1045<\/p>\n<p>Bewegungshocker mit leicht abgerundeter Basis, der aktives Sitzen mit kontinuierlicher Bewegung erm\u00f6glicht, was die Wirbels\u00e4ule entlastet und gleichzeitig Aufmerksamkeit, Konzentration und eine bessere K\u00f6rperhaltung im Unterricht f\u00f6rdert.<\/p>\n<ul>\n<li>Pulverbeschichtetes Metallgestell<\/li>\n<li>gepolsterter Sitz<\/li>\n<li>abgerundeter Sockel aus recyceltem Polypropylen<\/li>\n<li>Gummistopfen unter der Sitzfl\u00e4che als Aufstuhlungsschutz<\/li>\n<li>Platz zum Verstauen von Gegenst\u00e4nden wie Taschen, Rucks\u00e4cken usw.<\/li>\n<li>Stapelbar<\/li>\n<\/ul>\n<p><a href=\"https:\/\/www.dropbox.com\/scl\/fi\/zyt1xks783qkkmr1q647w\/1045_JON.pdf?rlkey=xmh6ivyssm2ex8i2ajocuv016&amp;st=yfdlmym7&amp;dl=0\">Datenblatt<\/a><\/p>\n","protected":false},"featured_media":10055,"template":"","meta":[],"product_brand":[],"product_cat":[256],"product_tag":[],"class_list":{"0":"post-13255","1":"product","2":"type-product","3":"status-publish","4":"has-post-thumbnail","6":"product_cat-chairs","8":"first","9":"instock","10":"shipping-taxable","11":"product-type-simple"},"yoast_head":"<!-- This site is optimized with the Yoast SEO plugin v27.6 - https:\/\/yoast.com\/product\/yoast-seo-wordpress\/ -->\n<title>\u1405 Bewegungshocker Jon<\/title>\n<meta name=\"description\" content=\"Bewegungshocker mit leicht abgerundeter Basis, der aktives Sitzen mit kontinuierlicher Bewegung erm\u00f6glicht, was die Wirbels\u00e4ule entlastet und gleichzeitig Aufmerksamkeit, Konzentration und eine bessere K\u00f6rperhaltung im Unterricht f\u00f6rdert.\" \/>\n<meta name=\"robots\" content=\"index, follow, max-snippet:-1, max-image-preview:large, max-video-preview:-1\" \/>\n<link rel=\"canonical\" href=\"https:\/\/objektmoebel-mirplay.de\/de\/product\/jon-2\/\" \/>\n<meta property=\"og:locale\" content=\"de_DE\" \/>\n<meta property=\"og:type\" content=\"article\" \/>\n<meta property=\"og:title\" content=\"\u1405 Bewegungshocker Jon\" \/>\n<meta property=\"og:description\" content=\"Bewegungshocker mit leicht abgerundeter Basis, der aktives Sitzen mit kontinuierlicher Bewegung erm\u00f6glicht, was die Wirbels\u00e4ule entlastet und gleichzeitig Aufmerksamkeit, Konzentration und eine bessere K\u00f6rperhaltung im Unterricht f\u00f6rdert.\" \/>\n<meta property=\"og:url\" content=\"https:\/\/objektmoebel-mirplay.de\/de\/product\/jon-2\/\" \/>\n<meta property=\"og:site_name\" content=\"Mirplay School\" \/>\n<meta property=\"article:modified_time\" content=\"2025-05-22T08:37:29+00:00\" \/>\n<meta property=\"og:image\" content=\"https:\/\/objektmoebel-mirplay.de\/wp-content\/uploads\/2023\/11\/Jon-1.webp\" \/>\n\t<meta property=\"og:image:width\" content=\"400\" \/>\n\t<meta property=\"og:image:height\" content=\"284\" \/>\n\t<meta property=\"og:image:type\" content=\"image\/webp\" \/>\n<meta name=\"twitter:card\" content=\"summary_large_image\" \/>\n<meta name=\"twitter:label1\" content=\"Gesch\u00e4tzte Lesezeit\" \/>\n\t<meta name=\"twitter:data1\" content=\"1\u00a0Minute\" \/>\n<script type=\"application\/ld+json\" class=\"yoast-schema-graph\">{\"@context\":\"https:\\\/\\\/schema.org\",\"@graph\":[{\"@type\":\"WebPage\",\"@id\":\"https:\\\/\\\/objektmoebel-mirplay.de\\\/de\\\/product\\\/jon-2\\\/\",\"url\":\"https:\\\/\\\/objektmoebel-mirplay.de\\\/de\\\/product\\\/jon-2\\\/\",\"name\":\"\u1405 Bewegungshocker Jon\",\"isPartOf\":{\"@id\":\"https:\\\/\\\/objektmoebel-mirplay.de\\\/de\\\/#website\"},\"primaryImageOfPage\":{\"@id\":\"https:\\\/\\\/objektmoebel-mirplay.de\\\/de\\\/product\\\/jon-2\\\/#primaryimage\"},\"image\":{\"@id\":\"https:\\\/\\\/objektmoebel-mirplay.de\\\/de\\\/product\\\/jon-2\\\/#primaryimage\"},\"thumbnailUrl\":\"https:\\\/\\\/objektmoebel-mirplay.de\\\/wp-content\\\/uploads\\\/2023\\\/11\\\/Jon-1.webp\",\"datePublished\":\"2025-02-20T12:07:48+00:00\",\"dateModified\":\"2025-05-22T08:37:29+00:00\",\"description\":\"Bewegungshocker mit leicht abgerundeter Basis, der aktives Sitzen mit kontinuierlicher Bewegung erm\u00f6glicht, was die Wirbels\u00e4ule entlastet und gleichzeitig Aufmerksamkeit, Konzentration und eine bessere K\u00f6rperhaltung im Unterricht f\u00f6rdert.\",\"breadcrumb\":{\"@id\":\"https:\\\/\\\/objektmoebel-mirplay.de\\\/de\\\/product\\\/jon-2\\\/#breadcrumb\"},\"inLanguage\":\"de\",\"potentialAction\":[{\"@type\":\"ReadAction\",\"target\":[\"https:\\\/\\\/objektmoebel-mirplay.de\\\/de\\\/product\\\/jon-2\\\/\"]}]},{\"@type\":\"ImageObject\",\"inLanguage\":\"de\",\"@id\":\"https:\\\/\\\/objektmoebel-mirplay.de\\\/de\\\/product\\\/jon-2\\\/#primaryimage\",\"url\":\"https:\\\/\\\/objektmoebel-mirplay.de\\\/wp-content\\\/uploads\\\/2023\\\/11\\\/Jon-1.webp\",\"contentUrl\":\"https:\\\/\\\/objektmoebel-mirplay.de\\\/wp-content\\\/uploads\\\/2023\\\/11\\\/Jon-1.webp\",\"width\":400,\"height\":284,\"caption\":\"Taburete Jon\"},{\"@type\":\"BreadcrumbList\",\"@id\":\"https:\\\/\\\/objektmoebel-mirplay.de\\\/de\\\/product\\\/jon-2\\\/#breadcrumb\",\"itemListElement\":[{\"@type\":\"ListItem\",\"position\":1,\"name\":\"Portada\",\"item\":\"https:\\\/\\\/objektmoebel-mirplay.de\\\/de\\\/ca\\\/\"},{\"@type\":\"ListItem\",\"position\":2,\"name\":\"Shop\",\"item\":\"https:\\\/\\\/objektmoebel-mirplay.de\\\/en\\\/?page_id=5781\"},{\"@type\":\"ListItem\",\"position\":3,\"name\":\"Jon\"}]},{\"@type\":\"WebSite\",\"@id\":\"https:\\\/\\\/objektmoebel-mirplay.de\\\/de\\\/#website\",\"url\":\"https:\\\/\\\/objektmoebel-mirplay.de\\\/de\\\/\",\"name\":\"Mirplay School\",\"description\":\"Muebles y Equipamiento para Peluquer\u00edas y Barber\u00edas.\",\"publisher\":{\"@id\":\"https:\\\/\\\/objektmoebel-mirplay.de\\\/de\\\/#organization\"},\"potentialAction\":[{\"@type\":\"SearchAction\",\"target\":{\"@type\":\"EntryPoint\",\"urlTemplate\":\"https:\\\/\\\/objektmoebel-mirplay.de\\\/de\\\/?s={search_term_string}\"},\"query-input\":{\"@type\":\"PropertyValueSpecification\",\"valueRequired\":true,\"valueName\":\"search_term_string\"}}],\"inLanguage\":\"de\"},{\"@type\":\"Organization\",\"@id\":\"https:\\\/\\\/objektmoebel-mirplay.de\\\/de\\\/#organization\",\"name\":\"Mirplay Salon\",\"url\":\"https:\\\/\\\/objektmoebel-mirplay.de\\\/de\\\/\",\"logo\":{\"@type\":\"ImageObject\",\"inLanguage\":\"de\",\"@id\":\"https:\\\/\\\/objektmoebel-mirplay.de\\\/de\\\/#\\\/schema\\\/logo\\\/image\\\/\",\"url\":\"https:\\\/\\\/objektmoebel-mirplay.de\\\/wp-content\\\/uploads\\\/2022\\\/05\\\/cropped-MIRPLAY.SALONlogoM.17-01-2.jpg\",\"contentUrl\":\"https:\\\/\\\/objektmoebel-mirplay.de\\\/wp-content\\\/uploads\\\/2022\\\/05\\\/cropped-MIRPLAY.SALONlogoM.17-01-2.jpg\",\"width\":512,\"height\":512,\"caption\":\"Mirplay Salon\"},\"image\":{\"@id\":\"https:\\\/\\\/objektmoebel-mirplay.de\\\/de\\\/#\\\/schema\\\/logo\\\/image\\\/\"}}]}<\/script>\n<!-- \/ Yoast SEO plugin. -->","yoast_head_json":{"title":"\u1405 Bewegungshocker Jon","description":"Bewegungshocker mit leicht abgerundeter Basis, der aktives Sitzen mit kontinuierlicher Bewegung erm\u00f6glicht, was die Wirbels\u00e4ule entlastet und gleichzeitig Aufmerksamkeit, Konzentration und eine bessere K\u00f6rperhaltung im Unterricht f\u00f6rdert.","robots":{"index":"index","follow":"follow","max-snippet":"max-snippet:-1","max-image-preview":"max-image-preview:large","max-video-preview":"max-video-preview:-1"},"canonical":"https:\/\/objektmoebel-mirplay.de\/de\/product\/jon-2\/","og_locale":"de_DE","og_type":"article","og_title":"\u1405 Bewegungshocker Jon","og_description":"Bewegungshocker mit leicht abgerundeter Basis, der aktives Sitzen mit kontinuierlicher Bewegung erm\u00f6glicht, was die Wirbels\u00e4ule entlastet und gleichzeitig Aufmerksamkeit, Konzentration und eine bessere K\u00f6rperhaltung im Unterricht f\u00f6rdert.","og_url":"https:\/\/objektmoebel-mirplay.de\/de\/product\/jon-2\/","og_site_name":"Mirplay School","article_modified_time":"2025-05-22T08:37:29+00:00","og_image":[{"width":400,"height":284,"url":"https:\/\/objektmoebel-mirplay.de\/wp-content\/uploads\/2023\/11\/Jon-1.webp","type":"image\/webp"}],"twitter_card":"summary_large_image","twitter_misc":{"Gesch\u00e4tzte Lesezeit":"1\u00a0Minute"},"schema":{"@context":"https:\/\/schema.org","@graph":[{"@type":"WebPage","@id":"https:\/\/objektmoebel-mirplay.de\/de\/product\/jon-2\/","url":"https:\/\/objektmoebel-mirplay.de\/de\/product\/jon-2\/","name":"\u1405 Bewegungshocker Jon","isPartOf":{"@id":"https:\/\/objektmoebel-mirplay.de\/de\/#website"},"primaryImageOfPage":{"@id":"https:\/\/objektmoebel-mirplay.de\/de\/product\/jon-2\/#primaryimage"},"image":{"@id":"https:\/\/objektmoebel-mirplay.de\/de\/product\/jon-2\/#primaryimage"},"thumbnailUrl":"https:\/\/objektmoebel-mirplay.de\/wp-content\/uploads\/2023\/11\/Jon-1.webp","datePublished":"2025-02-20T12:07:48+00:00","dateModified":"2025-05-22T08:37:29+00:00","description":"Bewegungshocker mit leicht abgerundeter Basis, der aktives Sitzen mit kontinuierlicher Bewegung erm\u00f6glicht, was die Wirbels\u00e4ule entlastet und gleichzeitig Aufmerksamkeit, Konzentration und eine bessere K\u00f6rperhaltung im Unterricht f\u00f6rdert.","breadcrumb":{"@id":"https:\/\/objektmoebel-mirplay.de\/de\/product\/jon-2\/#breadcrumb"},"inLanguage":"de","potentialAction":[{"@type":"ReadAction","target":["https:\/\/objektmoebel-mirplay.de\/de\/product\/jon-2\/"]}]},{"@type":"ImageObject","inLanguage":"de","@id":"https:\/\/objektmoebel-mirplay.de\/de\/product\/jon-2\/#primaryimage","url":"https:\/\/objektmoebel-mirplay.de\/wp-content\/uploads\/2023\/11\/Jon-1.webp","contentUrl":"https:\/\/objektmoebel-mirplay.de\/wp-content\/uploads\/2023\/11\/Jon-1.webp","width":400,"height":284,"caption":"Taburete Jon"},{"@type":"BreadcrumbList","@id":"https:\/\/objektmoebel-mirplay.de\/de\/product\/jon-2\/#breadcrumb","itemListElement":[{"@type":"ListItem","position":1,"name":"Portada","item":"https:\/\/objektmoebel-mirplay.de\/de\/ca\/"},{"@type":"ListItem","position":2,"name":"Shop","item":"https:\/\/objektmoebel-mirplay.de\/en\/?page_id=5781"},{"@type":"ListItem","position":3,"name":"Jon"}]},{"@type":"WebSite","@id":"https:\/\/objektmoebel-mirplay.de\/de\/#website","url":"https:\/\/objektmoebel-mirplay.de\/de\/","name":"Mirplay School","description":"Muebles y Equipamiento para Peluquer\u00edas y Barber\u00edas.","publisher":{"@id":"https:\/\/objektmoebel-mirplay.de\/de\/#organization"},"potentialAction":[{"@type":"SearchAction","target":{"@type":"EntryPoint","urlTemplate":"https:\/\/objektmoebel-mirplay.de\/de\/?s={search_term_string}"},"query-input":{"@type":"PropertyValueSpecification","valueRequired":true,"valueName":"search_term_string"}}],"inLanguage":"de"},{"@type":"Organization","@id":"https:\/\/objektmoebel-mirplay.de\/de\/#organization","name":"Mirplay Salon","url":"https:\/\/objektmoebel-mirplay.de\/de\/","logo":{"@type":"ImageObject","inLanguage":"de","@id":"https:\/\/objektmoebel-mirplay.de\/de\/#\/schema\/logo\/image\/","url":"https:\/\/objektmoebel-mirplay.de\/wp-content\/uploads\/2022\/05\/cropped-MIRPLAY.SALONlogoM.17-01-2.jpg","contentUrl":"https:\/\/objektmoebel-mirplay.de\/wp-content\/uploads\/2022\/05\/cropped-MIRPLAY.SALONlogoM.17-01-2.jpg","width":512,"height":512,"caption":"Mirplay Salon"},"image":{"@id":"https:\/\/objektmoebel-mirplay.de\/de\/#\/schema\/logo\/image\/"}}]}},"_links":{"self":[{"href":"https:\/\/objektmoebel-mirplay.de\/de\/wp-json\/wp\/v2\/product\/13255","targetHints":{"allow":["GET"]}}],"collection":[{"href":"https:\/\/objektmoebel-mirplay.de\/de\/wp-json\/wp\/v2\/product"}],"about":[{"href":"https:\/\/objektmoebel-mirplay.de\/de\/wp-json\/wp\/v2\/types\/product"}],"wp:featuredmedia":[{"embeddable":true,"href":"https:\/\/objektmoebel-mirplay.de\/de\/wp-json\/wp\/v2\/media\/10055"}],"wp:attachment":[{"href":"https:\/\/objektmoebel-mirplay.de\/de\/wp-json\/wp\/v2\/media?parent=13255"}],"wp:term":[{"taxonomy":"product_brand","embeddable":true,"href":"https:\/\/objektmoebel-mirplay.de\/de\/wp-json\/wp\/v2\/product_brand?post=13255"},{"taxonomy":"product_cat","embeddable":true,"href":"https:\/\/objektmoebel-mirplay.de\/de\/wp-json\/wp\/v2\/product_cat?post=13255"},{"taxonomy":"product_tag","embeddable":true,"href":"https:\/\/objektmoebel-mirplay.de\/de\/wp-json\/wp\/v2\/product_tag?post=13255"}],"curies":[{"name":"wp","href":"https:\/\/api.w.org\/{rel}","templated":true}]}}