{"id":13218,"date":"2025-02-20T07:33:46","date_gmt":"2025-02-20T07:33:46","guid":{"rendered":"https:\/\/objektmoebel-mirplay.de\/?post_type=product&#038;p=13218"},"modified":"2026-02-27T14:11:26","modified_gmt":"2026-02-27T14:11:26","slug":"ztool-2","status":"publish","type":"product","link":"https:\/\/objektmoebel-mirplay.de\/de\/product\/ztool-2\/","title":{"rendered":"Ztool"},"content":{"rendered":"","protected":false},"excerpt":{"rendered":"<p>Artikel 1020<\/p>\n<p>Der Ztool ist ein tragbarer Sitz-Tisch, der sich ideal f\u00fcr den Einsatz in der Schule oder zu Hause eignet. Als Teil des Schulmobiliars passt er sich flexibel dem Lernalltag an. Gefertigt aus 60% recyceltem Kunststoff (post-consumer).<\/p>\n<ul>\n<li>gedacht als vielseitige Unterlage zum Schreiben oder f\u00fcr Laptop bzw. Tablet<\/li>\n<li>flexible L\u00f6sung f\u00fcr Unterricht und Selbststudium im und au\u00dferhalb des Klassenzimmers<\/li>\n<li>So k\u00f6nnen Sch\u00fcler unterwegs Notizen machen und au\u00dferhalb des Klassenzimmers arbeiten<\/li>\n<li>Leichtes, einteiliges Design, gut zu transportieren und stapelbar f\u00fcr unkompliziertes Verstauen<\/li>\n<li>Fertig montierte Lieferung<\/li>\n<li>Empfohlenes Alter: ab 6 Jahren<\/li>\n<li>mit gerundeten Ecken<\/li>\n<li>Produktabmessungen: 66 cm x 57 cm x 40 cm<\/li>\n<li>Gewicht: 1.6 kg<\/li>\n<li>Verf\u00fcgbar in den Farben: hellgr\u00fcn, hellgrau, hellblau und terracotta | F\u00fcr kurze Zeit ebenfalls verf\u00fcgbar: kr\u00e4ftiges himmelblau<\/li>\n<li>abnehmbares Sitzpolster optional erh\u00e4ltlich<\/li>\n<\/ul>\n<p>Passend dazu: den Stapel- und Transportwagen finden Sie <a href=\"https:\/\/objektmoebel-mirplay.de\/product\/ztool-trolley-neu\/\">hier<\/a> und eine Wandhalterung <a href=\"https:\/\/objektmoebel-mirplay.de\/product\/wandhaken-fuer-5-ztools\/\">hier<\/a>.<\/p>\n<p><a href=\"https:\/\/www.dropbox.com\/scl\/fi\/boqel7ywk41te7l3z8pbh\/1020-ZTOOL-Data-Sheet.pdf?rlkey=k5ma6z14gerqnyynv9u8yy1rs&amp;st=t5uez0d0&amp;dl=0\">Datenblatt<\/a><\/p>\n","protected":false},"featured_media":13965,"template":"","meta":[],"product_brand":[],"product_cat":[256,246,250],"product_tag":[],"class_list":{"0":"post-13218","1":"product","2":"type-product","3":"status-publish","4":"has-post-thumbnail","6":"product_cat-chairs","7":"product_cat-tables","8":"product_cat-complements","10":"first","11":"instock","12":"shipping-taxable","13":"product-type-simple"},"yoast_head":"<!-- This site is optimized with the Yoast SEO plugin v27.6 - https:\/\/yoast.com\/product\/yoast-seo-wordpress\/ -->\n<title>\u1405 Ztool<\/title>\n<meta name=\"description\" content=\"Der Ztool ist ein tragbarer Sitz-Tisch, der sich ideal f\u00fcr den Einsatz in der Schule oder zu Hause eignet.\" \/>\n<meta name=\"robots\" content=\"index, follow, max-snippet:-1, max-image-preview:large, max-video-preview:-1\" \/>\n<link rel=\"canonical\" href=\"https:\/\/objektmoebel-mirplay.de\/de\/product\/ztool-2\/\" \/>\n<meta property=\"og:locale\" content=\"de_DE\" \/>\n<meta property=\"og:type\" content=\"article\" \/>\n<meta property=\"og:title\" content=\"\u1405 Ztool\" \/>\n<meta property=\"og:description\" content=\"Der Ztool ist ein tragbarer Sitz-Tisch, der sich ideal f\u00fcr den Einsatz in der Schule oder zu Hause eignet.\" \/>\n<meta property=\"og:url\" content=\"https:\/\/objektmoebel-mirplay.de\/de\/product\/ztool-2\/\" \/>\n<meta property=\"og:site_name\" content=\"Mirplay School\" \/>\n<meta property=\"article:modified_time\" content=\"2026-02-27T14:11:26+00:00\" \/>\n<meta property=\"og:image\" content=\"https:\/\/objektmoebel-mirplay.de\/wp-content\/uploads\/2025\/02\/Projekt-Adobe-Express-Foto.jpeg\" \/>\n\t<meta property=\"og:image:width\" content=\"2390\" \/>\n\t<meta property=\"og:image:height\" content=\"1788\" \/>\n\t<meta property=\"og:image:type\" content=\"image\/jpeg\" \/>\n<meta name=\"twitter:card\" content=\"summary_large_image\" \/>\n<meta name=\"twitter:label1\" content=\"Gesch\u00e4tzte Lesezeit\" \/>\n\t<meta name=\"twitter:data1\" content=\"1\u00a0Minute\" \/>\n<script type=\"application\/ld+json\" class=\"yoast-schema-graph\">{\"@context\":\"https:\\\/\\\/schema.org\",\"@graph\":[{\"@type\":\"WebPage\",\"@id\":\"https:\\\/\\\/objektmoebel-mirplay.de\\\/de\\\/product\\\/ztool-2\\\/\",\"url\":\"https:\\\/\\\/objektmoebel-mirplay.de\\\/de\\\/product\\\/ztool-2\\\/\",\"name\":\"\u1405 Ztool\",\"isPartOf\":{\"@id\":\"https:\\\/\\\/objektmoebel-mirplay.de\\\/de\\\/#website\"},\"primaryImageOfPage\":{\"@id\":\"https:\\\/\\\/objektmoebel-mirplay.de\\\/de\\\/product\\\/ztool-2\\\/#primaryimage\"},\"image\":{\"@id\":\"https:\\\/\\\/objektmoebel-mirplay.de\\\/de\\\/product\\\/ztool-2\\\/#primaryimage\"},\"thumbnailUrl\":\"https:\\\/\\\/objektmoebel-mirplay.de\\\/wp-content\\\/uploads\\\/2025\\\/02\\\/Projekt-Adobe-Express-Foto.jpeg\",\"datePublished\":\"2025-02-20T07:33:46+00:00\",\"dateModified\":\"2026-02-27T14:11:26+00:00\",\"description\":\"Der Ztool ist ein tragbarer Sitz-Tisch, der sich ideal f\u00fcr den Einsatz in der Schule oder zu Hause eignet.\",\"breadcrumb\":{\"@id\":\"https:\\\/\\\/objektmoebel-mirplay.de\\\/de\\\/product\\\/ztool-2\\\/#breadcrumb\"},\"inLanguage\":\"de\",\"potentialAction\":[{\"@type\":\"ReadAction\",\"target\":[\"https:\\\/\\\/objektmoebel-mirplay.de\\\/de\\\/product\\\/ztool-2\\\/\"]}]},{\"@type\":\"ImageObject\",\"inLanguage\":\"de\",\"@id\":\"https:\\\/\\\/objektmoebel-mirplay.de\\\/de\\\/product\\\/ztool-2\\\/#primaryimage\",\"url\":\"https:\\\/\\\/objektmoebel-mirplay.de\\\/wp-content\\\/uploads\\\/2025\\\/02\\\/Projekt-Adobe-Express-Foto.jpeg\",\"contentUrl\":\"https:\\\/\\\/objektmoebel-mirplay.de\\\/wp-content\\\/uploads\\\/2025\\\/02\\\/Projekt-Adobe-Express-Foto.jpeg\",\"width\":2390,\"height\":1788},{\"@type\":\"BreadcrumbList\",\"@id\":\"https:\\\/\\\/objektmoebel-mirplay.de\\\/de\\\/product\\\/ztool-2\\\/#breadcrumb\",\"itemListElement\":[{\"@type\":\"ListItem\",\"position\":1,\"name\":\"Portada\",\"item\":\"https:\\\/\\\/objektmoebel-mirplay.de\\\/de\\\/ca\\\/\"},{\"@type\":\"ListItem\",\"position\":2,\"name\":\"Shop\",\"item\":\"https:\\\/\\\/objektmoebel-mirplay.de\\\/en\\\/?page_id=5781\"},{\"@type\":\"ListItem\",\"position\":3,\"name\":\"Ztool\"}]},{\"@type\":\"WebSite\",\"@id\":\"https:\\\/\\\/objektmoebel-mirplay.de\\\/de\\\/#website\",\"url\":\"https:\\\/\\\/objektmoebel-mirplay.de\\\/de\\\/\",\"name\":\"Mirplay School\",\"description\":\"Muebles y Equipamiento para Peluquer\u00edas y Barber\u00edas.\",\"publisher\":{\"@id\":\"https:\\\/\\\/objektmoebel-mirplay.de\\\/de\\\/#organization\"},\"potentialAction\":[{\"@type\":\"SearchAction\",\"target\":{\"@type\":\"EntryPoint\",\"urlTemplate\":\"https:\\\/\\\/objektmoebel-mirplay.de\\\/de\\\/?s={search_term_string}\"},\"query-input\":{\"@type\":\"PropertyValueSpecification\",\"valueRequired\":true,\"valueName\":\"search_term_string\"}}],\"inLanguage\":\"de\"},{\"@type\":\"Organization\",\"@id\":\"https:\\\/\\\/objektmoebel-mirplay.de\\\/de\\\/#organization\",\"name\":\"Mirplay Salon\",\"url\":\"https:\\\/\\\/objektmoebel-mirplay.de\\\/de\\\/\",\"logo\":{\"@type\":\"ImageObject\",\"inLanguage\":\"de\",\"@id\":\"https:\\\/\\\/objektmoebel-mirplay.de\\\/de\\\/#\\\/schema\\\/logo\\\/image\\\/\",\"url\":\"https:\\\/\\\/objektmoebel-mirplay.de\\\/wp-content\\\/uploads\\\/2022\\\/05\\\/cropped-MIRPLAY.SALONlogoM.17-01-2.jpg\",\"contentUrl\":\"https:\\\/\\\/objektmoebel-mirplay.de\\\/wp-content\\\/uploads\\\/2022\\\/05\\\/cropped-MIRPLAY.SALONlogoM.17-01-2.jpg\",\"width\":512,\"height\":512,\"caption\":\"Mirplay Salon\"},\"image\":{\"@id\":\"https:\\\/\\\/objektmoebel-mirplay.de\\\/de\\\/#\\\/schema\\\/logo\\\/image\\\/\"}}]}<\/script>\n<!-- \/ Yoast SEO plugin. -->","yoast_head_json":{"title":"\u1405 Ztool","description":"Der Ztool ist ein tragbarer Sitz-Tisch, der sich ideal f\u00fcr den Einsatz in der Schule oder zu Hause eignet.","robots":{"index":"index","follow":"follow","max-snippet":"max-snippet:-1","max-image-preview":"max-image-preview:large","max-video-preview":"max-video-preview:-1"},"canonical":"https:\/\/objektmoebel-mirplay.de\/de\/product\/ztool-2\/","og_locale":"de_DE","og_type":"article","og_title":"\u1405 Ztool","og_description":"Der Ztool ist ein tragbarer Sitz-Tisch, der sich ideal f\u00fcr den Einsatz in der Schule oder zu Hause eignet.","og_url":"https:\/\/objektmoebel-mirplay.de\/de\/product\/ztool-2\/","og_site_name":"Mirplay School","article_modified_time":"2026-02-27T14:11:26+00:00","og_image":[{"width":2390,"height":1788,"url":"https:\/\/objektmoebel-mirplay.de\/wp-content\/uploads\/2025\/02\/Projekt-Adobe-Express-Foto.jpeg","type":"image\/jpeg"}],"twitter_card":"summary_large_image","twitter_misc":{"Gesch\u00e4tzte Lesezeit":"1\u00a0Minute"},"schema":{"@context":"https:\/\/schema.org","@graph":[{"@type":"WebPage","@id":"https:\/\/objektmoebel-mirplay.de\/de\/product\/ztool-2\/","url":"https:\/\/objektmoebel-mirplay.de\/de\/product\/ztool-2\/","name":"\u1405 Ztool","isPartOf":{"@id":"https:\/\/objektmoebel-mirplay.de\/de\/#website"},"primaryImageOfPage":{"@id":"https:\/\/objektmoebel-mirplay.de\/de\/product\/ztool-2\/#primaryimage"},"image":{"@id":"https:\/\/objektmoebel-mirplay.de\/de\/product\/ztool-2\/#primaryimage"},"thumbnailUrl":"https:\/\/objektmoebel-mirplay.de\/wp-content\/uploads\/2025\/02\/Projekt-Adobe-Express-Foto.jpeg","datePublished":"2025-02-20T07:33:46+00:00","dateModified":"2026-02-27T14:11:26+00:00","description":"Der Ztool ist ein tragbarer Sitz-Tisch, der sich ideal f\u00fcr den Einsatz in der Schule oder zu Hause eignet.","breadcrumb":{"@id":"https:\/\/objektmoebel-mirplay.de\/de\/product\/ztool-2\/#breadcrumb"},"inLanguage":"de","potentialAction":[{"@type":"ReadAction","target":["https:\/\/objektmoebel-mirplay.de\/de\/product\/ztool-2\/"]}]},{"@type":"ImageObject","inLanguage":"de","@id":"https:\/\/objektmoebel-mirplay.de\/de\/product\/ztool-2\/#primaryimage","url":"https:\/\/objektmoebel-mirplay.de\/wp-content\/uploads\/2025\/02\/Projekt-Adobe-Express-Foto.jpeg","contentUrl":"https:\/\/objektmoebel-mirplay.de\/wp-content\/uploads\/2025\/02\/Projekt-Adobe-Express-Foto.jpeg","width":2390,"height":1788},{"@type":"BreadcrumbList","@id":"https:\/\/objektmoebel-mirplay.de\/de\/product\/ztool-2\/#breadcrumb","itemListElement":[{"@type":"ListItem","position":1,"name":"Portada","item":"https:\/\/objektmoebel-mirplay.de\/de\/ca\/"},{"@type":"ListItem","position":2,"name":"Shop","item":"https:\/\/objektmoebel-mirplay.de\/en\/?page_id=5781"},{"@type":"ListItem","position":3,"name":"Ztool"}]},{"@type":"WebSite","@id":"https:\/\/objektmoebel-mirplay.de\/de\/#website","url":"https:\/\/objektmoebel-mirplay.de\/de\/","name":"Mirplay School","description":"Muebles y Equipamiento para Peluquer\u00edas y Barber\u00edas.","publisher":{"@id":"https:\/\/objektmoebel-mirplay.de\/de\/#organization"},"potentialAction":[{"@type":"SearchAction","target":{"@type":"EntryPoint","urlTemplate":"https:\/\/objektmoebel-mirplay.de\/de\/?s={search_term_string}"},"query-input":{"@type":"PropertyValueSpecification","valueRequired":true,"valueName":"search_term_string"}}],"inLanguage":"de"},{"@type":"Organization","@id":"https:\/\/objektmoebel-mirplay.de\/de\/#organization","name":"Mirplay Salon","url":"https:\/\/objektmoebel-mirplay.de\/de\/","logo":{"@type":"ImageObject","inLanguage":"de","@id":"https:\/\/objektmoebel-mirplay.de\/de\/#\/schema\/logo\/image\/","url":"https:\/\/objektmoebel-mirplay.de\/wp-content\/uploads\/2022\/05\/cropped-MIRPLAY.SALONlogoM.17-01-2.jpg","contentUrl":"https:\/\/objektmoebel-mirplay.de\/wp-content\/uploads\/2022\/05\/cropped-MIRPLAY.SALONlogoM.17-01-2.jpg","width":512,"height":512,"caption":"Mirplay Salon"},"image":{"@id":"https:\/\/objektmoebel-mirplay.de\/de\/#\/schema\/logo\/image\/"}}]}},"_links":{"self":[{"href":"https:\/\/objektmoebel-mirplay.de\/de\/wp-json\/wp\/v2\/product\/13218","targetHints":{"allow":["GET"]}}],"collection":[{"href":"https:\/\/objektmoebel-mirplay.de\/de\/wp-json\/wp\/v2\/product"}],"about":[{"href":"https:\/\/objektmoebel-mirplay.de\/de\/wp-json\/wp\/v2\/types\/product"}],"wp:featuredmedia":[{"embeddable":true,"href":"https:\/\/objektmoebel-mirplay.de\/de\/wp-json\/wp\/v2\/media\/13965"}],"wp:attachment":[{"href":"https:\/\/objektmoebel-mirplay.de\/de\/wp-json\/wp\/v2\/media?parent=13218"}],"wp:term":[{"taxonomy":"product_brand","embeddable":true,"href":"https:\/\/objektmoebel-mirplay.de\/de\/wp-json\/wp\/v2\/product_brand?post=13218"},{"taxonomy":"product_cat","embeddable":true,"href":"https:\/\/objektmoebel-mirplay.de\/de\/wp-json\/wp\/v2\/product_cat?post=13218"},{"taxonomy":"product_tag","embeddable":true,"href":"https:\/\/objektmoebel-mirplay.de\/de\/wp-json\/wp\/v2\/product_tag?post=13218"}],"curies":[{"name":"wp","href":"https:\/\/api.w.org\/{rel}","templated":true}]}}