{"id":13198,"date":"2025-02-12T12:13:57","date_gmt":"2025-02-12T12:13:57","guid":{"rendered":"https:\/\/objektmoebel-mirplay.de\/?post_type=product&#038;p=13198"},"modified":"2026-01-08T11:31:54","modified_gmt":"2026-01-08T11:31:54","slug":"yang-2","status":"publish","type":"product","link":"https:\/\/objektmoebel-mirplay.de\/de\/product\/yang-2\/","title":{"rendered":"Yang"},"content":{"rendered":"<p><b>Gr\u00f6\u00dfen laut europ\u00e4ischer Norm UNE-EN 1729-1<\/b>.<\/p>\n<table>\n<tbody>\n<tr>\n<td>Alter<\/td>\n<td>Gr\u00f6\u00dfe<\/td>\n<td>Sitzh\u00f6he<\/td>\n<td>Tischh\u00f6he<\/td>\n<\/tr>\n<tr>\n<td>1\/2<\/td>\n<td>0<\/td>\n<td>21 cm<\/td>\n<td>40 cm<\/td>\n<\/tr>\n<tr>\n<td>2\/3<\/td>\n<td>1<\/td>\n<td>26 cm<\/td>\n<td>46 cm<\/td>\n<\/tr>\n<tr>\n<td>3\/4<\/td>\n<td>2<\/td>\n<td>30 cm<\/td>\n<td>52 cm<\/td>\n<\/tr>\n<tr>\n<td>4\/6<\/td>\n<td>3<\/td>\n<td>34 cm<\/td>\n<td>59 cm<\/td>\n<\/tr>\n<tr>\n<td>6\/8<\/td>\n<td>4<\/td>\n<td>38 cm<\/td>\n<td>65 cm<\/td>\n<\/tr>\n<tr>\n<td>8\/11<\/td>\n<td>5<\/td>\n<td>42 cm<\/td>\n<td>70 cm<\/td>\n<\/tr>\n<tr>\n<td>+12<\/td>\n<td>6<\/td>\n<td>46 cm<\/td>\n<td>77 cm<\/td>\n<\/tr>\n<tr>\n<td>+8<\/td>\n<td>8*<\/td>\n<td>80 cm<\/td>\n<td>100 cm<\/td>\n<\/tr>\n<\/tbody>\n<\/table>\n<p>*Entspricht UNE-EN 1729-1 Gr\u00f6\u00dfe 5 f\u00fcr Tische zum Arbeiten im Stehen.<\/p>\n","protected":false},"excerpt":{"rendered":"<p>Artikel YANG 154\/153<\/p>\n<p>Halbrundtisch in verschiedenen Gr\u00f6\u00dfen. Mit Metallgestell und melaminharzbeschichteter Spanplatte. Die geschwungene Form inspiriert und regt die Kreativit\u00e4t an. Mit einem weiteren Halbrundtisch l\u00e4sst sich ein runder Tisch stellen. L\u00e4sst sich auch mit <a href=\"https:\/\/objektmoebel-mirplay.de\/product\/wave\/\">Wellentisch Wave<\/a> erweitern.<\/p>\n<ul>\n<li>In den Gr\u00f6\u00dfen 1 bis 6 verf\u00fcgbar<\/li>\n<li>Gestell: Metall warmgrau, Tischplatte: melaminharzbeschichtete Spanplatte<\/li>\n<li>Dekor: ahorn hell<\/li>\n<li>Mit Bodenausgleichsschrauben, um Bodenunebenheiten auszugleichen<\/li>\n<\/ul>\n<p><a href=\"https:\/\/www.dropbox.com\/scl\/fi\/5oj0rvaamu54cb18xa6xl\/2345RC-2345R-YANGneu_Datenblatt.pdf?rlkey=0m0do2jjmvj6i7cj1b50c7ycg&amp;st=da9ep3x8&amp;dl=0\">Datenblatt<\/a><\/p>\n","protected":false},"featured_media":13729,"template":"","meta":[],"product_brand":[],"product_cat":[246],"product_tag":[],"class_list":{"0":"post-13198","1":"product","2":"type-product","3":"status-publish","4":"has-post-thumbnail","6":"product_cat-tables","8":"first","9":"instock","10":"shipping-taxable","11":"product-type-simple"},"yoast_head":"<!-- This site is optimized with the Yoast SEO plugin v27.6 - https:\/\/yoast.com\/product\/yoast-seo-wordpress\/ -->\n<title>\u1405 Halbrundtisch\u3010Yang\u3011<\/title>\n<meta name=\"description\" content=\"Halbrundtisch. Mit Metallgestell und melaminharzbeschichteter Spanplatte. Die geschwungene Form inspiriert und regt die Kreativit\u00e4t an.\" \/>\n<meta name=\"robots\" content=\"index, follow, max-snippet:-1, max-image-preview:large, max-video-preview:-1\" \/>\n<link rel=\"canonical\" href=\"https:\/\/objektmoebel-mirplay.de\/de\/product\/yang-2\/\" \/>\n<meta property=\"og:locale\" content=\"de_DE\" \/>\n<meta property=\"og:type\" content=\"article\" \/>\n<meta property=\"og:title\" content=\"\u1405 Halbrundtisch\u3010Yang\u3011\" \/>\n<meta property=\"og:description\" content=\"Halbrundtisch. Mit Metallgestell und melaminharzbeschichteter Spanplatte. Die geschwungene Form inspiriert und regt die Kreativit\u00e4t an.\" \/>\n<meta property=\"og:url\" content=\"https:\/\/objektmoebel-mirplay.de\/de\/product\/yang-2\/\" \/>\n<meta property=\"og:site_name\" content=\"Mirplay School\" \/>\n<meta property=\"article:modified_time\" content=\"2026-01-08T11:31:54+00:00\" \/>\n<meta property=\"og:image\" content=\"https:\/\/objektmoebel-mirplay.de\/wp-content\/uploads\/2025\/02\/03-YANG-153_154-PR-011-scaled.png\" \/>\n\t<meta property=\"og:image:width\" content=\"2560\" \/>\n\t<meta property=\"og:image:height\" content=\"2560\" \/>\n\t<meta property=\"og:image:type\" content=\"image\/png\" \/>\n<meta name=\"twitter:card\" content=\"summary_large_image\" \/>\n<meta name=\"twitter:label1\" content=\"Gesch\u00e4tzte Lesezeit\" \/>\n\t<meta name=\"twitter:data1\" content=\"1\u00a0Minute\" \/>\n<script type=\"application\/ld+json\" class=\"yoast-schema-graph\">{\"@context\":\"https:\\\/\\\/schema.org\",\"@graph\":[{\"@type\":\"WebPage\",\"@id\":\"https:\\\/\\\/objektmoebel-mirplay.de\\\/de\\\/product\\\/yang-2\\\/\",\"url\":\"https:\\\/\\\/objektmoebel-mirplay.de\\\/de\\\/product\\\/yang-2\\\/\",\"name\":\"\u1405 Halbrundtisch\u3010Yang\u3011\",\"isPartOf\":{\"@id\":\"https:\\\/\\\/objektmoebel-mirplay.de\\\/de\\\/#website\"},\"primaryImageOfPage\":{\"@id\":\"https:\\\/\\\/objektmoebel-mirplay.de\\\/de\\\/product\\\/yang-2\\\/#primaryimage\"},\"image\":{\"@id\":\"https:\\\/\\\/objektmoebel-mirplay.de\\\/de\\\/product\\\/yang-2\\\/#primaryimage\"},\"thumbnailUrl\":\"https:\\\/\\\/objektmoebel-mirplay.de\\\/wp-content\\\/uploads\\\/2025\\\/02\\\/03-YANG-153_154-PR-011-scaled.png\",\"datePublished\":\"2025-02-12T12:13:57+00:00\",\"dateModified\":\"2026-01-08T11:31:54+00:00\",\"description\":\"Halbrundtisch. Mit Metallgestell und melaminharzbeschichteter Spanplatte. Die geschwungene Form inspiriert und regt die Kreativit\u00e4t an.\",\"breadcrumb\":{\"@id\":\"https:\\\/\\\/objektmoebel-mirplay.de\\\/de\\\/product\\\/yang-2\\\/#breadcrumb\"},\"inLanguage\":\"de\",\"potentialAction\":[{\"@type\":\"ReadAction\",\"target\":[\"https:\\\/\\\/objektmoebel-mirplay.de\\\/de\\\/product\\\/yang-2\\\/\"]}]},{\"@type\":\"ImageObject\",\"inLanguage\":\"de\",\"@id\":\"https:\\\/\\\/objektmoebel-mirplay.de\\\/de\\\/product\\\/yang-2\\\/#primaryimage\",\"url\":\"https:\\\/\\\/objektmoebel-mirplay.de\\\/wp-content\\\/uploads\\\/2025\\\/02\\\/03-YANG-153_154-PR-011-scaled.png\",\"contentUrl\":\"https:\\\/\\\/objektmoebel-mirplay.de\\\/wp-content\\\/uploads\\\/2025\\\/02\\\/03-YANG-153_154-PR-011-scaled.png\",\"width\":2560,\"height\":2560},{\"@type\":\"BreadcrumbList\",\"@id\":\"https:\\\/\\\/objektmoebel-mirplay.de\\\/de\\\/product\\\/yang-2\\\/#breadcrumb\",\"itemListElement\":[{\"@type\":\"ListItem\",\"position\":1,\"name\":\"Portada\",\"item\":\"https:\\\/\\\/objektmoebel-mirplay.de\\\/de\\\/ca\\\/\"},{\"@type\":\"ListItem\",\"position\":2,\"name\":\"Shop\",\"item\":\"https:\\\/\\\/objektmoebel-mirplay.de\\\/en\\\/?page_id=5781\"},{\"@type\":\"ListItem\",\"position\":3,\"name\":\"Yang\"}]},{\"@type\":\"WebSite\",\"@id\":\"https:\\\/\\\/objektmoebel-mirplay.de\\\/de\\\/#website\",\"url\":\"https:\\\/\\\/objektmoebel-mirplay.de\\\/de\\\/\",\"name\":\"Mirplay School\",\"description\":\"Muebles y Equipamiento para Peluquer\u00edas y Barber\u00edas.\",\"publisher\":{\"@id\":\"https:\\\/\\\/objektmoebel-mirplay.de\\\/de\\\/#organization\"},\"potentialAction\":[{\"@type\":\"SearchAction\",\"target\":{\"@type\":\"EntryPoint\",\"urlTemplate\":\"https:\\\/\\\/objektmoebel-mirplay.de\\\/de\\\/?s={search_term_string}\"},\"query-input\":{\"@type\":\"PropertyValueSpecification\",\"valueRequired\":true,\"valueName\":\"search_term_string\"}}],\"inLanguage\":\"de\"},{\"@type\":\"Organization\",\"@id\":\"https:\\\/\\\/objektmoebel-mirplay.de\\\/de\\\/#organization\",\"name\":\"Mirplay Salon\",\"url\":\"https:\\\/\\\/objektmoebel-mirplay.de\\\/de\\\/\",\"logo\":{\"@type\":\"ImageObject\",\"inLanguage\":\"de\",\"@id\":\"https:\\\/\\\/objektmoebel-mirplay.de\\\/de\\\/#\\\/schema\\\/logo\\\/image\\\/\",\"url\":\"https:\\\/\\\/objektmoebel-mirplay.de\\\/wp-content\\\/uploads\\\/2022\\\/05\\\/cropped-MIRPLAY.SALONlogoM.17-01-2.jpg\",\"contentUrl\":\"https:\\\/\\\/objektmoebel-mirplay.de\\\/wp-content\\\/uploads\\\/2022\\\/05\\\/cropped-MIRPLAY.SALONlogoM.17-01-2.jpg\",\"width\":512,\"height\":512,\"caption\":\"Mirplay Salon\"},\"image\":{\"@id\":\"https:\\\/\\\/objektmoebel-mirplay.de\\\/de\\\/#\\\/schema\\\/logo\\\/image\\\/\"}}]}<\/script>\n<!-- \/ Yoast SEO plugin. -->","yoast_head_json":{"title":"\u1405 Halbrundtisch\u3010Yang\u3011","description":"Halbrundtisch. Mit Metallgestell und melaminharzbeschichteter Spanplatte. Die geschwungene Form inspiriert und regt die Kreativit\u00e4t an.","robots":{"index":"index","follow":"follow","max-snippet":"max-snippet:-1","max-image-preview":"max-image-preview:large","max-video-preview":"max-video-preview:-1"},"canonical":"https:\/\/objektmoebel-mirplay.de\/de\/product\/yang-2\/","og_locale":"de_DE","og_type":"article","og_title":"\u1405 Halbrundtisch\u3010Yang\u3011","og_description":"Halbrundtisch. Mit Metallgestell und melaminharzbeschichteter Spanplatte. Die geschwungene Form inspiriert und regt die Kreativit\u00e4t an.","og_url":"https:\/\/objektmoebel-mirplay.de\/de\/product\/yang-2\/","og_site_name":"Mirplay School","article_modified_time":"2026-01-08T11:31:54+00:00","og_image":[{"width":2560,"height":2560,"url":"https:\/\/objektmoebel-mirplay.de\/wp-content\/uploads\/2025\/02\/03-YANG-153_154-PR-011-scaled.png","type":"image\/png"}],"twitter_card":"summary_large_image","twitter_misc":{"Gesch\u00e4tzte Lesezeit":"1\u00a0Minute"},"schema":{"@context":"https:\/\/schema.org","@graph":[{"@type":"WebPage","@id":"https:\/\/objektmoebel-mirplay.de\/de\/product\/yang-2\/","url":"https:\/\/objektmoebel-mirplay.de\/de\/product\/yang-2\/","name":"\u1405 Halbrundtisch\u3010Yang\u3011","isPartOf":{"@id":"https:\/\/objektmoebel-mirplay.de\/de\/#website"},"primaryImageOfPage":{"@id":"https:\/\/objektmoebel-mirplay.de\/de\/product\/yang-2\/#primaryimage"},"image":{"@id":"https:\/\/objektmoebel-mirplay.de\/de\/product\/yang-2\/#primaryimage"},"thumbnailUrl":"https:\/\/objektmoebel-mirplay.de\/wp-content\/uploads\/2025\/02\/03-YANG-153_154-PR-011-scaled.png","datePublished":"2025-02-12T12:13:57+00:00","dateModified":"2026-01-08T11:31:54+00:00","description":"Halbrundtisch. Mit Metallgestell und melaminharzbeschichteter Spanplatte. Die geschwungene Form inspiriert und regt die Kreativit\u00e4t an.","breadcrumb":{"@id":"https:\/\/objektmoebel-mirplay.de\/de\/product\/yang-2\/#breadcrumb"},"inLanguage":"de","potentialAction":[{"@type":"ReadAction","target":["https:\/\/objektmoebel-mirplay.de\/de\/product\/yang-2\/"]}]},{"@type":"ImageObject","inLanguage":"de","@id":"https:\/\/objektmoebel-mirplay.de\/de\/product\/yang-2\/#primaryimage","url":"https:\/\/objektmoebel-mirplay.de\/wp-content\/uploads\/2025\/02\/03-YANG-153_154-PR-011-scaled.png","contentUrl":"https:\/\/objektmoebel-mirplay.de\/wp-content\/uploads\/2025\/02\/03-YANG-153_154-PR-011-scaled.png","width":2560,"height":2560},{"@type":"BreadcrumbList","@id":"https:\/\/objektmoebel-mirplay.de\/de\/product\/yang-2\/#breadcrumb","itemListElement":[{"@type":"ListItem","position":1,"name":"Portada","item":"https:\/\/objektmoebel-mirplay.de\/de\/ca\/"},{"@type":"ListItem","position":2,"name":"Shop","item":"https:\/\/objektmoebel-mirplay.de\/en\/?page_id=5781"},{"@type":"ListItem","position":3,"name":"Yang"}]},{"@type":"WebSite","@id":"https:\/\/objektmoebel-mirplay.de\/de\/#website","url":"https:\/\/objektmoebel-mirplay.de\/de\/","name":"Mirplay School","description":"Muebles y Equipamiento para Peluquer\u00edas y Barber\u00edas.","publisher":{"@id":"https:\/\/objektmoebel-mirplay.de\/de\/#organization"},"potentialAction":[{"@type":"SearchAction","target":{"@type":"EntryPoint","urlTemplate":"https:\/\/objektmoebel-mirplay.de\/de\/?s={search_term_string}"},"query-input":{"@type":"PropertyValueSpecification","valueRequired":true,"valueName":"search_term_string"}}],"inLanguage":"de"},{"@type":"Organization","@id":"https:\/\/objektmoebel-mirplay.de\/de\/#organization","name":"Mirplay Salon","url":"https:\/\/objektmoebel-mirplay.de\/de\/","logo":{"@type":"ImageObject","inLanguage":"de","@id":"https:\/\/objektmoebel-mirplay.de\/de\/#\/schema\/logo\/image\/","url":"https:\/\/objektmoebel-mirplay.de\/wp-content\/uploads\/2022\/05\/cropped-MIRPLAY.SALONlogoM.17-01-2.jpg","contentUrl":"https:\/\/objektmoebel-mirplay.de\/wp-content\/uploads\/2022\/05\/cropped-MIRPLAY.SALONlogoM.17-01-2.jpg","width":512,"height":512,"caption":"Mirplay Salon"},"image":{"@id":"https:\/\/objektmoebel-mirplay.de\/de\/#\/schema\/logo\/image\/"}}]}},"_links":{"self":[{"href":"https:\/\/objektmoebel-mirplay.de\/de\/wp-json\/wp\/v2\/product\/13198","targetHints":{"allow":["GET"]}}],"collection":[{"href":"https:\/\/objektmoebel-mirplay.de\/de\/wp-json\/wp\/v2\/product"}],"about":[{"href":"https:\/\/objektmoebel-mirplay.de\/de\/wp-json\/wp\/v2\/types\/product"}],"wp:featuredmedia":[{"embeddable":true,"href":"https:\/\/objektmoebel-mirplay.de\/de\/wp-json\/wp\/v2\/media\/13729"}],"wp:attachment":[{"href":"https:\/\/objektmoebel-mirplay.de\/de\/wp-json\/wp\/v2\/media?parent=13198"}],"wp:term":[{"taxonomy":"product_brand","embeddable":true,"href":"https:\/\/objektmoebel-mirplay.de\/de\/wp-json\/wp\/v2\/product_brand?post=13198"},{"taxonomy":"product_cat","embeddable":true,"href":"https:\/\/objektmoebel-mirplay.de\/de\/wp-json\/wp\/v2\/product_cat?post=13198"},{"taxonomy":"product_tag","embeddable":true,"href":"https:\/\/objektmoebel-mirplay.de\/de\/wp-json\/wp\/v2\/product_tag?post=13198"}],"curies":[{"name":"wp","href":"https:\/\/api.w.org\/{rel}","templated":true}]}}