{"id":12498,"date":"2024-10-01T07:20:32","date_gmt":"2024-10-01T07:20:32","guid":{"rendered":"https:\/\/objektmoebel-mirplay.de\/?post_type=product&#038;p=12498"},"modified":"2025-06-20T13:10:00","modified_gmt":"2025-06-20T13:10:00","slug":"mia-mini-lift-2-holzschale","status":"publish","type":"product","link":"https:\/\/objektmoebel-mirplay.de\/de\/product\/mia-mini-lift-2-holzschale\/","title":{"rendered":"Drehstuhl Mia Mini Lift &#8211; Holzschale"},"content":{"rendered":"<p><b>Gr\u00f6\u00dfen laut europ\u00e4ischer Norm UNE-EN 1729-1<\/b>.<\/p>\n<table>\n<tbody>\n<tr>\n<td>Alter<\/td>\n<td>Gr\u00f6\u00dfe<\/td>\n<td>Sitzh\u00f6he<\/td>\n<td>Tischh\u00f6he<\/td>\n<\/tr>\n<tr>\n<td>1\/2<\/td>\n<td>0<\/td>\n<td>21 cm<\/td>\n<td>40 cm<\/td>\n<\/tr>\n<tr>\n<td>2\/3<\/td>\n<td>1<\/td>\n<td>26 cm<\/td>\n<td>46 cm<\/td>\n<\/tr>\n<tr>\n<td>3\/4<\/td>\n<td>2<\/td>\n<td>30 cm<\/td>\n<td>52 cm<\/td>\n<\/tr>\n<tr>\n<td>4\/6<\/td>\n<td>3<\/td>\n<td>34 cm<\/td>\n<td>59 cm<\/td>\n<\/tr>\n<tr>\n<td>6\/8<\/td>\n<td>4<\/td>\n<td>38 cm<\/td>\n<td>65 cm<\/td>\n<\/tr>\n<tr>\n<td>8\/11<\/td>\n<td>5<\/td>\n<td>42 cm<\/td>\n<td>70 cm<\/td>\n<\/tr>\n<tr>\n<td>+12<\/td>\n<td>6<\/td>\n<td>46 cm<\/td>\n<td>77 cm<\/td>\n<\/tr>\n<tr>\n<td>+8<\/td>\n<td>8*<\/td>\n<td>80 cm<\/td>\n<td>100 cm<\/td>\n<\/tr>\n<\/tbody>\n<\/table>\n<p>*Entspricht UNE-EN 1729-1 Gr\u00f6\u00dfe 5 f\u00fcr Tische zum Arbeiten im Stehen.<\/p>\n","protected":false},"excerpt":{"rendered":"<p>Artikel 169<\/p>\n<p>Drehstuhl mit ergonomischer und flexibler R\u00fcckenlehne, die eine gesunde und aufrechte Haltung f\u00f6rdert. Sitzschale aus mehrfach verleimtem Buchenholz. H\u00f6henverstellbar mittels Gasdruckfeder. Niedrige Sitzh\u00f6he, damit Kinder und Erzieherinnen auf gleicher H\u00f6he arbeiten k\u00f6nnen.<\/p>\n<p>Besonders mobil und vielseitig<\/p>\n<ul>\n<li>Sitzschale: lackierte Buchenholzschale mit Griffloch<\/li>\n<li>R\u00fcckenlehne mit Lordosenst\u00fctze<\/li>\n<li>einfache H\u00f6henverstellung mittels Gasdruckfeder<\/li>\n<li>Sternf\u00f6rmiges Fu\u00dfkreuz:\n<ul>\n<li>aus Polypropylen oder Aluminium poliert<\/li>\n<li>fahrbar mit 5 Rollen oder fest mit 5 Gleitern<\/li>\n<\/ul>\n<\/li>\n<li>H\u00f6henverstellbar zwischen ca. 30-39,5 cm<\/li>\n<li>F\u00fcr Kinder geeignet<\/li>\n<\/ul>\n<p>&nbsp;<\/p>\n<p><a href=\"https:\/\/www.dropbox.com\/scl\/fi\/hmjzmanfehrsv57he6hbj\/169_MIA_MINI-LIFT-HOLZ.pdf?rlkey=uh6o0sbl6sj0hrv0lortuom03&amp;st=x6mhj91s&amp;dl=0\">Datenblatt<\/a><\/p>\n<p>Die Variante mit Kunststoffschale finden Sie <a href=\"https:\/\/objektmoebel-mirplay.de\/product\/mia-mini-lift-2\/\">hier<\/a>.<\/p>\n","protected":false},"featured_media":13365,"template":"","meta":[],"product_brand":[],"product_cat":[256],"product_tag":[],"class_list":{"0":"post-12498","1":"product","2":"type-product","3":"status-publish","4":"has-post-thumbnail","6":"product_cat-chairs","8":"first","9":"instock","10":"shipping-taxable","11":"product-type-simple"},"yoast_head":"<!-- This site is optimized with the Yoast SEO plugin v27.6 - https:\/\/yoast.com\/product\/yoast-seo-wordpress\/ -->\n<title>\u1405 Drehstuhl\u3010Mia Mini Lift\u3011<\/title>\n<meta name=\"description\" content=\"Drehstuhl mit ergonomischer R\u00fcckenlehne, die eine gesunde Haltung f\u00f6rdert. Niedrige Sitzh\u00f6he - so arbeiten Kinder und Erzieherinnen auf gleicher H\u00f6he\" \/>\n<meta name=\"robots\" content=\"index, follow, max-snippet:-1, max-image-preview:large, max-video-preview:-1\" \/>\n<link rel=\"canonical\" href=\"https:\/\/objektmoebel-mirplay.de\/de\/product\/mia-mini-lift-2-holzschale\/\" \/>\n<meta property=\"og:locale\" content=\"de_DE\" \/>\n<meta property=\"og:type\" content=\"article\" \/>\n<meta property=\"og:title\" content=\"\u1405 Drehstuhl\u3010Mia Mini Lift\u3011\" \/>\n<meta property=\"og:description\" content=\"Drehstuhl mit ergonomischer R\u00fcckenlehne, die eine gesunde Haltung f\u00f6rdert. Niedrige Sitzh\u00f6he - so arbeiten Kinder und Erzieherinnen auf gleicher H\u00f6he\" \/>\n<meta property=\"og:url\" content=\"https:\/\/objektmoebel-mirplay.de\/de\/product\/mia-mini-lift-2-holzschale\/\" \/>\n<meta property=\"og:site_name\" content=\"Mirplay School\" \/>\n<meta property=\"article:modified_time\" content=\"2025-06-20T13:10:00+00:00\" \/>\n<meta property=\"og:image\" content=\"https:\/\/objektmoebel-mirplay.de\/wp-content\/uploads\/2024\/10\/Mia-Mini-Holz.png\" \/>\n\t<meta property=\"og:image:width\" content=\"2481\" \/>\n\t<meta property=\"og:image:height\" content=\"2481\" \/>\n\t<meta property=\"og:image:type\" content=\"image\/png\" \/>\n<meta name=\"twitter:card\" content=\"summary_large_image\" \/>\n<meta name=\"twitter:label1\" content=\"Gesch\u00e4tzte Lesezeit\" \/>\n\t<meta name=\"twitter:data1\" content=\"1\u00a0Minute\" \/>\n<script type=\"application\/ld+json\" class=\"yoast-schema-graph\">{\"@context\":\"https:\\\/\\\/schema.org\",\"@graph\":[{\"@type\":\"WebPage\",\"@id\":\"https:\\\/\\\/objektmoebel-mirplay.de\\\/de\\\/product\\\/mia-mini-lift-2-holzschale\\\/\",\"url\":\"https:\\\/\\\/objektmoebel-mirplay.de\\\/de\\\/product\\\/mia-mini-lift-2-holzschale\\\/\",\"name\":\"\u1405 Drehstuhl\u3010Mia Mini Lift\u3011\",\"isPartOf\":{\"@id\":\"https:\\\/\\\/objektmoebel-mirplay.de\\\/de\\\/#website\"},\"primaryImageOfPage\":{\"@id\":\"https:\\\/\\\/objektmoebel-mirplay.de\\\/de\\\/product\\\/mia-mini-lift-2-holzschale\\\/#primaryimage\"},\"image\":{\"@id\":\"https:\\\/\\\/objektmoebel-mirplay.de\\\/de\\\/product\\\/mia-mini-lift-2-holzschale\\\/#primaryimage\"},\"thumbnailUrl\":\"https:\\\/\\\/objektmoebel-mirplay.de\\\/wp-content\\\/uploads\\\/2024\\\/10\\\/Mia-Mini-Holz.png\",\"datePublished\":\"2024-10-01T07:20:32+00:00\",\"dateModified\":\"2025-06-20T13:10:00+00:00\",\"description\":\"Drehstuhl mit ergonomischer R\u00fcckenlehne, die eine gesunde Haltung f\u00f6rdert. Niedrige Sitzh\u00f6he - so arbeiten Kinder und Erzieherinnen auf gleicher H\u00f6he\",\"breadcrumb\":{\"@id\":\"https:\\\/\\\/objektmoebel-mirplay.de\\\/de\\\/product\\\/mia-mini-lift-2-holzschale\\\/#breadcrumb\"},\"inLanguage\":\"de\",\"potentialAction\":[{\"@type\":\"ReadAction\",\"target\":[\"https:\\\/\\\/objektmoebel-mirplay.de\\\/de\\\/product\\\/mia-mini-lift-2-holzschale\\\/\"]}]},{\"@type\":\"ImageObject\",\"inLanguage\":\"de\",\"@id\":\"https:\\\/\\\/objektmoebel-mirplay.de\\\/de\\\/product\\\/mia-mini-lift-2-holzschale\\\/#primaryimage\",\"url\":\"https:\\\/\\\/objektmoebel-mirplay.de\\\/wp-content\\\/uploads\\\/2024\\\/10\\\/Mia-Mini-Holz.png\",\"contentUrl\":\"https:\\\/\\\/objektmoebel-mirplay.de\\\/wp-content\\\/uploads\\\/2024\\\/10\\\/Mia-Mini-Holz.png\",\"width\":2481,\"height\":2481},{\"@type\":\"BreadcrumbList\",\"@id\":\"https:\\\/\\\/objektmoebel-mirplay.de\\\/de\\\/product\\\/mia-mini-lift-2-holzschale\\\/#breadcrumb\",\"itemListElement\":[{\"@type\":\"ListItem\",\"position\":1,\"name\":\"Portada\",\"item\":\"https:\\\/\\\/objektmoebel-mirplay.de\\\/de\\\/ca\\\/\"},{\"@type\":\"ListItem\",\"position\":2,\"name\":\"Shop\",\"item\":\"https:\\\/\\\/objektmoebel-mirplay.de\\\/en\\\/?page_id=5781\"},{\"@type\":\"ListItem\",\"position\":3,\"name\":\"Drehstuhl Mia Mini Lift &#8211; Holzschale\"}]},{\"@type\":\"WebSite\",\"@id\":\"https:\\\/\\\/objektmoebel-mirplay.de\\\/de\\\/#website\",\"url\":\"https:\\\/\\\/objektmoebel-mirplay.de\\\/de\\\/\",\"name\":\"Mirplay School\",\"description\":\"Muebles y Equipamiento para Peluquer\u00edas y Barber\u00edas.\",\"publisher\":{\"@id\":\"https:\\\/\\\/objektmoebel-mirplay.de\\\/de\\\/#organization\"},\"potentialAction\":[{\"@type\":\"SearchAction\",\"target\":{\"@type\":\"EntryPoint\",\"urlTemplate\":\"https:\\\/\\\/objektmoebel-mirplay.de\\\/de\\\/?s={search_term_string}\"},\"query-input\":{\"@type\":\"PropertyValueSpecification\",\"valueRequired\":true,\"valueName\":\"search_term_string\"}}],\"inLanguage\":\"de\"},{\"@type\":\"Organization\",\"@id\":\"https:\\\/\\\/objektmoebel-mirplay.de\\\/de\\\/#organization\",\"name\":\"Mirplay Salon\",\"url\":\"https:\\\/\\\/objektmoebel-mirplay.de\\\/de\\\/\",\"logo\":{\"@type\":\"ImageObject\",\"inLanguage\":\"de\",\"@id\":\"https:\\\/\\\/objektmoebel-mirplay.de\\\/de\\\/#\\\/schema\\\/logo\\\/image\\\/\",\"url\":\"https:\\\/\\\/objektmoebel-mirplay.de\\\/wp-content\\\/uploads\\\/2022\\\/05\\\/cropped-MIRPLAY.SALONlogoM.17-01-2.jpg\",\"contentUrl\":\"https:\\\/\\\/objektmoebel-mirplay.de\\\/wp-content\\\/uploads\\\/2022\\\/05\\\/cropped-MIRPLAY.SALONlogoM.17-01-2.jpg\",\"width\":512,\"height\":512,\"caption\":\"Mirplay Salon\"},\"image\":{\"@id\":\"https:\\\/\\\/objektmoebel-mirplay.de\\\/de\\\/#\\\/schema\\\/logo\\\/image\\\/\"}}]}<\/script>\n<!-- \/ Yoast SEO plugin. -->","yoast_head_json":{"title":"\u1405 Drehstuhl\u3010Mia Mini Lift\u3011","description":"Drehstuhl mit ergonomischer R\u00fcckenlehne, die eine gesunde Haltung f\u00f6rdert. Niedrige Sitzh\u00f6he - so arbeiten Kinder und Erzieherinnen auf gleicher H\u00f6he","robots":{"index":"index","follow":"follow","max-snippet":"max-snippet:-1","max-image-preview":"max-image-preview:large","max-video-preview":"max-video-preview:-1"},"canonical":"https:\/\/objektmoebel-mirplay.de\/de\/product\/mia-mini-lift-2-holzschale\/","og_locale":"de_DE","og_type":"article","og_title":"\u1405 Drehstuhl\u3010Mia Mini Lift\u3011","og_description":"Drehstuhl mit ergonomischer R\u00fcckenlehne, die eine gesunde Haltung f\u00f6rdert. Niedrige Sitzh\u00f6he - so arbeiten Kinder und Erzieherinnen auf gleicher H\u00f6he","og_url":"https:\/\/objektmoebel-mirplay.de\/de\/product\/mia-mini-lift-2-holzschale\/","og_site_name":"Mirplay School","article_modified_time":"2025-06-20T13:10:00+00:00","og_image":[{"width":2481,"height":2481,"url":"https:\/\/objektmoebel-mirplay.de\/wp-content\/uploads\/2024\/10\/Mia-Mini-Holz.png","type":"image\/png"}],"twitter_card":"summary_large_image","twitter_misc":{"Gesch\u00e4tzte Lesezeit":"1\u00a0Minute"},"schema":{"@context":"https:\/\/schema.org","@graph":[{"@type":"WebPage","@id":"https:\/\/objektmoebel-mirplay.de\/de\/product\/mia-mini-lift-2-holzschale\/","url":"https:\/\/objektmoebel-mirplay.de\/de\/product\/mia-mini-lift-2-holzschale\/","name":"\u1405 Drehstuhl\u3010Mia Mini Lift\u3011","isPartOf":{"@id":"https:\/\/objektmoebel-mirplay.de\/de\/#website"},"primaryImageOfPage":{"@id":"https:\/\/objektmoebel-mirplay.de\/de\/product\/mia-mini-lift-2-holzschale\/#primaryimage"},"image":{"@id":"https:\/\/objektmoebel-mirplay.de\/de\/product\/mia-mini-lift-2-holzschale\/#primaryimage"},"thumbnailUrl":"https:\/\/objektmoebel-mirplay.de\/wp-content\/uploads\/2024\/10\/Mia-Mini-Holz.png","datePublished":"2024-10-01T07:20:32+00:00","dateModified":"2025-06-20T13:10:00+00:00","description":"Drehstuhl mit ergonomischer R\u00fcckenlehne, die eine gesunde Haltung f\u00f6rdert. Niedrige Sitzh\u00f6he - so arbeiten Kinder und Erzieherinnen auf gleicher H\u00f6he","breadcrumb":{"@id":"https:\/\/objektmoebel-mirplay.de\/de\/product\/mia-mini-lift-2-holzschale\/#breadcrumb"},"inLanguage":"de","potentialAction":[{"@type":"ReadAction","target":["https:\/\/objektmoebel-mirplay.de\/de\/product\/mia-mini-lift-2-holzschale\/"]}]},{"@type":"ImageObject","inLanguage":"de","@id":"https:\/\/objektmoebel-mirplay.de\/de\/product\/mia-mini-lift-2-holzschale\/#primaryimage","url":"https:\/\/objektmoebel-mirplay.de\/wp-content\/uploads\/2024\/10\/Mia-Mini-Holz.png","contentUrl":"https:\/\/objektmoebel-mirplay.de\/wp-content\/uploads\/2024\/10\/Mia-Mini-Holz.png","width":2481,"height":2481},{"@type":"BreadcrumbList","@id":"https:\/\/objektmoebel-mirplay.de\/de\/product\/mia-mini-lift-2-holzschale\/#breadcrumb","itemListElement":[{"@type":"ListItem","position":1,"name":"Portada","item":"https:\/\/objektmoebel-mirplay.de\/de\/ca\/"},{"@type":"ListItem","position":2,"name":"Shop","item":"https:\/\/objektmoebel-mirplay.de\/en\/?page_id=5781"},{"@type":"ListItem","position":3,"name":"Drehstuhl Mia Mini Lift &#8211; Holzschale"}]},{"@type":"WebSite","@id":"https:\/\/objektmoebel-mirplay.de\/de\/#website","url":"https:\/\/objektmoebel-mirplay.de\/de\/","name":"Mirplay School","description":"Muebles y Equipamiento para Peluquer\u00edas y Barber\u00edas.","publisher":{"@id":"https:\/\/objektmoebel-mirplay.de\/de\/#organization"},"potentialAction":[{"@type":"SearchAction","target":{"@type":"EntryPoint","urlTemplate":"https:\/\/objektmoebel-mirplay.de\/de\/?s={search_term_string}"},"query-input":{"@type":"PropertyValueSpecification","valueRequired":true,"valueName":"search_term_string"}}],"inLanguage":"de"},{"@type":"Organization","@id":"https:\/\/objektmoebel-mirplay.de\/de\/#organization","name":"Mirplay Salon","url":"https:\/\/objektmoebel-mirplay.de\/de\/","logo":{"@type":"ImageObject","inLanguage":"de","@id":"https:\/\/objektmoebel-mirplay.de\/de\/#\/schema\/logo\/image\/","url":"https:\/\/objektmoebel-mirplay.de\/wp-content\/uploads\/2022\/05\/cropped-MIRPLAY.SALONlogoM.17-01-2.jpg","contentUrl":"https:\/\/objektmoebel-mirplay.de\/wp-content\/uploads\/2022\/05\/cropped-MIRPLAY.SALONlogoM.17-01-2.jpg","width":512,"height":512,"caption":"Mirplay Salon"},"image":{"@id":"https:\/\/objektmoebel-mirplay.de\/de\/#\/schema\/logo\/image\/"}}]}},"_links":{"self":[{"href":"https:\/\/objektmoebel-mirplay.de\/de\/wp-json\/wp\/v2\/product\/12498","targetHints":{"allow":["GET"]}}],"collection":[{"href":"https:\/\/objektmoebel-mirplay.de\/de\/wp-json\/wp\/v2\/product"}],"about":[{"href":"https:\/\/objektmoebel-mirplay.de\/de\/wp-json\/wp\/v2\/types\/product"}],"wp:featuredmedia":[{"embeddable":true,"href":"https:\/\/objektmoebel-mirplay.de\/de\/wp-json\/wp\/v2\/media\/13365"}],"wp:attachment":[{"href":"https:\/\/objektmoebel-mirplay.de\/de\/wp-json\/wp\/v2\/media?parent=12498"}],"wp:term":[{"taxonomy":"product_brand","embeddable":true,"href":"https:\/\/objektmoebel-mirplay.de\/de\/wp-json\/wp\/v2\/product_brand?post=12498"},{"taxonomy":"product_cat","embeddable":true,"href":"https:\/\/objektmoebel-mirplay.de\/de\/wp-json\/wp\/v2\/product_cat?post=12498"},{"taxonomy":"product_tag","embeddable":true,"href":"https:\/\/objektmoebel-mirplay.de\/de\/wp-json\/wp\/v2\/product_tag?post=12498"}],"curies":[{"name":"wp","href":"https:\/\/api.w.org\/{rel}","templated":true}]}}